{"id":706948,"date":"2025-08-27T16:01:08","date_gmt":"2025-08-27T13:01:08","guid":{"rendered":"https:\/\/roveyayinevi.com.tr\/index.php\/urun\/kaynastirma-egitiminde-uygulamali-davranis-analizi\/"},"modified":"2026-04-16T02:15:40","modified_gmt":"2026-04-15T23:15:40","slug":"kaynastirma-egitiminde-uygulamali-davranis-analizi","status":"publish","type":"product","link":"https:\/\/roveyayinevi.com.tr\/index.php\/urun\/kaynastirma-egitiminde-uygulamali-davranis-analizi\/","title":{"rendered":"Kayna\u015ft\u0131rma E\u011fitiminde Uygulamal\u0131 Davran\u0131\u015f Analizi"},"content":{"rendered":"<p>De\u011ferli Okuyucular,&#8221;Kayna\u015ft\u0131rma\u201d ya da uygulanmas\u0131 ama\u00e7lanan yeni haliyle &#8220;b\u00fct\u00fcnle\u015ftirme\u201d, e\u011fitim \u00f6\u011fretim \u00e7al\u0131\u015fmalar\u0131 i\u00e7inde (gerek g\u00f6revli olarak gerekse \u00e7ocuklar\u0131n\u0131n e\u011fitimi nedeniyle) yer alan her bir bireyin kar\u015f\u0131la\u015ft\u0131\u011f\u0131 ya da bu s\u00fcrecin bir b\u00f6l\u00fcm\u00fcnde kar\u015f\u0131la\u015faca\u011f\u0131 bir uygulama haline gelmi\u015ftir. \u00d6zel gereksinimli bireylerin e\u011fitiminde zorunlu bir uygulama olan kayna\u015ft\u0131rma uygulamas\u0131 \u00fclkemizde yasalarla desteklenmekte ancak, e\u011fitim ortamlar\u0131nda uygulanmas\u0131na bak\u0131ld\u0131\u011f\u0131nda ve bilimsel ara\u015ft\u0131rma sonu\u00e7lar\u0131 incelendi\u011finde, uygulamada halen sorunlar oldu\u011fu g\u00f6r\u00fclmekte ve bu durum uygulamac\u0131lar ile hizmet alanlar taraf\u0131ndan dile getirilmektedir. &#8220;Uygulamal\u0131 Davran\u0131\u015f Analizi\u201d her e\u011fitimcinin s\u0131n\u0131f\u0131nda uygulad\u0131\u011f\u0131nda, s\u0131n\u0131f\u0131nda belirgin de\u011fi\u015fiklikler oldu\u011funu g\u00f6rece\u011fi ilkeler i\u00e7eren bilimsel dayanakl\u0131 uygulamalar i\u00e7ermektedir. Sadece davran\u0131\u015f de\u011fi\u015ftirme de\u011fil, \u00f6\u011frencilerin okul i\u00e7indeki ve dersler s\u0131ras\u0131ndaki motivasyonlar\u0131n\u0131 artt\u0131rmak i\u00e7in kullan\u0131labilecek uygulamalar\u0131 da i\u00e7ine alan bir disiplin alan\u0131d\u0131r.Hem &#8220;Kayna\u015ft\u0131rma\u201d hem de &#8220;Uygulamal\u0131 Davran\u0131\u015f Analizi\u201d konular\u0131n\u0131 bir araya getiren bu kitapta s\u0131n\u0131f\u0131nda \u00f6zel gereksinimli \u00f6\u011frencisi olan \u00f6\u011fretmenlerin ve olabilecek \u00f6\u011fretmen adaylar\u0131n\u0131n s\u0131n\u0131flar\u0131nda uygulamal\u0131 davran\u0131\u015f analizi ilkelerini nas\u0131l uygulayabileceklerine ili\u015fkin bilgilere yer verilmi\u015ftir. Birinci \u00fcnitede Uygulamal\u0131 Davran\u0131\u015f Analizi\u2019nin ne oldu\u011fu, dayanaklar\u0131, ilkeleri ve kayna\u015ft\u0131rma ortamlar\u0131nda neden gerekli oldu\u011funa ili\u015fkin bilgiler payla\u015f\u0131lm\u0131\u015ft\u0131r. \u0130kinci \u00fcnitede kayna\u015ft\u0131rman\u0131n ne oldu\u011fu, \u00fclkemizdeki yasalardaki yeri ve kayna\u015ft\u0131rmay\u0131 ba\u015far\u0131ya ula\u015ft\u0131ran etmenler ile bu etmenlerin kayna\u015ft\u0131rma uygulamas\u0131ndaki g\u00f6revleri ve \u00f6neminden s\u00f6z edilmi\u015ftir.\u00dc\u00e7\u00fcnc\u00fc \u00fcnitede etkili kayna\u015ft\u0131rma uygulamas\u0131n\u0131n kapsam\u0131, gerek\u00e7eleri, e\u011fitimciler, \u00f6\u011frenciler, aileler ve toplum \u00fczerindeki etkileri ve kayna\u015ft\u0131rma etkili bi\u00e7imde uygulanmad\u0131\u011f\u0131nda ya\u015fanabilecek olumsuzluklardan ve etkililik verimlilik kavramlar\u0131ndan k\u0131saca s\u00f6z edilmi\u015ftir.D\u00f6rd\u00fcnc\u00fc \u00fcnitede uygulamal\u0131 davran\u0131\u015f analizine dayal\u0131 farkl\u0131 geli\u015fim alanlar\u0131n\u0131 de\u011ferlendirme s\u00fcre\u00e7lerine ili\u015fkin a\u00e7\u0131klamalar ve \u00f6rnekler, ama\u00e7 yazma s\u00fcreci ve farkl\u0131 geli\u015fim alanlar\u0131nda kullan\u0131labilecek ama\u00e7 \u00f6rneklerine yer verilmi\u015ftir. Be\u015finci ve alt\u0131nc\u0131 \u00fcnitelerde ise uygulamal\u0131 davran\u0131\u015f analizine dayal\u0131 etkili \u00f6\u011fretim sunma gerek\u00e7eleri ve etkili \u00f6\u011fretim y\u00f6ntemleri a\u00e7\u0131klanm\u0131\u015ft\u0131r. Be\u015finci \u00fcnitede uygun davran\u0131\u015flar\u0131n art\u0131r\u0131lmas\u0131, ipucu t\u00fcrleri ve olumlu ve olumsuz peki\u015ftirme s\u00fcre\u00e7lerine yer verilmi\u015ftir. Alt\u0131nc\u0131 \u00fcnitede ise, Uygulamal\u0131 Davran\u0131\u015f Analizi\u2019ne dayal\u0131 etkili oldu\u011fu ve bilimsel dayana\u011f\u0131 oldu\u011fu kan\u0131tlanm\u0131\u015f s\u0131kl\u0131kla yetersizli\u011fi olan \u00e7ocuklar\u0131n \u00f6\u011fretiminde kullan\u0131lan yanl\u0131\u015fs\u0131z \u00f6\u011fretim y\u00f6ntemleri, ayr\u0131k denemelerle \u00f6\u011fretim, video ile model olma, kendini de\u011ferlendirme, \u015fekil verme, do\u011fal \u00f6\u011fretim y\u00f6ntemleri ve do\u011frudan \u00f6\u011fretime ili\u015fkin k\u0131sa a\u00e7\u0131klamalar ve \u00f6rnekler yer almaktad\u0131r.Yedinci ve son \u00fcnitede de kayna\u015ft\u0131rma ortamlar\u0131nda \u00f6\u011fretimde veri toplaman\u0131n \u00f6nemi, Uygulamal\u0131 Davran\u0131\u015f Analizi ne dayal\u0131 veri toplama t\u00fcrleri, her birindenas\u0131l veri toplanaca\u011f\u0131 ve veri toplama \u00f6rneklerine yer verilmi\u015ftir.\u00d6\u011frencim ve \u00e7ok sevgili i\u015f arkada\u015f\u0131m Serhat Odluyurt taraf\u0131ndan planlanan ve hayata ge\u00e7irilen ve okuyucu dostu olarak haz\u0131rlanan bu kitab\u0131n hem alanda \u00e7al\u0131\u015fan ve \u00f6zel gereksinimli \u00f6\u011frencisi olan \u00f6\u011fretmenlerimize hem de alanda \u00e7al\u0131\u015fmak i\u00e7in haz\u0131rlanan \u00f6\u011fretmen adaylar\u0131m\u0131za son derece yararl\u0131 bilgiler aktaraca\u011f\u0131n\u0131 d\u00fc\u015f\u00fcnmekteyim. Kitaba eme\u011fi ge\u00e7en yazarlar\u0131n ve sevgili Serhat\u2019\u0131n ellerine sa\u011fl\u0131k\u2026Prof. Dr. E. Sema BATU <\/p>\n","protected":false},"excerpt":{"rendered":"<p>De\u011ferli Okuyucular,&#8221;Kayna\u015ft\u0131rma\u201d ya da uygulanmas\u0131 ama\u00e7lanan yeni haliyle &#8220;b\u00fct\u00fcnle\u015ftirme\u201d, e\u011fitim \u00f6\u011fretim \u00e7al\u0131\u015fmalar\u0131 i\u00e7inde (gerek g\u00f6revli olarak gerekse \u00e7ocuklar\u0131n\u0131n e\u011fitimi nedeniyle) yer alan her bir bireyin kar\u015f\u0131la\u015ft\u0131\u011f\u0131<span class=\"excerpt-hellip\"> [\u2026]<\/span><\/p>\n","protected":false},"featured_media":0,"template":"","meta":{"_monsterinsights_skip_tracking":false,"_monsterinsights_sitenote_active":false,"_monsterinsights_sitenote_note":"","_monsterinsights_sitenote_category":0},"product_brand":[],"product_cat":[12312,12304],"product_tag":[],"class_list":{"0":"post-706948","1":"product","2":"type-product","3":"status-publish","5":"product_cat-diger","6":"product_cat-tarih","7":"pa_cilt-ciltsiz","8":"pa_tur-kitap","9":"pa_yayinevi-egiten-kitap","10":"pa_yazar-kolektif","12":"first","13":"instock","14":"sale","15":"shipping-taxable","16":"purchasable","17":"product-type-simple"},"_links":{"self":[{"href":"https:\/\/roveyayinevi.com.tr\/index.php\/wp-json\/wp\/v2\/product\/706948","targetHints":{"allow":["GET"]}}],"collection":[{"href":"https:\/\/roveyayinevi.com.tr\/index.php\/wp-json\/wp\/v2\/product"}],"about":[{"href":"https:\/\/roveyayinevi.com.tr\/index.php\/wp-json\/wp\/v2\/types\/product"}],"wp:attachment":[{"href":"https:\/\/roveyayinevi.com.tr\/index.php\/wp-json\/wp\/v2\/media?parent=706948"}],"wp:term":[{"taxonomy":"product_brand","embeddable":true,"href":"https:\/\/roveyayinevi.com.tr\/index.php\/wp-json\/wp\/v2\/product_brand?post=706948"},{"taxonomy":"product_cat","embeddable":true,"href":"https:\/\/roveyayinevi.com.tr\/index.php\/wp-json\/wp\/v2\/product_cat?post=706948"},{"taxonomy":"product_tag","embeddable":true,"href":"https:\/\/roveyayinevi.com.tr\/index.php\/wp-json\/wp\/v2\/product_tag?post=706948"}],"curies":[{"name":"wp","href":"https:\/\/api.w.org\/{rel}","templated":true}]}}