{"id":706946,"date":"2025-08-27T16:01:07","date_gmt":"2025-08-27T13:01:07","guid":{"rendered":"https:\/\/roveyayinevi.com.tr\/index.php\/urun\/erken-cocukluk-doneminde-dogal-ortamlarda-ogretim\/"},"modified":"2026-04-16T02:15:40","modified_gmt":"2026-04-15T23:15:40","slug":"erken-cocukluk-doneminde-dogal-ortamlarda-ogretim","status":"publish","type":"product","link":"https:\/\/roveyayinevi.com.tr\/index.php\/urun\/erken-cocukluk-doneminde-dogal-ortamlarda-ogretim\/","title":{"rendered":"Erken \u00c7ocukluk D\u00f6neminde Do\u011fal Ortamlarda \u00d6\u011fretim"},"content":{"rendered":"<p>Elinizdeki bu kitap, normal geli\u015fim g\u00f6steren, geli\u015fimsel gerili\u011fi olan ya da geli\u015fimsel a\u00e7\u0131dan risk alt\u0131nda olan okul\u00f6ncesi \u00e7ocuklara y\u00f6nelik \u00f6\u011fretim tekniklerini i\u00e7ermektedir. Kitab\u0131n amac\u0131, ebeveynlere ya da bu \u00e7ocuklar ile \u00e7al\u0131\u015fan uzmanlara (\u00f6rn., \u00e7ocuk geli\u015fimci, psikolog, \u00f6zel e\u011fitimci, okul\u00f6ncesi \u00f6\u011fretmeni gibi) g\u00fcnl\u00fck do\u011fal ya\u015fam i\u00e7erisinde yer alan rutinler s\u0131ras\u0131nda \u00e7ocuklara nas\u0131l \u00f6\u011fretim sunulabilece\u011fi hakk\u0131nda bilgiler sunmaktad\u0131r. Kitap, ilgili alan yaz\u0131ndaki etkili t\u00fcm \u00f6\u011fretim y\u00f6ntemlerini kapsamamakla birlikte, kitaptaki \u00f6\u011fretim y\u00f6ntemlerinin etkilili\u011fi bilimsel \u00e7al\u0131\u015fmalarla kan\u0131tlanm\u0131\u015ft\u0131r. \u0130kinci bask\u0131s\u0131 olan bu kitapta \u00f6\u011fretim teknikleri ya da stratejilere ili\u015fkin a\u00e7\u0131klamalar geni\u015fletilmi\u015f, resimlerle zenginle\u015ftirilmi\u015ftir. \ufffcTan\u0131t\u0131m Metni<\/p>\n","protected":false},"excerpt":{"rendered":"<p>Elinizdeki bu kitap, normal geli\u015fim g\u00f6steren, geli\u015fimsel gerili\u011fi olan ya da geli\u015fimsel a\u00e7\u0131dan risk alt\u0131nda olan okul\u00f6ncesi \u00e7ocuklara y\u00f6nelik \u00f6\u011fretim tekniklerini i\u00e7ermektedir. Kitab\u0131n amac\u0131, ebeveynlere ya<span class=\"excerpt-hellip\"> [\u2026]<\/span><\/p>\n","protected":false},"featured_media":0,"template":"","meta":{"_monsterinsights_skip_tracking":false,"_monsterinsights_sitenote_active":false,"_monsterinsights_sitenote_note":"","_monsterinsights_sitenote_category":0},"product_brand":[],"product_cat":[12312,12304],"product_tag":[],"class_list":{"0":"post-706946","1":"product","2":"type-product","3":"status-publish","5":"product_cat-diger","6":"product_cat-tarih","7":"pa_cilt-ciltsiz","8":"pa_tur-kitap","9":"pa_yayinevi-egiten-kitap","10":"pa_yazar-ibrahim-h-diken","12":"first","13":"instock","14":"sale","15":"shipping-taxable","16":"purchasable","17":"product-type-simple"},"_links":{"self":[{"href":"https:\/\/roveyayinevi.com.tr\/index.php\/wp-json\/wp\/v2\/product\/706946","targetHints":{"allow":["GET"]}}],"collection":[{"href":"https:\/\/roveyayinevi.com.tr\/index.php\/wp-json\/wp\/v2\/product"}],"about":[{"href":"https:\/\/roveyayinevi.com.tr\/index.php\/wp-json\/wp\/v2\/types\/product"}],"wp:attachment":[{"href":"https:\/\/roveyayinevi.com.tr\/index.php\/wp-json\/wp\/v2\/media?parent=706946"}],"wp:term":[{"taxonomy":"product_brand","embeddable":true,"href":"https:\/\/roveyayinevi.com.tr\/index.php\/wp-json\/wp\/v2\/product_brand?post=706946"},{"taxonomy":"product_cat","embeddable":true,"href":"https:\/\/roveyayinevi.com.tr\/index.php\/wp-json\/wp\/v2\/product_cat?post=706946"},{"taxonomy":"product_tag","embeddable":true,"href":"https:\/\/roveyayinevi.com.tr\/index.php\/wp-json\/wp\/v2\/product_tag?post=706946"}],"curies":[{"name":"wp","href":"https:\/\/api.w.org\/{rel}","templated":true}]}}