{"id":706944,"date":"2025-08-27T16:01:06","date_gmt":"2025-08-27T13:01:06","guid":{"rendered":"https:\/\/roveyayinevi.com.tr\/index.php\/urun\/ogretmenler-uzmanlar-aileler-icin-bireysellestirilmis-egitim-programi\/"},"modified":"2026-04-16T02:15:40","modified_gmt":"2026-04-15T23:15:40","slug":"ogretmenler-uzmanlar-aileler-icin-bireysellestirilmis-egitim-programi","status":"publish","type":"product","link":"https:\/\/roveyayinevi.com.tr\/index.php\/urun\/ogretmenler-uzmanlar-aileler-icin-bireysellestirilmis-egitim-programi\/","title":{"rendered":"\u00d6\u011fretmenler, Uzmanlar, Aileler \u0130\u00e7in Bireyselle\u015ftirilmi\u015f E\u011fitim Program\u0131"},"content":{"rendered":"<p>Bu kitab\u0131n amac\u0131; ge\u00e7mi\u015ften g\u00fcn\u00fcm\u00fcze kadar \u00e7e\u015fitli yasa ve y\u00f6netmeliklerle \u00f6zel gereksinimli \u00f6\u011frencilerin e\u011fitiminde haz\u0131rlanmas\u0131 zorunlu h\u00e2le gelmi\u015f Bireysel E\u011fitim Program\u0131n\u0131 (BEP) ayr\u0131nt\u0131l\u0131 bir \u015fekilde payla\u015fmakt\u0131r. Ayr\u0131ca bu payla\u015f\u0131m\u0131n amac\u0131, ba\u015fta \u00f6zel e\u011fitimciler olmak \u00fczere \u00f6zel gereksinimli \u00f6\u011frencilerle ilgili olan her \u00f6\u011fretim kademesindeki \u00f6\u011fretmen ve uzmanlara yol g\u00f6stermektir. Bu do\u011frultuda; bir BEP\u2019in haz\u0131rlanmas\u0131ndan, uygulanmas\u0131na ve uygulamadan da de\u011ferlendirilmesine kadar gerekli olan ilke ve uygulamalara \u00e7ok farkl\u0131 t\u00fcrden \u00f6rneklerle yer verilerek detayl\u0131 bi\u00e7imde a\u00e7\u0131k ve anla\u015f\u0131l\u0131r bir kitap ortaya \u00e7\u0131kar\u0131lm\u0131\u015ft\u0131r.<\/p>\n","protected":false},"excerpt":{"rendered":"<p>Bu kitab\u0131n amac\u0131; ge\u00e7mi\u015ften g\u00fcn\u00fcm\u00fcze kadar \u00e7e\u015fitli yasa ve y\u00f6netmeliklerle \u00f6zel gereksinimli \u00f6\u011frencilerin e\u011fitiminde haz\u0131rlanmas\u0131 zorunlu h\u00e2le gelmi\u015f Bireysel E\u011fitim Program\u0131n\u0131 (BEP) ayr\u0131nt\u0131l\u0131 bir \u015fekilde payla\u015fmakt\u0131r.<span class=\"excerpt-hellip\"> [\u2026]<\/span><\/p>\n","protected":false},"featured_media":0,"template":"","meta":{"_monsterinsights_skip_tracking":false,"_monsterinsights_sitenote_active":false,"_monsterinsights_sitenote_note":"","_monsterinsights_sitenote_category":0},"product_brand":[],"product_cat":[12364],"product_tag":[],"class_list":{"0":"post-706944","1":"product","2":"type-product","3":"status-publish","5":"product_cat-genel-konular","6":"pa_cilt-ciltsiz","7":"pa_tur-kitap","8":"pa_yayinevi-egiten-kitap","9":"pa_yazar-hakan-sari","11":"first","12":"instock","13":"sale","14":"shipping-taxable","15":"purchasable","16":"product-type-simple"},"_links":{"self":[{"href":"https:\/\/roveyayinevi.com.tr\/index.php\/wp-json\/wp\/v2\/product\/706944","targetHints":{"allow":["GET"]}}],"collection":[{"href":"https:\/\/roveyayinevi.com.tr\/index.php\/wp-json\/wp\/v2\/product"}],"about":[{"href":"https:\/\/roveyayinevi.com.tr\/index.php\/wp-json\/wp\/v2\/types\/product"}],"wp:attachment":[{"href":"https:\/\/roveyayinevi.com.tr\/index.php\/wp-json\/wp\/v2\/media?parent=706944"}],"wp:term":[{"taxonomy":"product_brand","embeddable":true,"href":"https:\/\/roveyayinevi.com.tr\/index.php\/wp-json\/wp\/v2\/product_brand?post=706944"},{"taxonomy":"product_cat","embeddable":true,"href":"https:\/\/roveyayinevi.com.tr\/index.php\/wp-json\/wp\/v2\/product_cat?post=706944"},{"taxonomy":"product_tag","embeddable":true,"href":"https:\/\/roveyayinevi.com.tr\/index.php\/wp-json\/wp\/v2\/product_tag?post=706944"}],"curies":[{"name":"wp","href":"https:\/\/api.w.org\/{rel}","templated":true}]}}