{"id":706942,"date":"2025-08-27T16:01:06","date_gmt":"2025-08-27T13:01:06","guid":{"rendered":"https:\/\/roveyayinevi.com.tr\/index.php\/urun\/okul-oncesi-egitimde-materyal-tasarimi\/"},"modified":"2026-04-16T02:15:39","modified_gmt":"2026-04-15T23:15:39","slug":"okul-oncesi-egitimde-materyal-tasarimi","status":"publish","type":"product","link":"https:\/\/roveyayinevi.com.tr\/index.php\/urun\/okul-oncesi-egitimde-materyal-tasarimi\/","title":{"rendered":"Okul \u00d6ncesi E\u011fitimde Materyal Tasar\u0131m\u0131"},"content":{"rendered":"<p>\u0130nsan hayat\u0131n\u0131n en \u00f6nemli b\u00f6l\u00fcm\u00fc olan okul \u00f6ncesi d\u00f6nemde gerek evde gerekse okulda yer alacak zengin bir uyar\u0131c\u0131 \u00e7evrenin yads\u0131nmaz bir \u00f6nemi bulunmaktad\u0131r. Bug\u00fcn art\u0131k kimi e\u011fitim g\u00f6r\u00fc\u015flerince \u00e7ocuklar i\u00e7in farkl\u0131 malzemelerle farkl\u0131 bi\u00e7imlerde d\u00fczenlemi\u015f bir \u00e7evrenin b\u00fcy\u00fck \u00f6nemi hatta ikinci \u00f6\u011fretmen oldu\u011funu kabul ettikleri g\u00f6zlenmektedir.Elinizdeki bu kitab\u0131n amac\u0131; \u00f6ncelikle alanda \u00e7al\u0131\u015fan akademisyenler ve uzmanlar olmak \u00fczere \u00f6\u011fretmenlere, \u00f6\u011fretmen adaylar\u0131na, \u00f6\u011frencilere e\u011fitici oyuncak ve oyun materyalleri geli\u015ftirme ile ilgili teorik bilgilerin yan\u0131nda; her ya\u015f d\u00fczeyine uygun farkl\u0131 e\u011fitim ortamlar\u0131 haz\u0131rlamalar\u0131nda kullanabilecekleri ve tasarlayabilecekleri materyal ve oyuncak \u00f6rnekleri sunmakt\u0131r.\u00dclkemizde materyal geli\u015ftirmeye y\u00f6nelik de\u011fi\u015fik yay\u0131nlar\u0131n g\u00f6zlenmesi memnuniyet verici olmakla birlikte bu konuda hem teorik hem pratik \u00f6rneklerin bulundu\u011fu kaynaklar da s\u0131n\u0131rl\u0131d\u0131r. Bu nedenle bizler burada m\u00fcmk\u00fcn oldu\u011funca ayn\u0131 \u015feylerin tekrarlanmad\u0131\u011f\u0131, yeni ve g\u00fcncel bilgi ve \u00f6rneklerin yer ald\u0131\u011f\u0131 bir yay\u0131n haz\u0131rlanmaya \u00e7al\u0131\u015farak ; e\u011fitici oyuncak ve oyun materyalleri haz\u0131rlanma konusunda daha akademik bir tutumla e\u011fitimcilerin daha bilin\u00e7li, daha bilgili ve profesyonel davran\u0131\u015f sergilemelerini istedik. <\/p>\n","protected":false},"excerpt":{"rendered":"<p>\u0130nsan hayat\u0131n\u0131n en \u00f6nemli b\u00f6l\u00fcm\u00fc olan okul \u00f6ncesi d\u00f6nemde gerek evde gerekse okulda yer alacak zengin bir uyar\u0131c\u0131 \u00e7evrenin yads\u0131nmaz bir \u00f6nemi bulunmaktad\u0131r. Bug\u00fcn art\u0131k kimi<span class=\"excerpt-hellip\"> [\u2026]<\/span><\/p>\n","protected":false},"featured_media":0,"template":"","meta":{"_monsterinsights_skip_tracking":false,"_monsterinsights_sitenote_active":false,"_monsterinsights_sitenote_note":"","_monsterinsights_sitenote_category":0},"product_brand":[],"product_cat":[12913,12274],"product_tag":[],"class_list":{"0":"post-706942","1":"product","2":"type-product","3":"status-publish","5":"product_cat-3-6-yas-kitaplari","6":"product_cat-cocuk-ve-genclik-kitaplari","7":"pa_cilt-ciltsiz","8":"pa_tur-kitap","9":"pa_yayinevi-egiten-kitap","10":"pa_yazar-emine-yilmaz","12":"first","13":"instock","14":"sale","15":"shipping-taxable","16":"purchasable","17":"product-type-simple"},"_links":{"self":[{"href":"https:\/\/roveyayinevi.com.tr\/index.php\/wp-json\/wp\/v2\/product\/706942","targetHints":{"allow":["GET"]}}],"collection":[{"href":"https:\/\/roveyayinevi.com.tr\/index.php\/wp-json\/wp\/v2\/product"}],"about":[{"href":"https:\/\/roveyayinevi.com.tr\/index.php\/wp-json\/wp\/v2\/types\/product"}],"wp:attachment":[{"href":"https:\/\/roveyayinevi.com.tr\/index.php\/wp-json\/wp\/v2\/media?parent=706942"}],"wp:term":[{"taxonomy":"product_brand","embeddable":true,"href":"https:\/\/roveyayinevi.com.tr\/index.php\/wp-json\/wp\/v2\/product_brand?post=706942"},{"taxonomy":"product_cat","embeddable":true,"href":"https:\/\/roveyayinevi.com.tr\/index.php\/wp-json\/wp\/v2\/product_cat?post=706942"},{"taxonomy":"product_tag","embeddable":true,"href":"https:\/\/roveyayinevi.com.tr\/index.php\/wp-json\/wp\/v2\/product_tag?post=706942"}],"curies":[{"name":"wp","href":"https:\/\/api.w.org\/{rel}","templated":true}]}}