{"id":706940,"date":"2025-08-27T16:01:05","date_gmt":"2025-08-27T13:01:05","guid":{"rendered":"https:\/\/roveyayinevi.com.tr\/index.php\/urun\/erken-cocukluk-doneminde-gelisim\/"},"modified":"2026-04-16T02:15:39","modified_gmt":"2026-04-15T23:15:39","slug":"erken-cocukluk-doneminde-gelisim","status":"publish","type":"product","link":"https:\/\/roveyayinevi.com.tr\/index.php\/urun\/erken-cocukluk-doneminde-gelisim\/","title":{"rendered":"Erken \u00c7ocukluk D\u00f6neminde Geli\u015fim"},"content":{"rendered":"<p>Geli\u015fim ya\u015fam boyu devam eden bir s\u00fcre\u00e7tir ve geli\u015fimde kritik d\u00f6nemler vard\u0131r. Erken \u00e7ocukluk y\u0131llar\u0131 geli\u015fim alanlar\u0131 a\u00e7\u0131s\u0131ndan kritik d\u00f6nemlerle doludur. Bu y\u00fczdendir ki, erken \u00e7ocukluk d\u00f6nemi \u00f6nemle \u00fczerinde durulmas\u0131n\u0131 gereken bir zaman dilimini i\u00e7ermektedir. Bu d\u00f6nemlerdeki geli\u015fim ileriki y\u0131llar\u0131n ba\u015far\u0131s\u0131n\u0131 ve ya\u015fant\u0131s\u0131n\u0131 \u00f6nemli \u00f6l\u00e7\u00fcde etkileyece\u011finden e\u011fitimcilerin, anne babalar\u0131n, \u00f6\u011fretmen adaylar\u0131n\u0131n ve yeti\u015fkinlerin bu konuda bilgi sahibi olmas\u0131 \u00f6nemlidir.Erken \u00e7ocukluk d\u00f6neminde geli\u015fim, alanlara g\u00f6re ve d\u00f6nemler \u015feklinde incelenmektedir. Geli\u015fim bili\u015fsel, dil, fiziksel, motor, ki\u015filik, sosyal, duygusal, ahlak ve cinsel geli\u015fim alanlar\u0131n\u0131 kapsamaktad\u0131r. Geli\u015fim alanlar\u0131 da geli\u015fim d\u00f6nemlerine ayr\u0131l\u0131r. Geli\u015fim D\u00f6nemleri i\u00e7erisinde do\u011fum \u00f6ncesi geli\u015fim, bebeklik d\u00f6nemi ve ilk \u00e7ocukluk d\u00f6nemleri erken \u00e7ocukluk d\u00f6nemi i\u00e7inde yer al\u0131r. Erken \u00e7ocukluk d\u00f6nemi sekiz ya\u015fa kadar olan zaman\u0131 kapsar. Orta \u00e7ocukluk d\u00f6nemine ge\u00e7i\u015f s\u00fcreci de erken \u00e7ocukluk d\u00f6nemi i\u00e7inde ya\u015fan\u0131r. Bu ge\u00e7i\u015fin daha uyumlu bir atmosfer i\u00e7inde ger\u00e7ekle\u015fmesi bu d\u00f6nemlerin \u00f6zelliklerinin iyi tan\u0131nmas\u0131yla ger\u00e7ekle\u015fecektir. Erken \u00e7ocukluk d\u00f6nemi i\u00e7inde okul \u00f6ncesi d\u00f6nem \u00e7ok \u00f6nemli geli\u015fimlerin ya\u015fand\u0131\u011f\u0131 bir zaman dilimi oldu\u011fu i\u00e7in okul \u00f6ncesi \u00f6\u011fretmenlerin bu konuda yeterli bilgiye sahip olmalar\u0131 ve alanda iyi yeti\u015ftirilmi\u015f olmalar\u0131 gerekir. Bu a\u00e7\u0131dan bu kitap alanda \u00f6nemli bir katk\u0131 sa\u011flayaca\u011f\u0131 d\u00fc\u015f\u00fcn\u00fclmektedir.Erken \u00e7ocuklukta geli\u015fim kitab\u0131, geli\u015fim alanlar\u0131na g\u00f6re haz\u0131rlanm\u0131\u015f ve i\u00e7eri\u011finde dokuz b\u00f6l\u00fcm bulunmaktad\u0131r. Bu b\u00f6l\u00fcmlerde, geli\u015fim alan\u0131 t\u00fcm boyutlar\u0131yla ve geli\u015fim kuramc\u0131lar\u0131n\u0131n g\u00f6r\u00fc\u015fleriyle ayr\u0131nt\u0131l\u0131 bir bi\u00e7imde ele al\u0131nm\u0131\u015ft\u0131r. <\/p>\n","protected":false},"excerpt":{"rendered":"<p>Geli\u015fim ya\u015fam boyu devam eden bir s\u00fcre\u00e7tir ve geli\u015fimde kritik d\u00f6nemler vard\u0131r. Erken \u00e7ocukluk y\u0131llar\u0131 geli\u015fim alanlar\u0131 a\u00e7\u0131s\u0131ndan kritik d\u00f6nemlerle doludur. Bu y\u00fczdendir ki, erken \u00e7ocukluk<span class=\"excerpt-hellip\"> [\u2026]<\/span><\/p>\n","protected":false},"featured_media":0,"template":"","meta":{"_monsterinsights_skip_tracking":false,"_monsterinsights_sitenote_active":false,"_monsterinsights_sitenote_note":"","_monsterinsights_sitenote_category":0},"product_brand":[],"product_cat":[12831,12324],"product_tag":[],"class_list":{"0":"post-706940","1":"product","2":"type-product","3":"status-publish","5":"product_cat-aile-ve-cocuk","6":"product_cat-sosyoloji","7":"pa_cilt-ciltsiz","8":"pa_tur-kitap","9":"pa_yayinevi-egiten-kitap","10":"pa_yazar-mehmet-kanak","12":"first","13":"instock","14":"sale","15":"shipping-taxable","16":"purchasable","17":"product-type-simple"},"_links":{"self":[{"href":"https:\/\/roveyayinevi.com.tr\/index.php\/wp-json\/wp\/v2\/product\/706940","targetHints":{"allow":["GET"]}}],"collection":[{"href":"https:\/\/roveyayinevi.com.tr\/index.php\/wp-json\/wp\/v2\/product"}],"about":[{"href":"https:\/\/roveyayinevi.com.tr\/index.php\/wp-json\/wp\/v2\/types\/product"}],"wp:attachment":[{"href":"https:\/\/roveyayinevi.com.tr\/index.php\/wp-json\/wp\/v2\/media?parent=706940"}],"wp:term":[{"taxonomy":"product_brand","embeddable":true,"href":"https:\/\/roveyayinevi.com.tr\/index.php\/wp-json\/wp\/v2\/product_brand?post=706940"},{"taxonomy":"product_cat","embeddable":true,"href":"https:\/\/roveyayinevi.com.tr\/index.php\/wp-json\/wp\/v2\/product_cat?post=706940"},{"taxonomy":"product_tag","embeddable":true,"href":"https:\/\/roveyayinevi.com.tr\/index.php\/wp-json\/wp\/v2\/product_tag?post=706940"}],"curies":[{"name":"wp","href":"https:\/\/api.w.org\/{rel}","templated":true}]}}