{"id":706937,"date":"2025-08-27T16:01:04","date_gmt":"2025-08-27T13:01:04","guid":{"rendered":"https:\/\/roveyayinevi.com.tr\/index.php\/urun\/bebeklik-ve-ilk-cocukluk-doneminde-0-36-ay-gelisim\/"},"modified":"2026-04-16T02:15:39","modified_gmt":"2026-04-15T23:15:39","slug":"bebeklik-ve-ilk-cocukluk-doneminde-0-36-ay-gelisim","status":"publish","type":"product","link":"https:\/\/roveyayinevi.com.tr\/index.php\/urun\/bebeklik-ve-ilk-cocukluk-doneminde-0-36-ay-gelisim\/","title":{"rendered":"Bebeklik ve \u0130lk \u00c7ocukluk D\u00f6neminde (0-36 AY) Geli\u015fim"},"content":{"rendered":"<p>O\u011flum Baran Yi\u011fit ve k\u0131z\u0131m Ya\u011fmur her zaman kendimi \u00e7ok \u015fansl\u0131 hissetmemi sa\u011flam\u0131\u015ft\u0131r. \u0130ki \u00e7ocu\u011fumun geli\u015fimi, derslerimin her zaman birincil \u00f6rneklerini olu\u015fturmaktad\u0131r. \u00c7ocuklar\u0131m\u0131n d\u0131\u015f\u0131nda, on dokuz ayl\u0131k iken otizm spektrum bozuklu\u011fu tan\u0131s\u0131 alan ve \u015fu anda on yedi ya\u015f\u0131nda olan ye\u011fenim Berk de derslerimin \u00f6nemli \u00f6rne\u011fini te\u015fkil etmektedir. Hem \u00e7ocuklar\u0131m\u0131n hem de ye\u011fenimin 0-3 ya\u015f aral\u0131\u011f\u0131ndaki geli\u015fimleri, bu ya\u015f aral\u0131\u011f\u0131nda \u00e7ocuklar\u0131n geli\u015fiminin desteklenmesi gerekti\u011fini savunmam\u0131 sa\u011flam\u0131\u015ft\u0131r. K\u0131z karde\u015fimin &#8220;O\u011flum otistik galiba\u2026\u201d dedi\u011fi g\u00fcn\u00fc hi\u00e7 unutmuyor ve bir annenin \u00e7ocu\u011fun geli\u015fimi konusundaki fark\u0131ndal\u0131\u011f\u0131n\u0131n gereklili\u011fine inan\u0131yorum. Ye\u011fenimin ilk \u00fc\u00e7 y\u0131l i\u00e7inde fark edilip tan\u0131 almas\u0131 ve annesinin onu desteklemesi \u015fu anda meslek lisesi ikinci s\u0131n\u0131fta a\u015f\u00e7\u0131l\u0131k b\u00f6l\u00fcm\u00fc okumas\u0131n\u0131 sa\u011flam\u0131\u015ft\u0131r. Bu nedenle bu kitab\u0131 bebeklik ve ilk \u00e7ocukluk d\u00f6nemi \u00e7ocuklar\u0131, ebeveynleri ve e\u011fitimcileri ad\u0131na \u00e7ok \u00f6nemli g\u00f6r\u00fcyorum. Ebeveynlerin ve e\u011fitimcilerin bu d\u00f6nem \u00e7ocuklar\u0131n\u0131n geli\u015fim \u00f6zelliklerini bilerek geli\u015fimsel olarak desteklemeleri \u00f6nemlidir. Bu d\u00fc\u015f\u00fcnce ile kitab\u0131n birinci k\u0131sm\u0131nda beyin ve sinir geli\u015fimi, bebeklik ve ilk \u00e7ocukluk d\u00f6neminde olan tipik ve atipik geli\u015fim g\u00f6steren \u00e7ocuklar\u0131n geli\u015fim \u00f6zellikleri, geli\u015fimsel de\u011ferlendirme ve izlem ile erken m\u00fcdahale programlar\u0131na yer verilmi\u015ftir.O\u011flumun okudu\u011fu bir kitab\u0131 ikinci kez okudu\u011funda o sayfaya ili\u015fkin t\u00fcm ayr\u0131nt\u0131lar\u0131 hat\u0131rlamas\u0131, k\u0131z\u0131m\u0131n g\u00f6rd\u00fc\u011f\u00fc \u00f6r\u00fcnt\u00fcn\u00fcn ayn\u0131s\u0131n\u0131 yapmas\u0131 ve ye\u011fenimin dinledi\u011fi m\u00fczi\u011fin ritmlerini sonradan tekrarlamas\u0131 gibi davran\u0131\u015flar\u0131 \u00f6\u011frenme ortamlar\u0131n\u0131n duyulara hitap etmesinin \u00f6nemli oldu\u011funu g\u00f6steren ipu\u00e7lar\u0131d\u0131r. \u00c7ocuklar duyular\u0131yla \u00f6\u011frenmekte ve geli\u015fmektedir. Bu nedenle bebeklik ve ilk \u00e7ocukluk d\u00f6neminde somut \u00f6\u011frenmeyi destekleyen duyular ve duyular\u0131n geli\u015fimi b\u00fcy\u00fck \u00f6nem ta\u015f\u0131r. Bu d\u00fc\u015f\u00fcnce ile kitab\u0131n ikinci k\u0131sm\u0131 duyu geli\u015fimi olup, duyu geli\u015fimi, geli\u015fim kuramlar\u0131 ve e\u011fitim programlar\u0131nda duyu geli\u015fimi, \u00f6zel gereksinimli bebekler ve \u00e7ocuklarda duyu geli\u015fimi, premat\u00fcre bebekler ve duyu geli\u015fimi, duyu destekleyici ortam ve duyu materyalleri, duyusal deneyimler ile bebeklik ve ilk \u00e7ocukluk d\u00f6nemi \u00e7ocuklar\u0131na y\u00f6nelik duyu temelli etkinlikler b\u00f6l\u00fcmlerine yer verilmi\u015ftir.Bebeklik ve ilk \u00e7ocukluk d\u00f6neminde bulunan \u00e7ocuklar\u0131n geli\u015fim ve duyu geli\u015fim s\u00fcre\u00e7lerine de\u011finilen bu kitab\u0131n ebeveynler, \u00e7ocuk geli\u015fimciler ve \u00f6\u011fretmenler arac\u0131l\u0131\u011f\u0131yla t\u00fcm \u00e7ocuklara ula\u015fmas\u0131n\u0131 diliyorum\u2026 <\/p>\n","protected":false},"excerpt":{"rendered":"<p>O\u011flum Baran Yi\u011fit ve k\u0131z\u0131m Ya\u011fmur her zaman kendimi \u00e7ok \u015fansl\u0131 hissetmemi sa\u011flam\u0131\u015ft\u0131r. \u0130ki \u00e7ocu\u011fumun geli\u015fimi, derslerimin her zaman birincil \u00f6rneklerini olu\u015fturmaktad\u0131r. \u00c7ocuklar\u0131m\u0131n d\u0131\u015f\u0131nda, on dokuz<span class=\"excerpt-hellip\"> [\u2026]<\/span><\/p>\n","protected":false},"featured_media":0,"template":"","meta":{"_monsterinsights_skip_tracking":false,"_monsterinsights_sitenote_active":false,"_monsterinsights_sitenote_note":"","_monsterinsights_sitenote_category":0},"product_brand":[],"product_cat":[17996,12364],"product_tag":[],"class_list":{"0":"post-706937","1":"product","2":"type-product","3":"status-publish","5":"product_cat-ebeveyn-kitaplari","6":"product_cat-genel-konular","7":"pa_cilt-ciltsiz","8":"pa_tur-kitap","9":"pa_yayinevi-egiten-kitap","10":"pa_yazar-gulen-baran","12":"first","13":"instock","14":"sale","15":"shipping-taxable","16":"purchasable","17":"product-type-simple"},"_links":{"self":[{"href":"https:\/\/roveyayinevi.com.tr\/index.php\/wp-json\/wp\/v2\/product\/706937","targetHints":{"allow":["GET"]}}],"collection":[{"href":"https:\/\/roveyayinevi.com.tr\/index.php\/wp-json\/wp\/v2\/product"}],"about":[{"href":"https:\/\/roveyayinevi.com.tr\/index.php\/wp-json\/wp\/v2\/types\/product"}],"wp:attachment":[{"href":"https:\/\/roveyayinevi.com.tr\/index.php\/wp-json\/wp\/v2\/media?parent=706937"}],"wp:term":[{"taxonomy":"product_brand","embeddable":true,"href":"https:\/\/roveyayinevi.com.tr\/index.php\/wp-json\/wp\/v2\/product_brand?post=706937"},{"taxonomy":"product_cat","embeddable":true,"href":"https:\/\/roveyayinevi.com.tr\/index.php\/wp-json\/wp\/v2\/product_cat?post=706937"},{"taxonomy":"product_tag","embeddable":true,"href":"https:\/\/roveyayinevi.com.tr\/index.php\/wp-json\/wp\/v2\/product_tag?post=706937"}],"curies":[{"name":"wp","href":"https:\/\/api.w.org\/{rel}","templated":true}]}}