{"id":706936,"date":"2025-08-27T16:01:04","date_gmt":"2025-08-27T13:01:04","guid":{"rendered":"https:\/\/roveyayinevi.com.tr\/index.php\/urun\/cocuk-sagligi-ve-hastaliklari\/"},"modified":"2026-04-16T02:15:39","modified_gmt":"2026-04-15T23:15:39","slug":"cocuk-sagligi-ve-hastaliklari","status":"publish","type":"product","link":"https:\/\/roveyayinevi.com.tr\/index.php\/urun\/cocuk-sagligi-ve-hastaliklari\/","title":{"rendered":"\u00c7ocuk Sa\u011fl\u0131\u011f\u0131 ve Hastal\u0131klar\u0131"},"content":{"rendered":"<p>Bu kitapla; hastal\u0131k etkenleri, 0-6 ya\u015f \u00e7ocuklar\u0131nda s\u0131k g\u00f6r\u00fclen \u015fikayetler ile 0-12 ya\u015f \u00e7ocuklar\u0131nda g\u00f6r\u00fclen hastal\u0131klar ve a\u015f\u0131lar hakk\u0131nda bilgiler edineceksiniz. Edindi\u011finiz bu bilgilerle, kendi ailenize ve yak\u0131n \u00e7evrenizde k\u00fc\u00e7\u00fck \u00e7ocuklar\u0131 olan annelere yard\u0131mc\u0131 olabileceksiniz.Ayr\u0131ca bu \u00e7al\u0131\u015fma, lisans, \u00f6n lisans ve lisans\u00fcst\u00fc e\u011fitim \u00f6\u011frencilerine bir kaynak niteli\u011finde haz\u0131rlanm\u0131\u015fsa da gerek annelerimize gerekse de \u00e7ocuk bak\u0131m\u0131 i\u015fini meslek olarak tercih etmi\u015f ki\u015filerin de daha donan\u0131ml\u0131 olmalar\u0131na yard\u0131mc\u0131 olaca\u011f\u0131 d\u00fc\u015f\u00fcn\u00fclmektedir. <\/p>\n","protected":false},"excerpt":{"rendered":"<p>Bu kitapla; hastal\u0131k etkenleri, 0-6 ya\u015f \u00e7ocuklar\u0131nda s\u0131k g\u00f6r\u00fclen \u015fikayetler ile 0-12 ya\u015f \u00e7ocuklar\u0131nda g\u00f6r\u00fclen hastal\u0131klar ve a\u015f\u0131lar hakk\u0131nda bilgiler edineceksiniz. Edindi\u011finiz bu bilgilerle, kendi ailenize<span class=\"excerpt-hellip\"> [\u2026]<\/span><\/p>\n","protected":false},"featured_media":0,"template":"","meta":{"_monsterinsights_skip_tracking":false,"_monsterinsights_sitenote_active":false,"_monsterinsights_sitenote_note":"","_monsterinsights_sitenote_category":0},"product_brand":[],"product_cat":[17996,12364],"product_tag":[],"class_list":{"0":"post-706936","1":"product","2":"type-product","3":"status-publish","5":"product_cat-ebeveyn-kitaplari","6":"product_cat-genel-konular","7":"pa_cilt-ciltsiz","8":"pa_tur-kitap","9":"pa_yayinevi-egiten-kitap","10":"pa_yazar-ayber-acar","12":"first","13":"instock","14":"sale","15":"shipping-taxable","16":"purchasable","17":"product-type-simple"},"_links":{"self":[{"href":"https:\/\/roveyayinevi.com.tr\/index.php\/wp-json\/wp\/v2\/product\/706936","targetHints":{"allow":["GET"]}}],"collection":[{"href":"https:\/\/roveyayinevi.com.tr\/index.php\/wp-json\/wp\/v2\/product"}],"about":[{"href":"https:\/\/roveyayinevi.com.tr\/index.php\/wp-json\/wp\/v2\/types\/product"}],"wp:attachment":[{"href":"https:\/\/roveyayinevi.com.tr\/index.php\/wp-json\/wp\/v2\/media?parent=706936"}],"wp:term":[{"taxonomy":"product_brand","embeddable":true,"href":"https:\/\/roveyayinevi.com.tr\/index.php\/wp-json\/wp\/v2\/product_brand?post=706936"},{"taxonomy":"product_cat","embeddable":true,"href":"https:\/\/roveyayinevi.com.tr\/index.php\/wp-json\/wp\/v2\/product_cat?post=706936"},{"taxonomy":"product_tag","embeddable":true,"href":"https:\/\/roveyayinevi.com.tr\/index.php\/wp-json\/wp\/v2\/product_tag?post=706936"}],"curies":[{"name":"wp","href":"https:\/\/api.w.org\/{rel}","templated":true}]}}