{"id":706934,"date":"2025-08-27T16:01:03","date_gmt":"2025-08-27T13:01:03","guid":{"rendered":"https:\/\/roveyayinevi.com.tr\/index.php\/urun\/cocuk-ve-cevre\/"},"modified":"2026-04-16T02:15:39","modified_gmt":"2026-04-15T23:15:39","slug":"cocuk-ve-cevre","status":"publish","type":"product","link":"https:\/\/roveyayinevi.com.tr\/index.php\/urun\/cocuk-ve-cevre\/","title":{"rendered":"\u00c7ocuk ve \u00c7evre"},"content":{"rendered":"<p>\u00c7evre sorunlar\u0131n\u0131n gittik\u00e7e artt\u0131\u011f\u0131 g\u00fcn\u00fcm\u00fczde, \u00e7evre e\u011fitimi kavram\u0131 da ayn\u0131 paralelde yayg\u0131nla\u015fm\u0131\u015ft\u0131r. Do\u011fay\u0131 koruma, \u00e7evreyi g\u00fczelle\u015ftirme, geri d\u00f6n\u00fc\u015f\u00fcm\u00fcn yayg\u0131nla\u015fmas\u0131n\u0131n yan\u0131 s\u0131ra \u00e7evre sorunlar\u0131n\u0131 uzun s\u00fcrede ortadan kald\u0131rabilecek etmen, \u00e7evre e\u011fitimidir. Do\u011fdu\u011fu andan itibaren \u00e7evreye kar\u015f\u0131 doymak bilmez bir merak i\u00e7inde olan \u00e7ocuklar\u0131n, merak\u0131n\u0131 \u00e7evre sevgisi ile harmanlayarak gidermek b\u00fcy\u00fck \u00f6nem ta\u015f\u0131maktad\u0131r. Bu ba\u011flamda \u00e7ocuklar, \u00e7evreyi severek, ona sayg\u0131 duyarak korumaya al\u0131\u015facaklard\u0131r. Okul \u00f6ncesi d\u00f6nemdeki \u00e7evre e\u011fitimi, \u00e7ocuklar\u0131n sevgi do\u011frultusunda kurallar\u0131 i\u00e7selle\u015ftirmelerini, \u00f6zdenetimlerini artt\u0131rmalar\u0131n\u0131 destekleyecektir. T\u00fcrkiye\u2019de okul \u00f6ncesi e\u011fitim h\u0131zla geli\u015fmekte ve yayg\u0131nla\u015fmaktad\u0131r. Bu geli\u015fim i\u00e7erisinde \u00e7evre e\u011fitiminin de geli\u015fmesi gereklidir. Bu kitap ile okul \u00f6ncesi d\u00f6nem \u00e7ocuklar\u0131na y\u00f6nelik \u00e7evre e\u011fitimine dikkat \u00e7ekilmeye \u00e7al\u0131\u015f\u0131lm\u0131\u015ft\u0131r. B\u00f6l\u00fcm 1 ve 2\u2019de, \u00e7evre e\u011fitiminin \u00f6nemi ve k\u00fc\u00e7\u00fck \u00e7ocuklarla \u00e7evre e\u011fitiminin gereklili\u011fi vurgulanm\u0131\u015ft\u0131r. \u00dc\u00e7\u00fcnc\u00fc ve 4. b\u00f6l\u00fcmlerde gerek \u00e7evreci okul, gerekse \u00e7evreci okul \u00f6ncesi e\u011fitim s\u0131n\u0131flar\u0131 a\u00e7\u0131s\u0131ndan \u00e7evre e\u011fitiminin yap\u0131 ta\u015flar\u0131 tan\u0131t\u0131lmaya \u00e7al\u0131\u015f\u0131lm\u0131\u015ft\u0131r. Be\u015finci b\u00f6l\u00fcmde, \u00f6\u011fretmenlere ve anne babalara k\u00fc\u00e7\u00fck \u00e7ocuklarla \u00e7evre e\u011fitimi s\u0131ras\u0131nda yap\u0131lmas\u0131 gerekenler hat\u0131rlat\u0131lm\u0131\u015ft\u0131r. B\u00f6l\u00fcm 6\u2019da \u00e7e\u015fitli etkinlik \u00f6rnekleri sunulmu\u015ftur. Son b\u00f6l\u00fcmde ise yeti\u015fkinlere \u00e7evre ile ilgili \u00f6nemli ve ilgin\u00e7 bilgilerden ve konu ile ilgili web adreslerinden \u00f6rnekler verilmi\u015ft\u00fcr. B\u00f6ylece \u00f6\u011fretmenlere, anne-babalara, \u00f6\u011frencilere ve konu ile ilgilenen herkese yararl\u0131 bilgiler sunmak, dolayl\u0131 olarak da T\u00fcrkiye\u2019de okul \u00f6ncesi d\u00f6nemdeki \u00e7evre e\u011fitimi uygulamalar\u0131n\u0131n yayg\u0131nla\u015ft\u0131r\u0131lmas\u0131, desteklenmesi ama\u00e7lanm\u0131\u015ft\u0131r. <\/p>\n","protected":false},"excerpt":{"rendered":"<p>\u00c7evre sorunlar\u0131n\u0131n gittik\u00e7e artt\u0131\u011f\u0131 g\u00fcn\u00fcm\u00fczde, \u00e7evre e\u011fitimi kavram\u0131 da ayn\u0131 paralelde yayg\u0131nla\u015fm\u0131\u015ft\u0131r. Do\u011fay\u0131 koruma, \u00e7evreyi g\u00fczelle\u015ftirme, geri d\u00f6n\u00fc\u015f\u00fcm\u00fcn yayg\u0131nla\u015fmas\u0131n\u0131n yan\u0131 s\u0131ra \u00e7evre sorunlar\u0131n\u0131 uzun s\u00fcrede ortadan<span class=\"excerpt-hellip\"> [\u2026]<\/span><\/p>\n","protected":false},"featured_media":0,"template":"","meta":{"_monsterinsights_skip_tracking":false,"_monsterinsights_sitenote_active":false,"_monsterinsights_sitenote_note":"","_monsterinsights_sitenote_category":0},"product_brand":[],"product_cat":[12274,12523],"product_tag":[],"class_list":{"0":"post-706934","1":"product","2":"type-product","3":"status-publish","5":"product_cat-cocuk-ve-genclik-kitaplari","6":"product_cat-masallar","7":"pa_cilt-ciltsiz","8":"pa_tur-kitap","9":"pa_yayinevi-egiten-kitap","10":"pa_yazar-kolektif","12":"first","13":"instock","14":"sale","15":"shipping-taxable","16":"purchasable","17":"product-type-simple"},"_links":{"self":[{"href":"https:\/\/roveyayinevi.com.tr\/index.php\/wp-json\/wp\/v2\/product\/706934","targetHints":{"allow":["GET"]}}],"collection":[{"href":"https:\/\/roveyayinevi.com.tr\/index.php\/wp-json\/wp\/v2\/product"}],"about":[{"href":"https:\/\/roveyayinevi.com.tr\/index.php\/wp-json\/wp\/v2\/types\/product"}],"wp:attachment":[{"href":"https:\/\/roveyayinevi.com.tr\/index.php\/wp-json\/wp\/v2\/media?parent=706934"}],"wp:term":[{"taxonomy":"product_brand","embeddable":true,"href":"https:\/\/roveyayinevi.com.tr\/index.php\/wp-json\/wp\/v2\/product_brand?post=706934"},{"taxonomy":"product_cat","embeddable":true,"href":"https:\/\/roveyayinevi.com.tr\/index.php\/wp-json\/wp\/v2\/product_cat?post=706934"},{"taxonomy":"product_tag","embeddable":true,"href":"https:\/\/roveyayinevi.com.tr\/index.php\/wp-json\/wp\/v2\/product_tag?post=706934"}],"curies":[{"name":"wp","href":"https:\/\/api.w.org\/{rel}","templated":true}]}}