{"id":706932,"date":"2025-08-27T16:01:02","date_gmt":"2025-08-27T13:01:02","guid":{"rendered":"https:\/\/roveyayinevi.com.tr\/index.php\/urun\/ilk-etkinlik-kitabim-dil-becerileri\/"},"modified":"2026-04-16T02:15:39","modified_gmt":"2026-04-15T23:15:39","slug":"ilk-etkinlik-kitabim-dil-becerileri","status":"publish","type":"product","link":"https:\/\/roveyayinevi.com.tr\/index.php\/urun\/ilk-etkinlik-kitabim-dil-becerileri\/","title":{"rendered":"\u0130lk Etkinlik Kitab\u0131m: Dil Becerileri"},"content":{"rendered":"<p>\u0130lk Etkinlik Kitab\u0131m Dil Becerileri kitab\u0131 ile \u00e7ocuklar\u0131m\u0131z\u0131n dil geli\u015fimine destek olmak ve onlara rehberlik etmek ama\u00e7lanm\u0131\u015ft\u0131r.Dil geli\u015fimi, s\u00f6zc\u00fck da\u011farc\u0131\u011f\u0131, dili do\u011fru kullanma ve ifade etme yetisidir. Dil geli\u015fimi olgunla\u015fmaya ve \u00f6\u011frenmeye ba\u011fl\u0131 olan bir geli\u015fim alan\u0131d\u0131r. Haz\u0131rlanan y\u00f6nergeler, \u00e7ocuklar\u0131n bili\u015fsel, sosyal, duygusal, dil, psikomotor geli\u015fimlerini, \u00f6zellikle k\u00fc\u00e7\u00fck kas becerilerini ve el-g\u00f6z koordinasyonunu desteklemeyi, \u00f6z bak\u0131m becerilerini artt\u0131rmay\u0131 hedeflemektedir.<\/p>\n","protected":false},"excerpt":{"rendered":"<p>\u0130lk Etkinlik Kitab\u0131m Dil Becerileri kitab\u0131 ile \u00e7ocuklar\u0131m\u0131z\u0131n dil geli\u015fimine destek olmak ve onlara rehberlik etmek ama\u00e7lanm\u0131\u015ft\u0131r.Dil geli\u015fimi, s\u00f6zc\u00fck da\u011farc\u0131\u011f\u0131, dili do\u011fru kullanma ve ifade etme<span class=\"excerpt-hellip\"> [\u2026]<\/span><\/p>\n","protected":false},"featured_media":0,"template":"","meta":{"_monsterinsights_skip_tracking":false,"_monsterinsights_sitenote_active":false,"_monsterinsights_sitenote_note":"","_monsterinsights_sitenote_category":0},"product_brand":[],"product_cat":[12364],"product_tag":[],"class_list":{"0":"post-706932","1":"product","2":"type-product","3":"status-publish","5":"product_cat-genel-konular","6":"pa_cilt-ciltsiz","7":"pa_tur-kitap","8":"pa_yayinevi-erdem-yayinlari","9":"pa_yazar-kolektif","11":"first","12":"instock","13":"sale","14":"shipping-taxable","15":"purchasable","16":"product-type-simple"},"_links":{"self":[{"href":"https:\/\/roveyayinevi.com.tr\/index.php\/wp-json\/wp\/v2\/product\/706932","targetHints":{"allow":["GET"]}}],"collection":[{"href":"https:\/\/roveyayinevi.com.tr\/index.php\/wp-json\/wp\/v2\/product"}],"about":[{"href":"https:\/\/roveyayinevi.com.tr\/index.php\/wp-json\/wp\/v2\/types\/product"}],"wp:attachment":[{"href":"https:\/\/roveyayinevi.com.tr\/index.php\/wp-json\/wp\/v2\/media?parent=706932"}],"wp:term":[{"taxonomy":"product_brand","embeddable":true,"href":"https:\/\/roveyayinevi.com.tr\/index.php\/wp-json\/wp\/v2\/product_brand?post=706932"},{"taxonomy":"product_cat","embeddable":true,"href":"https:\/\/roveyayinevi.com.tr\/index.php\/wp-json\/wp\/v2\/product_cat?post=706932"},{"taxonomy":"product_tag","embeddable":true,"href":"https:\/\/roveyayinevi.com.tr\/index.php\/wp-json\/wp\/v2\/product_tag?post=706932"}],"curies":[{"name":"wp","href":"https:\/\/api.w.org\/{rel}","templated":true}]}}