{"id":706929,"date":"2025-08-27T16:01:01","date_gmt":"2025-08-27T13:01:01","guid":{"rendered":"https:\/\/roveyayinevi.com.tr\/index.php\/urun\/tom-sawyer-6\/"},"modified":"2026-04-16T02:15:39","modified_gmt":"2026-04-15T23:15:39","slug":"tom-sawyer-6","status":"publish","type":"product","link":"https:\/\/roveyayinevi.com.tr\/index.php\/urun\/tom-sawyer-6\/","title":{"rendered":"Tom Sawyer"},"content":{"rendered":"<p>&#8216;Tom!&#8217; Yan\u0131t yok. &#8216;Tom!&#8217;. Yan\u0131t yok. &#8216;Ne oldu bu \u00e7ocu\u011fa acaba? Tom neredesin?&#8217; Ya\u015fl\u0131 kad\u0131n, a\u015fa\u011f\u0131 indirdi\u011fi g\u00f6zl\u00fcklerinin \u00fczerinden oday\u0131 \u015f\u00f6yle bir g\u00f6zden ge\u00e7irdi; sonra yukar\u0131 kald\u0131r\u0131p bir de g\u00f6zl\u00fc\u011f\u00fcn\u00fcn alt\u0131ndan oday\u0131 tarad\u0131. (Tan\u0131t\u0131m B\u00fclteninden) \ufffcTan\u0131t\u0131m Metni<\/p>\n","protected":false},"excerpt":{"rendered":"<p>&#8216;Tom!&#8217; Yan\u0131t yok. &#8216;Tom!&#8217;. Yan\u0131t yok. &#8216;Ne oldu bu \u00e7ocu\u011fa acaba? Tom neredesin?&#8217; Ya\u015fl\u0131 kad\u0131n, a\u015fa\u011f\u0131 indirdi\u011fi g\u00f6zl\u00fcklerinin \u00fczerinden oday\u0131 \u015f\u00f6yle bir g\u00f6zden ge\u00e7irdi; sonra yukar\u0131<span class=\"excerpt-hellip\"> [\u2026]<\/span><\/p>\n","protected":false},"featured_media":0,"template":"","meta":{"_monsterinsights_skip_tracking":false,"_monsterinsights_sitenote_active":false,"_monsterinsights_sitenote_note":"","_monsterinsights_sitenote_category":0},"product_brand":[],"product_cat":[12274,12467],"product_tag":[],"class_list":{"0":"post-706929","1":"product","2":"type-product","3":"status-publish","5":"product_cat-cocuk-ve-genclik-kitaplari","6":"product_cat-dunya-klasikleri","7":"pa_cilt-ciltli","8":"pa_tur-kitap","9":"pa_yayinevi-epsilon-yayinlari","10":"pa_yazar-mark-twain","12":"first","13":"instock","14":"sale","15":"shipping-taxable","16":"purchasable","17":"product-type-simple"},"_links":{"self":[{"href":"https:\/\/roveyayinevi.com.tr\/index.php\/wp-json\/wp\/v2\/product\/706929","targetHints":{"allow":["GET"]}}],"collection":[{"href":"https:\/\/roveyayinevi.com.tr\/index.php\/wp-json\/wp\/v2\/product"}],"about":[{"href":"https:\/\/roveyayinevi.com.tr\/index.php\/wp-json\/wp\/v2\/types\/product"}],"wp:attachment":[{"href":"https:\/\/roveyayinevi.com.tr\/index.php\/wp-json\/wp\/v2\/media?parent=706929"}],"wp:term":[{"taxonomy":"product_brand","embeddable":true,"href":"https:\/\/roveyayinevi.com.tr\/index.php\/wp-json\/wp\/v2\/product_brand?post=706929"},{"taxonomy":"product_cat","embeddable":true,"href":"https:\/\/roveyayinevi.com.tr\/index.php\/wp-json\/wp\/v2\/product_cat?post=706929"},{"taxonomy":"product_tag","embeddable":true,"href":"https:\/\/roveyayinevi.com.tr\/index.php\/wp-json\/wp\/v2\/product_tag?post=706929"}],"curies":[{"name":"wp","href":"https:\/\/api.w.org\/{rel}","templated":true}]}}