{"id":706928,"date":"2025-08-27T16:01:00","date_gmt":"2025-08-27T13:01:00","guid":{"rendered":"https:\/\/roveyayinevi.com.tr\/index.php\/urun\/cennetin-kapisinda\/"},"modified":"2026-04-16T02:15:39","modified_gmt":"2026-04-15T23:15:39","slug":"cennetin-kapisinda","status":"publish","type":"product","link":"https:\/\/roveyayinevi.com.tr\/index.php\/urun\/cennetin-kapisinda\/","title":{"rendered":"Cennetin Kap\u0131s\u0131nda"},"content":{"rendered":"<p>Bob Dylan&#8217;\u0131n hi\u00e7bir \u015fark\u0131s\u0131, bir \u00f6ncekini tekrarlamad\u0131. Alb\u00fcmlerinde konu ya da ton b\u00fct\u00fcnl\u00fc\u011f\u00fc olmaks\u0131z\u0131n, bizi \u00e7ekti\u011fi d\u00fcnya kendi d\u00fcnyas\u0131 oldu. Bob Dylan dinledi\u011fimiz zaman, Bob Dylan biz oluyoruz. B\u00fct\u00fcn \u015fark\u0131lar\u0131n birer hikayesi vard\u0131r; Dylan ise \u015fark\u0131lar\u0131n\u0131 hikaye gibi anlatan bir adam. Bu kitapta da hikayelerinin de\u015fifresi var. <\/p>\n","protected":false},"excerpt":{"rendered":"<p>Bob Dylan&#8217;\u0131n hi\u00e7bir \u015fark\u0131s\u0131, bir \u00f6ncekini tekrarlamad\u0131. Alb\u00fcmlerinde konu ya da ton b\u00fct\u00fcnl\u00fc\u011f\u00fc olmaks\u0131z\u0131n, bizi \u00e7ekti\u011fi d\u00fcnya kendi d\u00fcnyas\u0131 oldu. Bob Dylan dinledi\u011fimiz zaman, Bob Dylan<span class=\"excerpt-hellip\"> [\u2026]<\/span><\/p>\n","protected":false},"featured_media":0,"template":"","meta":{"_monsterinsights_skip_tracking":false,"_monsterinsights_sitenote_active":false,"_monsterinsights_sitenote_note":"","_monsterinsights_sitenote_category":0},"product_brand":[],"product_cat":[12274,12649],"product_tag":[],"class_list":{"0":"post-706928","1":"product","2":"type-product","3":"status-publish","5":"product_cat-cocuk-ve-genclik-kitaplari","6":"product_cat-hobi-muzik","7":"pa_cilt-ciltsiz","8":"pa_tur-kitap","9":"pa_yayinevi-destek-yayinlari","10":"pa_yazar-berk-kurucay","12":"first","13":"instock","14":"sale","15":"shipping-taxable","16":"purchasable","17":"product-type-simple"},"_links":{"self":[{"href":"https:\/\/roveyayinevi.com.tr\/index.php\/wp-json\/wp\/v2\/product\/706928","targetHints":{"allow":["GET"]}}],"collection":[{"href":"https:\/\/roveyayinevi.com.tr\/index.php\/wp-json\/wp\/v2\/product"}],"about":[{"href":"https:\/\/roveyayinevi.com.tr\/index.php\/wp-json\/wp\/v2\/types\/product"}],"wp:attachment":[{"href":"https:\/\/roveyayinevi.com.tr\/index.php\/wp-json\/wp\/v2\/media?parent=706928"}],"wp:term":[{"taxonomy":"product_brand","embeddable":true,"href":"https:\/\/roveyayinevi.com.tr\/index.php\/wp-json\/wp\/v2\/product_brand?post=706928"},{"taxonomy":"product_cat","embeddable":true,"href":"https:\/\/roveyayinevi.com.tr\/index.php\/wp-json\/wp\/v2\/product_cat?post=706928"},{"taxonomy":"product_tag","embeddable":true,"href":"https:\/\/roveyayinevi.com.tr\/index.php\/wp-json\/wp\/v2\/product_tag?post=706928"}],"curies":[{"name":"wp","href":"https:\/\/api.w.org\/{rel}","templated":true}]}}