{"id":706927,"date":"2025-08-27T16:01:00","date_gmt":"2025-08-27T13:01:00","guid":{"rendered":"https:\/\/roveyayinevi.com.tr\/index.php\/urun\/masalci\/"},"modified":"2026-04-16T02:15:39","modified_gmt":"2026-04-15T23:15:39","slug":"masalci","status":"publish","type":"product","link":"https:\/\/roveyayinevi.com.tr\/index.php\/urun\/masalci\/","title":{"rendered":"Masalc\u0131"},"content":{"rendered":"<p>Masallar, anlat\u0131ld\u0131k\u00e7a ger\u00e7ek olurlar&#8230;Ger\u00e7eklik nerede ba\u015fl\u0131yor, masal nerede bitiyor belli de\u011fil. Kurguyla hakikatin i\u00e7 i\u00e7e ge\u00e7ti\u011fi, \u015fifrelerle dolu bir labirent Masalc\u0131&#8230;Paganizm ve ezoterik \u00f6\u011fretiler ara\u015ft\u0131rmac\u0131s\u0131 ve yazar\u0131 Erhan Altunay\u2019\u0131n kaleme ald\u0131\u011f\u0131 e\u015fsiz bir tarihi roman.D\u00fcnya sahnesinde y\u00fczlerce y\u0131ld\u0131r oynanan o b\u00fcy\u00fck oyunun en \u00f6nemli par\u00e7as\u0131d\u0131r T\u00fcrkiye&#8230;\u00d6zellikle \u0130stanbul. Hatta Ayasofya&#8230;Y\u00fczlerce y\u0131l \u00f6nce ya\u015fam\u0131\u015f olan bir Masalc\u0131, bug\u00fcn\u00fcn \u0130stanbul\u2019unda Balat semtinde dola\u015f\u0131rken se\u00e7ti\u011fi bir adama anlatt\u0131\u011f\u0131 masalla yakla\u015fmakta olan b\u00fcy\u00fck tehlikenin haberini veriyor.Kutsal Emanetler\u2019in pe\u015finde \u0130stanbul sokaklar\u0131nda \u015f\u00f6valyelere kar\u015f\u0131 ba\u015flayan bu amans\u0131z m\u00fccadelenin sonu ne olacak?Kutsal Emanetler\u2019i Fatih Sultan Mehmet mi saklad\u0131?\u015e\u00f6valyeler T\u00fcrk topraklar\u0131nda h\u00e2l\u00e2 Kutsal Emanetler\u2019i mi ar\u0131yorlar?D\u00fcnyan\u0131n her k\u00f6\u015fesinde patlayan her bombadan ya da s\u0131k\u0131lan her kur\u015fundan \u015f\u00f6valyeler mi sorumlu?Kad\u0131k\u00f6y, \u00dcsk\u00fcdar, \u00c7engelk\u00f6y, Balat, Sultanahmet sokaklar\u0131nda kalabal\u0131\u011f\u0131n i\u00e7ine kar\u0131\u015fm\u0131\u015f y\u00fcr\u00fcyen \u015f\u00f6valyeler kim?Masalc\u0131\u2019n\u0131n anlatt\u0131\u011f\u0131 masal bug\u00fcne \u0131\u015f\u0131k tutmay\u0131 ba\u015farabilecek mi?Yakla\u015fmakta olan b\u00fcy\u00fck tehlikenin \u00f6n\u00fcne ge\u00e7mek m\u00fcmk\u00fcn m\u00fc?Nefes nefese okunacak e\u015fsiz bir tarihsel kurgu, belki de saf ger\u00e7ek&#8230;<\/p>\n","protected":false},"excerpt":{"rendered":"<p>Masallar, anlat\u0131ld\u0131k\u00e7a ger\u00e7ek olurlar&#8230;Ger\u00e7eklik nerede ba\u015fl\u0131yor, masal nerede bitiyor belli de\u011fil. Kurguyla hakikatin i\u00e7 i\u00e7e ge\u00e7ti\u011fi, \u015fifrelerle dolu bir labirent Masalc\u0131&#8230;Paganizm ve ezoterik \u00f6\u011fretiler ara\u015ft\u0131rmac\u0131s\u0131 ve<span class=\"excerpt-hellip\"> [\u2026]<\/span><\/p>\n","protected":false},"featured_media":0,"template":"","meta":{"_monsterinsights_skip_tracking":false,"_monsterinsights_sitenote_active":false,"_monsterinsights_sitenote_note":"","_monsterinsights_sitenote_category":0},"product_brand":[],"product_cat":[13072,12291],"product_tag":[],"class_list":{"0":"post-706927","1":"product","2":"type-product","3":"status-publish","5":"product_cat-arastirma-inceleme-referans","6":"product_cat-edebiyat","7":"pa_cilt-ciltsiz","8":"pa_tur-kitap","9":"pa_yayinevi-destek-yayinlari","10":"pa_yazar-erhan-altunay","12":"first","13":"instock","14":"sale","15":"shipping-taxable","16":"purchasable","17":"product-type-simple"},"_links":{"self":[{"href":"https:\/\/roveyayinevi.com.tr\/index.php\/wp-json\/wp\/v2\/product\/706927","targetHints":{"allow":["GET"]}}],"collection":[{"href":"https:\/\/roveyayinevi.com.tr\/index.php\/wp-json\/wp\/v2\/product"}],"about":[{"href":"https:\/\/roveyayinevi.com.tr\/index.php\/wp-json\/wp\/v2\/types\/product"}],"wp:attachment":[{"href":"https:\/\/roveyayinevi.com.tr\/index.php\/wp-json\/wp\/v2\/media?parent=706927"}],"wp:term":[{"taxonomy":"product_brand","embeddable":true,"href":"https:\/\/roveyayinevi.com.tr\/index.php\/wp-json\/wp\/v2\/product_brand?post=706927"},{"taxonomy":"product_cat","embeddable":true,"href":"https:\/\/roveyayinevi.com.tr\/index.php\/wp-json\/wp\/v2\/product_cat?post=706927"},{"taxonomy":"product_tag","embeddable":true,"href":"https:\/\/roveyayinevi.com.tr\/index.php\/wp-json\/wp\/v2\/product_tag?post=706927"}],"curies":[{"name":"wp","href":"https:\/\/api.w.org\/{rel}","templated":true}]}}