{"id":706921,"date":"2025-08-27T16:00:58","date_gmt":"2025-08-27T13:00:58","guid":{"rendered":"https:\/\/roveyayinevi.com.tr\/index.php\/urun\/gokyuzu-dolu-sapka\/"},"modified":"2026-04-16T02:15:39","modified_gmt":"2026-04-15T23:15:39","slug":"gokyuzu-dolu-sapka","status":"publish","type":"product","link":"https:\/\/roveyayinevi.com.tr\/index.php\/urun\/gokyuzu-dolu-sapka\/","title":{"rendered":"G\u00f6ky\u00fcz\u00fc Dolu \u015eapka"},"content":{"rendered":"<p>\u201cNe zaman insan olaca\u011f\u0131n\u0131 bilmezsen, ne zaman cad\u0131 olaca\u011f\u0131n\u0131 da bilemezsin. Ve yoldan \u00e7\u0131kmaktan korkarsan, hi\u00e7bir yere gidemezsin.\u201dYak\u0131n ge\u00e7mi\u015fte, sonsuzlu\u011fun b\u00fcy\u00fcl\u00fc evrenine u\u011furlad\u0131\u011f\u0131m\u0131z S\u00f6r Terry Pratchett\u2019\u0131n, d\u00fcnya \u00e7ap\u0131nda 85 milyonun \u00fczerinde satan 41 kitapl\u0131k, k\u00fcltle\u015fmi\u015f \u201cDiskD\u00fcnya\u201d dizisinin be\u015f kitaptan olu\u015fan muhte\u015fem ve e\u011flenceli \u201cTiffany S\u0131z\u0131\u201d alt serisinin ikinci kitab\u0131 G\u00f6ky\u00fcz\u00fc Dolu \u015eapka\u2019da, DiskD\u00fcnya\u2019n\u0131n yorgun topraklar\u0131ndaki amans\u0131z hayatta kalma m\u00fccadelesi s\u00fcr\u00fcyor.Daha \u00f6nceki y\u0131llarda iki ayr\u0131 bask\u0131 yapan ve be\u011feniyle okunan G\u00f6ky\u00fcz\u00fc Dolu \u015eapka\u2019n\u0131n, Niran El\u00e7i\u2019nin p\u00fcr\u00fczs\u00fcz T\u00fcrk\u00e7esiyle, Delidolu Yay\u0131nlar\u0131 taraf\u0131ndan yeniden g\u00f6zden ge\u00e7irilen bask\u0131s\u0131nda, yeteneklerini geli\u015ftirmeye \u00e7al\u0131\u015fan gen\u00e7 cad\u0131 Tiffany\u2019yi ele ge\u00e7irip beyninde ya\u015famay\u0131 ama\u00e7layan b\u00fcy\u00fck bir tehlike var. Kadim ve korkun\u00e7 bir \u015fey: Kovan! Pusuda bekleyen Kovan, Tiffany\u2019yi ele ge\u00e7irebilmek i\u00e7in her \u015feyi yapmaya haz\u0131r. Ya Kovan Tiffany\u2019yi ele ge\u00e7irecek, ya da Tiffany, Kovan\u0131 alt edecek. \u00dcstelik bu sefer, her \u015feyle sava\u015fan K\u00fc\u00e7\u00fck \u00d6zg\u00fcr Adamlar bile Tiffany\u2019yi kurtarabilmek i\u00e7in \u00e7aresiz kalabilir\u2026Ak\u0131ll\u0131ca ve kurnazca yaz\u0131lm\u0131\u015f G\u00f6ky\u00fcz\u00fc Dolu \u015eapka\u2019da, Tiffany ve t\u00fcm zamanlar\u0131n en g\u00fcr\u00fclt\u00fcc\u00fc, en sert, en pis kokan ecinnileri K\u00fc\u00e7\u00fck \u00d6zg\u00fcr Adamlar ile birlikte, kuyru\u011fu yerine kafas\u0131 olan bir atla kar\u015f\u0131la\u015fabilir, U\u00e7an Past\u0131rma Karde\u015fler ile yer\u00e7ekimine meydan okuyabilir, horon tepen kat\u0131r Clarence\u2019i g\u00f6rebilir, zihninizi okuyabilen Topsy ile Tipsy ile belle\u011finizi sorgulayabilirsiniz. Tabii Kovan sizi ele ge\u00e7irmeyi ba\u015farmazsa\u2026\u201cKovan bi&#8230; bedensiz bi zihin gibidir ama d\u00fc\u015f\u00fcnemez. Baz\u0131lar\u0131 onun korkudan ba\u015fka bi \u015fey olmad\u0131\u0131n\u0131 s\u00f6\u00f6ler. Hi\u00e7 \u00f6lmez. Ve yapt\u0131\u0131 \u015fey\u2026\u201dDiskD\u00fcnya serisi, hayal g\u00fcc\u00fcn\u00fcn s\u0131n\u0131rlar\u0131n\u0131 zorlayan kurgusunun yan\u0131 s\u0131ra kuantum fizi\u011finden sanayi devrimine, pop\u00fcler k\u00fclt\u00fcr kli\u015felerinden edebiyat ve sinema klasiklerine uzanan de\u011fi\u015fik k\u00fclt\u00fcr unsurlar\u0131na sayg\u0131 duru\u015funda bulunarak ger\u00e7ek d\u00fcnyadaki pek \u00e7ok konuyla dalga ge\u00e7meyi bilen, g\u00f6z kama\u015ft\u0131r\u0131c\u0131 bir edebiyat harikas\u0131\u2026<\/p>\n","protected":false},"excerpt":{"rendered":"<p>\u201cNe zaman insan olaca\u011f\u0131n\u0131 bilmezsen, ne zaman cad\u0131 olaca\u011f\u0131n\u0131 da bilemezsin. Ve yoldan \u00e7\u0131kmaktan korkarsan, hi\u00e7bir yere gidemezsin.\u201dYak\u0131n ge\u00e7mi\u015fte, sonsuzlu\u011fun b\u00fcy\u00fcl\u00fc evrenine u\u011furlad\u0131\u011f\u0131m\u0131z S\u00f6r Terry Pratchett\u2019\u0131n,<span class=\"excerpt-hellip\"> [\u2026]<\/span><\/p>\n","protected":false},"featured_media":0,"template":"","meta":{"_monsterinsights_skip_tracking":false,"_monsterinsights_sitenote_active":false,"_monsterinsights_sitenote_note":"","_monsterinsights_sitenote_category":0},"product_brand":[],"product_cat":[12275,12274],"product_tag":[],"class_list":{"0":"post-706921","1":"product","2":"type-product","3":"status-publish","5":"product_cat-6-12-yas-kitaplari","6":"product_cat-cocuk-ve-genclik-kitaplari","7":"pa_cilt-ciltsiz","8":"pa_tur-kitap","9":"pa_yayinevi-delidolu","10":"pa_yazar-terry-pratchett","12":"first","13":"instock","14":"sale","15":"shipping-taxable","16":"purchasable","17":"product-type-simple"},"_links":{"self":[{"href":"https:\/\/roveyayinevi.com.tr\/index.php\/wp-json\/wp\/v2\/product\/706921","targetHints":{"allow":["GET"]}}],"collection":[{"href":"https:\/\/roveyayinevi.com.tr\/index.php\/wp-json\/wp\/v2\/product"}],"about":[{"href":"https:\/\/roveyayinevi.com.tr\/index.php\/wp-json\/wp\/v2\/types\/product"}],"wp:attachment":[{"href":"https:\/\/roveyayinevi.com.tr\/index.php\/wp-json\/wp\/v2\/media?parent=706921"}],"wp:term":[{"taxonomy":"product_brand","embeddable":true,"href":"https:\/\/roveyayinevi.com.tr\/index.php\/wp-json\/wp\/v2\/product_brand?post=706921"},{"taxonomy":"product_cat","embeddable":true,"href":"https:\/\/roveyayinevi.com.tr\/index.php\/wp-json\/wp\/v2\/product_cat?post=706921"},{"taxonomy":"product_tag","embeddable":true,"href":"https:\/\/roveyayinevi.com.tr\/index.php\/wp-json\/wp\/v2\/product_tag?post=706921"}],"curies":[{"name":"wp","href":"https:\/\/api.w.org\/{rel}","templated":true}]}}