{"id":706920,"date":"2025-08-27T16:00:57","date_gmt":"2025-08-27T13:00:57","guid":{"rendered":"https:\/\/roveyayinevi.com.tr\/index.php\/urun\/ibrahim-mutefferika-oncesi-istanbulda-yahudi-matbuati\/"},"modified":"2026-04-16T02:15:39","modified_gmt":"2026-04-15T23:15:39","slug":"ibrahim-mutefferika-oncesi-istanbulda-yahudi-matbuati","status":"publish","type":"product","link":"https:\/\/roveyayinevi.com.tr\/index.php\/urun\/ibrahim-mutefferika-oncesi-istanbulda-yahudi-matbuati\/","title":{"rendered":"\u0130brahim M\u00fctefferika \u00d6ncesi \u0130stanbulda Yahudi Matbuat\u0131"},"content":{"rendered":"<p>\u0130stanbul&#8217;da ilk matbaa, 1493 y\u0131l\u0131nda Yahudiler taraf\u0131ndan kurulmu\u015ftur. M\u00fcsl\u00fcman tebaaya ait ilk matbaa ise 1727 y\u0131l\u0131nda \u0130brahim M\u00fcteferrika&#8217;n\u0131n \u00f6nc\u00fcl\u00fc\u011f\u00fcnde kurulmu\u015ftur. M\u00fcteferrika matbaas\u0131nda bas\u0131lan ilk kitap, Vankulu L\u00fcgat\u0131&#8217;d\u0131r. Bu eserin bas\u0131m\u0131, 1729 y\u0131l\u0131nda tamamlanm\u0131\u015ft\u0131r. M\u00fcteferrika matbaas\u0131 kurulana kadar Osmanl\u0131&#8217;n\u0131n gayrim\u00fcslim tebaalar\u0131 Yahudi, Ermeni ve Rumlar matbaac\u0131l\u0131k faaliyetleri y\u00fcr\u00fctm\u00fc\u015flerdir.\u0130brahim M\u00fcteferrika \u00f6ncesi yakla\u015f\u0131k iki bu\u00e7uk as\u0131rl\u0131k zaman dilimindeki Yahudi matbuat\u0131yla ilgili neler olup bitti\u011fini ele alan bu eser, k\u00fclt\u00fcr tarihimiz a\u00e7\u0131s\u0131ndan \u00f6nemli bir konuya \u0131\u015f\u0131k tutmay\u0131 ama\u00e7lamaktad\u0131r. \u00dcmidimiz, bu \u00e7al\u0131\u015fman\u0131n, istanbul Yahudileri aras\u0131ndaki ilmi ortam ve kitap k\u00fclt\u00fcr\u00fc hakk\u0131nda okurlara temel bilgiler sa\u011flamas\u0131d\u0131r. Burada listeledi\u011fimiz eserlerin ayr\u0131 ayr\u0131 i\u00e7erik analizlerinin yap\u0131lmas\u0131 ve bas\u0131ld\u0131\u011f\u0131 tarihlerde \u0130stanbul&#8217;daki siyasi, dini ve sosyal geli\u015fmeler \u0131\u015f\u0131\u011f\u0131nda yorumlanmas\u0131, \u015f\u00fcphesiz eserin bas\u0131m \u015fartlar\u0131n\u0131, bas\u0131m gerek\u00e7esini ve ba\u011flam\u0131n\u0131 anlamada \u00e7ok b\u00fcy\u00fck \u00f6nem arz etmektedir. Bu t\u00fcr bir detayl\u0131 analiz, bundan sonraki \u00e7al\u0131\u015fmalar\u0131n konusu olup konuya ilgili duyan akademisyen ve ara\u015ft\u0131rmac\u0131lar\u0131n himmetini beklemektedir.<\/p>\n","protected":false},"excerpt":{"rendered":"<p>\u0130stanbul&#8217;da ilk matbaa, 1493 y\u0131l\u0131nda Yahudiler taraf\u0131ndan kurulmu\u015ftur. M\u00fcsl\u00fcman tebaaya ait ilk matbaa ise 1727 y\u0131l\u0131nda \u0130brahim M\u00fcteferrika&#8217;n\u0131n \u00f6nc\u00fcl\u00fc\u011f\u00fcnde kurulmu\u015ftur. M\u00fcteferrika matbaas\u0131nda bas\u0131lan ilk kitap, Vankulu<span class=\"excerpt-hellip\"> [\u2026]<\/span><\/p>\n","protected":false},"featured_media":0,"template":"","meta":{"_monsterinsights_skip_tracking":false,"_monsterinsights_sitenote_active":false,"_monsterinsights_sitenote_note":"","_monsterinsights_sitenote_category":0},"product_brand":[],"product_cat":[12370,12304],"product_tag":[],"class_list":{"0":"post-706920","1":"product","2":"type-product","3":"status-publish","5":"product_cat-arastirma-inceleme","6":"product_cat-tarih","7":"pa_cilt-ciltsiz","8":"pa_tur-kitap","9":"pa_yayinevi-divan-kitap","10":"pa_yazar-yasin-meral","12":"first","13":"instock","14":"sale","15":"shipping-taxable","16":"purchasable","17":"product-type-simple"},"_links":{"self":[{"href":"https:\/\/roveyayinevi.com.tr\/index.php\/wp-json\/wp\/v2\/product\/706920","targetHints":{"allow":["GET"]}}],"collection":[{"href":"https:\/\/roveyayinevi.com.tr\/index.php\/wp-json\/wp\/v2\/product"}],"about":[{"href":"https:\/\/roveyayinevi.com.tr\/index.php\/wp-json\/wp\/v2\/types\/product"}],"wp:attachment":[{"href":"https:\/\/roveyayinevi.com.tr\/index.php\/wp-json\/wp\/v2\/media?parent=706920"}],"wp:term":[{"taxonomy":"product_brand","embeddable":true,"href":"https:\/\/roveyayinevi.com.tr\/index.php\/wp-json\/wp\/v2\/product_brand?post=706920"},{"taxonomy":"product_cat","embeddable":true,"href":"https:\/\/roveyayinevi.com.tr\/index.php\/wp-json\/wp\/v2\/product_cat?post=706920"},{"taxonomy":"product_tag","embeddable":true,"href":"https:\/\/roveyayinevi.com.tr\/index.php\/wp-json\/wp\/v2\/product_tag?post=706920"}],"curies":[{"name":"wp","href":"https:\/\/api.w.org\/{rel}","templated":true}]}}