{"id":706919,"date":"2025-08-27T16:00:57","date_gmt":"2025-08-27T13:00:57","guid":{"rendered":"https:\/\/roveyayinevi.com.tr\/index.php\/urun\/suryani-dusuncesinde-metafizik\/"},"modified":"2026-04-16T02:15:39","modified_gmt":"2026-04-15T23:15:39","slug":"suryani-dusuncesinde-metafizik","status":"publish","type":"product","link":"https:\/\/roveyayinevi.com.tr\/index.php\/urun\/suryani-dusuncesinde-metafizik\/","title":{"rendered":"S\u00fcryani D\u00fc\u015f\u00fcncesinde Metafizik"},"content":{"rendered":"<p>D\u00fc\u015f\u00fcnce tarihinde S\u00fcry\u00e2n\u00ee d\u00fc\u015f\u00fcncesinin \u00f6nemi, antikitenin \u0130slam d\u00fcnyas\u0131na aktar\u0131lmas\u0131nda oynad\u0131\u011f\u0131 rold\u00fcr. S\u00fcry\u00e2n\u00ee d\u00fc\u015f\u00fcn\u00fcrler bir yandan Antik Yunan d\u00fc\u015f\u00fcncesinin \u00f6nemli eserlerini Arap\u00e7aya \u00e7evirirken, \u00f6te yandan islam filozoflar\u0131 ile teolojik ve felsef\u00ee tart\u0131\u015fmalar i\u00e7ine girmi\u015flerdir. Bu d\u00fc\u015f\u00fcn\u00fcrlerin en \u00f6nemlilerinden biri, Yahya \u0130bn &#8216;Ad\u00ee&#8217;dir. Onu di\u011fer S\u00fcry\u00e2n\u00ee filozoflardan \u00f6nemli k\u0131lan y\u00f6n\u00fc, \u0130slam filozoflar\u0131n\u0131n metafizik sistemlerine alternatif bir sistem kurma te\u015febb\u00fcs\u00fcd\u00fcr. \u0130bn &#8216;Ad\u00ee&#8217;nin bu te\u015febb\u00fcs\u00fcn\u00fc analiz etmek, bize \u0130slam felsefesinin tarihsel seyrini ve metafizik sistemini a\u00e7\u0131klamada yard\u0131mc\u0131 olacakt\u0131r. Bu sebeple onun metafizik g\u00f6r\u00fc\u015flerini ortaya koyarken mutlaka o d\u00f6nemin h\u00e2kim d\u00fc\u015f\u00fcncesi olan \u0130slam felsefesi ile olan ba\u011flar\u0131n\u0131 da ortaya koymak gerekir.Elinizdeki kitap, \u0130bn &#8216;Ad\u00ee \u00f6zelinde S\u00fcry\u00e2n\u00ee d\u00fc\u015f\u00fcncesinin \u0130slam felsefesinin metafizik sistemi ile olan hesapla\u015fmas\u0131n\u0131 analiz etmektedir.<\/p>\n","protected":false},"excerpt":{"rendered":"<p>D\u00fc\u015f\u00fcnce tarihinde S\u00fcry\u00e2n\u00ee d\u00fc\u015f\u00fcncesinin \u00f6nemi, antikitenin \u0130slam d\u00fcnyas\u0131na aktar\u0131lmas\u0131nda oynad\u0131\u011f\u0131 rold\u00fcr. S\u00fcry\u00e2n\u00ee d\u00fc\u015f\u00fcn\u00fcrler bir yandan Antik Yunan d\u00fc\u015f\u00fcncesinin \u00f6nemli eserlerini Arap\u00e7aya \u00e7evirirken, \u00f6te yandan islam filozoflar\u0131<span class=\"excerpt-hellip\"> [\u2026]<\/span><\/p>\n","protected":false},"featured_media":0,"template":"","meta":{"_monsterinsights_skip_tracking":false,"_monsterinsights_sitenote_active":false,"_monsterinsights_sitenote_note":"","_monsterinsights_sitenote_category":0},"product_brand":[],"product_cat":[19998,12388],"product_tag":[],"class_list":{"0":"post-706919","1":"product","2":"type-product","3":"status-publish","5":"product_cat-din-felsefesi","6":"product_cat-felsefe","7":"pa_cilt-ciltsiz","8":"pa_tur-kitap","9":"pa_yayinevi-divan-kitap","10":"pa_yazar-m-nesim-doru","12":"first","13":"instock","14":"sale","15":"shipping-taxable","16":"purchasable","17":"product-type-simple"},"_links":{"self":[{"href":"https:\/\/roveyayinevi.com.tr\/index.php\/wp-json\/wp\/v2\/product\/706919","targetHints":{"allow":["GET"]}}],"collection":[{"href":"https:\/\/roveyayinevi.com.tr\/index.php\/wp-json\/wp\/v2\/product"}],"about":[{"href":"https:\/\/roveyayinevi.com.tr\/index.php\/wp-json\/wp\/v2\/types\/product"}],"wp:attachment":[{"href":"https:\/\/roveyayinevi.com.tr\/index.php\/wp-json\/wp\/v2\/media?parent=706919"}],"wp:term":[{"taxonomy":"product_brand","embeddable":true,"href":"https:\/\/roveyayinevi.com.tr\/index.php\/wp-json\/wp\/v2\/product_brand?post=706919"},{"taxonomy":"product_cat","embeddable":true,"href":"https:\/\/roveyayinevi.com.tr\/index.php\/wp-json\/wp\/v2\/product_cat?post=706919"},{"taxonomy":"product_tag","embeddable":true,"href":"https:\/\/roveyayinevi.com.tr\/index.php\/wp-json\/wp\/v2\/product_tag?post=706919"}],"curies":[{"name":"wp","href":"https:\/\/api.w.org\/{rel}","templated":true}]}}