{"id":706918,"date":"2025-08-27T16:00:57","date_gmt":"2025-08-27T13:00:57","guid":{"rendered":"https:\/\/roveyayinevi.com.tr\/index.php\/urun\/carlik-rusyasinda-yahudiler\/"},"modified":"2026-04-16T02:15:39","modified_gmt":"2026-04-15T23:15:39","slug":"carlik-rusyasinda-yahudiler","status":"publish","type":"product","link":"https:\/\/roveyayinevi.com.tr\/index.php\/urun\/carlik-rusyasinda-yahudiler\/","title":{"rendered":"\u00c7arl\u0131k Rusyas\u0131nda Yahudiler"},"content":{"rendered":"<p>Yahudi toplumunu di\u011fer milletlerden ay\u0131ran en belirgin \u00f6zellik, sahip olduklar\u0131 inan\u00e7 ve bu inan\u00e7 \u00e7er\u00e7evesinde \u015fekillenen d\u00fcnya g\u00f6r\u00fc\u015fleridir. Merkezinde Yahudi kutsal kitab\u0131 Tora&#8217;n\u0131n yer ald\u0131\u011f\u0131 bu d\u00fcnyag\u00f6r\u00fc\u015f\u00fc, \u00f6teden beri Yahudi halk\u0131n\u0131n Yahudi olmayan toplumumlardan soyutlanmas\u0131na neden olmu\u015ftur. Kendi kendini tecrit y\u00f6ntemi olarak da tan\u0131mlanabilecek bu durumun asl\u0131nda M\u0131s\u0131r esaretiyle birlikte ba\u015flad\u0131\u011f\u0131 s\u00f6ylenebilir. Zira bu tarihten itibaren Yahudilerin, bulunduklar\u0131 toplumlar i\u00e7erisinde kendine \u00f6zg\u00fc bir yap\u0131lanma yoluna giderek adeta gettolar halinde ya\u015famay\u0131 tercih ettikleri g\u00f6r\u00fclmektedir. Her ne kadar i\u00e7e kapal\u0131 bir toplum olmay\u0131 ve bulunduklar\u0131 \u00fclke halklar\u0131yla kayna\u015f\u0131p kar\u0131\u015fmay\u0131 reddetmi\u015fseler de sistematik bir \u015fekilde bask\u0131 ve k\u0131y\u0131mlardan kendilerini kurtaramam\u0131\u015flard\u0131r. Ku\u015fkusuz bunun, dini sebeplerinin yan\u0131s\u0131ra sosyo-politik ve ekonomik nedenleri de olmu\u015ftur. \u00d6zellikle H\u0131ristiyan inanc\u0131ndan kaynaklanan ve Yahudileri Mesih katili olmakla itham eden d\u00fc\u015f\u00fcncenin s\u00f6z konusu k\u0131y\u0131mlarda temel fakt\u00f6r oldu\u011fu g\u00f6r\u00fclmektedir. Bu \u00e7er\u00e7evede elinizdeki \u00e7al\u0131\u015fma, Yahudilerinin \u015fimdiki Rusya Federasyonu s\u0131n\u0131rlar\u0131 i\u00e7erisine intikalinden itibaren, \u00c7arl\u0131k rejiminin nihayete ermesine kadarki zaman diliminde b\u00f6lge Yahudilerinin dini, sosyo-politik, k\u00fclt\u00fcrel ve ekonomik boyutuna \u0131\u015f\u0131k tutmaya \u00e7al\u0131\u015fmaktad\u0131r..<\/p>\n","protected":false},"excerpt":{"rendered":"<p>Yahudi toplumunu di\u011fer milletlerden ay\u0131ran en belirgin \u00f6zellik, sahip olduklar\u0131 inan\u00e7 ve bu inan\u00e7 \u00e7er\u00e7evesinde \u015fekillenen d\u00fcnya g\u00f6r\u00fc\u015fleridir. Merkezinde Yahudi kutsal kitab\u0131 Tora&#8217;n\u0131n yer ald\u0131\u011f\u0131 bu<span class=\"excerpt-hellip\"> [\u2026]<\/span><\/p>\n","protected":false},"featured_media":0,"template":"","meta":{"_monsterinsights_skip_tracking":false,"_monsterinsights_sitenote_active":false,"_monsterinsights_sitenote_note":"","_monsterinsights_sitenote_category":0},"product_brand":[],"product_cat":[12370,12304],"product_tag":[],"class_list":{"0":"post-706918","1":"product","2":"type-product","3":"status-publish","5":"product_cat-arastirma-inceleme","6":"product_cat-tarih","7":"pa_cilt-ciltsiz","8":"pa_tur-kitap","9":"pa_yayinevi-divan-kitap","10":"pa_yazar-sir-muhammed-duali","12":"first","13":"instock","14":"sale","15":"shipping-taxable","16":"purchasable","17":"product-type-simple"},"_links":{"self":[{"href":"https:\/\/roveyayinevi.com.tr\/index.php\/wp-json\/wp\/v2\/product\/706918","targetHints":{"allow":["GET"]}}],"collection":[{"href":"https:\/\/roveyayinevi.com.tr\/index.php\/wp-json\/wp\/v2\/product"}],"about":[{"href":"https:\/\/roveyayinevi.com.tr\/index.php\/wp-json\/wp\/v2\/types\/product"}],"wp:attachment":[{"href":"https:\/\/roveyayinevi.com.tr\/index.php\/wp-json\/wp\/v2\/media?parent=706918"}],"wp:term":[{"taxonomy":"product_brand","embeddable":true,"href":"https:\/\/roveyayinevi.com.tr\/index.php\/wp-json\/wp\/v2\/product_brand?post=706918"},{"taxonomy":"product_cat","embeddable":true,"href":"https:\/\/roveyayinevi.com.tr\/index.php\/wp-json\/wp\/v2\/product_cat?post=706918"},{"taxonomy":"product_tag","embeddable":true,"href":"https:\/\/roveyayinevi.com.tr\/index.php\/wp-json\/wp\/v2\/product_tag?post=706918"}],"curies":[{"name":"wp","href":"https:\/\/api.w.org\/{rel}","templated":true}]}}