{"id":706917,"date":"2025-08-27T16:00:56","date_gmt":"2025-08-27T13:00:56","guid":{"rendered":"https:\/\/roveyayinevi.com.tr\/index.php\/urun\/yahudi-geleneginde-kuran-ve-ibranice-kuran-cevirileri\/"},"modified":"2026-04-16T02:15:39","modified_gmt":"2026-04-15T23:15:39","slug":"yahudi-geleneginde-kuran-ve-ibranice-kuran-cevirileri","status":"publish","type":"product","link":"https:\/\/roveyayinevi.com.tr\/index.php\/urun\/yahudi-geleneginde-kuran-ve-ibranice-kuran-cevirileri\/","title":{"rendered":"Yahudi Gelene\u011finde Kuran ve \u0130branice Kuran \u00c7evirileri"},"content":{"rendered":"<p>Yahudilerin Kur&#8217;an&#8217;la temas\u0131, Hz. Muhammed&#8217;in Medine&#8217;ye hicretiyle ba\u015flamaktad\u0131r. Kur&#8217;an&#8217;\u0131n ini\u015f s\u00fcrecinde islam Peygamberi&#8217;yle dini-siyasi kavgalara giren Yahudilerin, Kur&#8217;an&#8217;\u0131n i\u00e7eri\u011fi ve islam&#8217;\u0131n siyasi anlamda \u015fekillenmesi konusunda da \u00f6nemli bir yer tuttuklar\u0131 g\u00f6r\u00fclmektedir. B\u00f6yle olunca Yahudiler, Kur&#8217;an&#8217;\u0131n en temel konular\u0131 aras\u0131nda yer alm\u0131\u015flard\u0131r. Bunun yan\u0131nda g\u00fc\u00e7l\u00fc yaz\u0131l\u0131 ve s\u00f6zl\u00fc k\u00fclt\u00fcrleri, \u0130slam gelene\u011fine bir\u00e7ok konuda malzeme sunarak \u0130srailiyat denen bilgi havuzunun olu\u015fmas\u0131na sebep olmu\u015ftur.Yahudilerin Kur&#8217;an&#8217;la ilgili de\u011ferlendirmeleri \u00e7ok erken d\u00f6nemlere dayanmaktad\u0131r. Orta \u00c7a\u011f&#8217;da \u0130slam hakimiyetinde ya\u015fayan Yahudi \u00e2limlerin eserleri Kur&#8217;an&#8217;dan yap\u0131lan al\u0131nt\u0131larla doludur. Bu d\u00f6nemlerde Kur&#8217;an, Yahudi \u00e2limlerce hem i\u00e7eri\u011fine reddiye yap\u0131lacak bir kutsal metin hem de Arap edebiyat\u0131n\u0131n bir ba\u015fyap\u0131t\u0131 olarak muamele g\u00f6rmektedir. Yahudilerin Kur&#8217;an&#8217;la ilgili bir di\u011fer giri\u015fimleri de Kur&#8217;an \u00e7evirileridir. Arap-\u0130slam co\u011frafyas\u0131nda ya\u015fayan Yahudiler, Kur&#8217;an&#8217;\u0131 orijinal metninden anlad\u0131klar\u0131 i\u00e7in ibranice Kur&#8217;an \u00e7evirisi ihtiyac\u0131 g\u00fcndeme gelmemi\u015ftir. Bu sebeple Yahudiler aras\u0131nda ilk \u0130branice Kur&#8217;an \u00e7evirileri de A\u015fkenaz (Avrupa) Yahudiler aras\u0131nda g\u00f6r\u00fclmektedir.<\/p>\n","protected":false},"excerpt":{"rendered":"<p>Yahudilerin Kur&#8217;an&#8217;la temas\u0131, Hz. Muhammed&#8217;in Medine&#8217;ye hicretiyle ba\u015flamaktad\u0131r. Kur&#8217;an&#8217;\u0131n ini\u015f s\u00fcrecinde islam Peygamberi&#8217;yle dini-siyasi kavgalara giren Yahudilerin, Kur&#8217;an&#8217;\u0131n i\u00e7eri\u011fi ve islam&#8217;\u0131n siyasi anlamda \u015fekillenmesi konusunda da<span class=\"excerpt-hellip\"> [\u2026]<\/span><\/p>\n","protected":false},"featured_media":0,"template":"","meta":{"_monsterinsights_skip_tracking":false,"_monsterinsights_sitenote_active":false,"_monsterinsights_sitenote_note":"","_monsterinsights_sitenote_category":0},"product_brand":[],"product_cat":[12718,12858],"product_tag":[],"class_list":{"0":"post-706917","1":"product","2":"type-product","3":"status-publish","5":"product_cat-din","6":"product_cat-mitolojiler","7":"pa_cilt-ciltsiz","8":"pa_tur-kitap","9":"pa_yayinevi-divan-kitap","10":"pa_yazar-yasin-meral","12":"first","13":"instock","14":"sale","15":"shipping-taxable","16":"purchasable","17":"product-type-simple"},"_links":{"self":[{"href":"https:\/\/roveyayinevi.com.tr\/index.php\/wp-json\/wp\/v2\/product\/706917","targetHints":{"allow":["GET"]}}],"collection":[{"href":"https:\/\/roveyayinevi.com.tr\/index.php\/wp-json\/wp\/v2\/product"}],"about":[{"href":"https:\/\/roveyayinevi.com.tr\/index.php\/wp-json\/wp\/v2\/types\/product"}],"wp:attachment":[{"href":"https:\/\/roveyayinevi.com.tr\/index.php\/wp-json\/wp\/v2\/media?parent=706917"}],"wp:term":[{"taxonomy":"product_brand","embeddable":true,"href":"https:\/\/roveyayinevi.com.tr\/index.php\/wp-json\/wp\/v2\/product_brand?post=706917"},{"taxonomy":"product_cat","embeddable":true,"href":"https:\/\/roveyayinevi.com.tr\/index.php\/wp-json\/wp\/v2\/product_cat?post=706917"},{"taxonomy":"product_tag","embeddable":true,"href":"https:\/\/roveyayinevi.com.tr\/index.php\/wp-json\/wp\/v2\/product_tag?post=706917"}],"curies":[{"name":"wp","href":"https:\/\/api.w.org\/{rel}","templated":true}]}}