{"id":706915,"date":"2025-08-27T16:00:56","date_gmt":"2025-08-27T13:00:56","guid":{"rendered":"https:\/\/roveyayinevi.com.tr\/index.php\/urun\/kisa-kollu-ahtapot\/"},"modified":"2026-04-16T02:15:39","modified_gmt":"2026-04-15T23:15:39","slug":"kisa-kollu-ahtapot","status":"publish","type":"product","link":"https:\/\/roveyayinevi.com.tr\/index.php\/urun\/kisa-kollu-ahtapot\/","title":{"rendered":"K\u0131sa Kollu Ahtapot"},"content":{"rendered":"<p>er cinayetin \u00fcslubu kendi beyan\u0131ndad\u0131r!Misbah Bey, Selman Bey ve Ba\u015f Komiser Nuri&#8230; \u00c7ocukluklar\u0131 birlikte ge\u00e7mi\u015f, fakat hayat onlar\u0131 farkl\u0131 yerlere savurmu\u015ftur. Misbah Bey\u2019in kuzeni olan Selman Bey b\u00fcy\u00fck bir gazetenin patronudur ve bir cinayete kurban gider. Cinayet soru\u015fturmas\u0131 Ba\u015f Komiser Nuri\u2019ye verilir ve b\u00f6ylece \u00fc\u00e7 \u00e7ocukluk arkada\u015f\u0131n\u0131n yolu tekrar kesi\u015fir. Giderek dallan\u0131p budaklanan soru\u015fturmaya Misbah Bey\u2019in e\u015fi Feride Han\u0131m, Komiser Muavini Bekir, gazetenin yaz\u0131 i\u015fleri m\u00fcd\u00fcr\u00fc Bedri Bey ve Selman Bey\u2019in damad\u0131 Jim May de dahil olurlar. Her yeni isimle birlikte cinayet soru\u015fturmas\u0131 daha da karma\u015f\u0131k bir hal al\u0131r.Y\u0131lmaz Karakoyunlu\u2019dan bir cinayetin s\u0131rl\u0131 labirentlerinde \u015fa\u015fk\u0131nl\u0131kla y\u00fcr\u00fcyece\u011finizbir kitap.<\/p>\n","protected":false},"excerpt":{"rendered":"<p>er cinayetin \u00fcslubu kendi beyan\u0131ndad\u0131r!Misbah Bey, Selman Bey ve Ba\u015f Komiser Nuri&#8230; \u00c7ocukluklar\u0131 birlikte ge\u00e7mi\u015f, fakat hayat onlar\u0131 farkl\u0131 yerlere savurmu\u015ftur. Misbah Bey\u2019in kuzeni olan Selman<span class=\"excerpt-hellip\"> [\u2026]<\/span><\/p>\n","protected":false},"featured_media":0,"template":"","meta":{"_monsterinsights_skip_tracking":false,"_monsterinsights_sitenote_active":false,"_monsterinsights_sitenote_note":"","_monsterinsights_sitenote_category":0},"product_brand":[],"product_cat":[12291,12711],"product_tag":[],"class_list":{"0":"post-706915","1":"product","2":"type-product","3":"status-publish","5":"product_cat-edebiyat","6":"product_cat-roman-oyku","7":"pa_cilt-ciltsiz","8":"pa_tur-kitap","9":"pa_yayinevi-dogan-kitap","10":"pa_yazar-yilmaz-karakoyunlu","12":"first","13":"instock","14":"sale","15":"shipping-taxable","16":"purchasable","17":"product-type-simple"},"_links":{"self":[{"href":"https:\/\/roveyayinevi.com.tr\/index.php\/wp-json\/wp\/v2\/product\/706915","targetHints":{"allow":["GET"]}}],"collection":[{"href":"https:\/\/roveyayinevi.com.tr\/index.php\/wp-json\/wp\/v2\/product"}],"about":[{"href":"https:\/\/roveyayinevi.com.tr\/index.php\/wp-json\/wp\/v2\/types\/product"}],"wp:attachment":[{"href":"https:\/\/roveyayinevi.com.tr\/index.php\/wp-json\/wp\/v2\/media?parent=706915"}],"wp:term":[{"taxonomy":"product_brand","embeddable":true,"href":"https:\/\/roveyayinevi.com.tr\/index.php\/wp-json\/wp\/v2\/product_brand?post=706915"},{"taxonomy":"product_cat","embeddable":true,"href":"https:\/\/roveyayinevi.com.tr\/index.php\/wp-json\/wp\/v2\/product_cat?post=706915"},{"taxonomy":"product_tag","embeddable":true,"href":"https:\/\/roveyayinevi.com.tr\/index.php\/wp-json\/wp\/v2\/product_tag?post=706915"}],"curies":[{"name":"wp","href":"https:\/\/api.w.org\/{rel}","templated":true}]}}