{"id":706912,"date":"2025-08-27T16:00:55","date_gmt":"2025-08-27T13:00:55","guid":{"rendered":"https:\/\/roveyayinevi.com.tr\/index.php\/urun\/altin-ayna-veya-sesian-krallari\/"},"modified":"2026-04-16T02:15:39","modified_gmt":"2026-04-15T23:15:39","slug":"altin-ayna-veya-sesian-krallari","status":"publish","type":"product","link":"https:\/\/roveyayinevi.com.tr\/index.php\/urun\/altin-ayna-veya-sesian-krallari\/","title":{"rendered":"Alt\u0131n Ayna veya \u015ee\u015fian Krallar\u0131"},"content":{"rendered":"<p>Ahl\u00e2k \u00f6\u011fretisi ve devlet bilgeli\u011fi konusunda en iyi okul insanl\u0131k tarihinin ge\u00e7mi\u015fidir. \u0130nsan soyunun mutlulu\u011funu ya da sefaletinin sebeplerini, insan ve devlet davran\u0131\u015flardaki de\u011fi\u015fimleri, kudretli y\u00f6nleri ve zaafiyetleri, y\u00fckseli\u015f ve d\u00fc\u015f\u00fc\u015f d\u00f6nemlerini incelemek, bunu yapan halklar\u0131 bilge ve ba\u011f\u0131ms\u0131z k\u0131lan bu y\u00fcce felsefenin en berrak kayna\u011f\u0131d\u0131r. \u015ee\u015fianl\u0131lar\u0131n alt\u0131n \u00e7a\u011f\u0131nda devletin sa\u011flam d\u00fczenini ve refah\u0131n\u0131 sa\u011flayan d\u00fcstur  \u2013Do\u011fan\u0131n ana ilkelerine ve devletinin ihtiya\u00e7lar\u0131na ve \u015fartlar\u0131na g\u00f6re ayarlanm\u0131\u015f bir yasama faaliyeti; ekonomik ve ticari ya\u015fam\u0131n en do\u011fru \u015fekilde \u00f6rg\u00fctlenmesi; m\u00fcmk\u00fcn mertebe m\u00fckemmel bir g\u00fcvenlik te\u015fkil\u00e2t\u0131, ordu; ahl\u00e2k\u0131 ve ya\u015fam\u0131 g\u00fczelle\u015ftiren bilim ve sanat\u0131n do\u011fru takdiri ve etkin bir te\u015fviki\u2013  bir s\u00fcre sonra devlet i\u015flerinde \u00e7e\u015fitli ayak oyunlar\u0131, entrikalar, d\u00fczensizlikler ve milletin refah\u0131n\u0131, huzurunu bozacak uygulamalarla terk edilecek ve \u015ee\u015fian Tanr\u0131n\u0131n gazab\u0131na u\u011frayacakt\u0131r. Peki, bu nas\u0131l oldu? Bahts\u0131z \u015ee\u015fianl\u0131lar, k\u0131smen y\u00fczlerce yabanc\u0131 halka kar\u0131\u015farak, k\u0131smen de kom\u015fu devletlere ba\u011flanarak politik varl\u0131klar\u0131 ile birlikte ayn\u0131 zamanda o \u015fanl\u0131 eski isimlerini nas\u0131l kaybettiler? \u015ee\u015fianl\u0131lar\u0131n ve \u015ee\u015fian krallar\u0131n\u0131n hik\u00e2yesi, Wieland\u2019\u0131n \u201cAlt\u0131n Ayna\u201ds\u0131nda gelecek \u00e7a\u011flara \u0131\u015f\u0131k tutmak \u00fczere kaleme ald\u0131\u011f\u0131 bir eserdir. Devlet y\u00f6netme sanat\u0131n\u0131n ve biliminin nirengi noktalar\u0131n\u0131n de\u011ferlendirildi\u011fi, devlet idaresinin b\u00fct\u00fcn konular\u0131n\u0131n ele al\u0131nd\u0131\u011f\u0131 bu Do\u011fu masal\u0131 tarz\u0131 eserde, belki de ge\u00e7mi\u015f b\u00fcy\u00fck devletlerin muhte\u015fem y\u00fckseli\u015f ve \u00e7\u00f6k\u00fc\u015flerinin bir \u00f6rne\u011fi duruyor. <\/p>\n","protected":false},"excerpt":{"rendered":"<p>Ahl\u00e2k \u00f6\u011fretisi ve devlet bilgeli\u011fi konusunda en iyi okul insanl\u0131k tarihinin ge\u00e7mi\u015fidir. \u0130nsan soyunun mutlulu\u011funu ya da sefaletinin sebeplerini, insan ve devlet davran\u0131\u015flardaki de\u011fi\u015fimleri, kudretli y\u00f6nleri<span class=\"excerpt-hellip\"> [\u2026]<\/span><\/p>\n","protected":false},"featured_media":0,"template":"","meta":{"_monsterinsights_skip_tracking":false,"_monsterinsights_sitenote_active":false,"_monsterinsights_sitenote_note":"","_monsterinsights_sitenote_category":0},"product_brand":[],"product_cat":[12312,12304],"product_tag":[],"class_list":{"0":"post-706912","1":"product","2":"type-product","3":"status-publish","5":"product_cat-diger","6":"product_cat-tarih","7":"pa_cilt-ciltsiz","8":"pa_tur-kitap","9":"pa_yayinevi-dogu-bati-yayinlari","10":"pa_yazar-christoph-martin-wieland","12":"first","13":"instock","14":"sale","15":"shipping-taxable","16":"purchasable","17":"product-type-simple"},"_links":{"self":[{"href":"https:\/\/roveyayinevi.com.tr\/index.php\/wp-json\/wp\/v2\/product\/706912","targetHints":{"allow":["GET"]}}],"collection":[{"href":"https:\/\/roveyayinevi.com.tr\/index.php\/wp-json\/wp\/v2\/product"}],"about":[{"href":"https:\/\/roveyayinevi.com.tr\/index.php\/wp-json\/wp\/v2\/types\/product"}],"wp:attachment":[{"href":"https:\/\/roveyayinevi.com.tr\/index.php\/wp-json\/wp\/v2\/media?parent=706912"}],"wp:term":[{"taxonomy":"product_brand","embeddable":true,"href":"https:\/\/roveyayinevi.com.tr\/index.php\/wp-json\/wp\/v2\/product_brand?post=706912"},{"taxonomy":"product_cat","embeddable":true,"href":"https:\/\/roveyayinevi.com.tr\/index.php\/wp-json\/wp\/v2\/product_cat?post=706912"},{"taxonomy":"product_tag","embeddable":true,"href":"https:\/\/roveyayinevi.com.tr\/index.php\/wp-json\/wp\/v2\/product_tag?post=706912"}],"curies":[{"name":"wp","href":"https:\/\/api.w.org\/{rel}","templated":true}]}}