{"id":706910,"date":"2025-08-27T16:00:54","date_gmt":"2025-08-27T13:00:54","guid":{"rendered":"https:\/\/roveyayinevi.com.tr\/index.php\/urun\/japonya\/"},"modified":"2026-04-16T02:15:39","modified_gmt":"2026-04-15T23:15:39","slug":"japonya","status":"publish","type":"product","link":"https:\/\/roveyayinevi.com.tr\/index.php\/urun\/japonya\/","title":{"rendered":"Japonya"},"content":{"rendered":"<p>Bu \u00e7al\u0131\u015fma Bat\u0131l\u0131 bir toplumun d\u0131\u015f g\u00f6r\u00fcn\u00fcm\u00fcne sahip, Bat\u0131ya ait uygulamal\u0131 bilimlerden yararlanmay\u0131 tart\u0131\u015fmas\u0131z bir \u015fekilde ba\u015farm\u0131\u015f, y\u00fczlerce y\u0131lda ger\u00e7ekle\u015ftirilebilecek bir ba\u015far\u0131ya inan\u0131lmaz bir \u00e7aba harcayarak otuz y\u0131lda imza atmakla birlikte asl\u0131nda Avrupa\u2019n\u0131n M\u00d6 ait y\u00fczy\u0131llardaki g\u00f6r\u00fcn\u00fcm\u00fcne sahip olmay\u0131 s\u00fcrd\u00fcren \u015fa\u015f\u0131rt\u0131c\u0131 bir Do\u011fu toplumunun g\u00f6r\u00fcnt\u00fcs\u00fcn\u00fc sunuyor. Oysa k\u00f6kenler ve nedenler konusundaki \u00e7al\u0131\u015fmalar bu tuhaf ve psikolojik a\u00e7\u0131dan bizden \u00e7ok uzaklarda bulunan d\u00fcnyan\u0131n sundu\u011fu manzaradan ald\u0131\u011f\u0131m\u0131z keyfi bozmamal\u0131. Eski Japonya\u2019n\u0131n g\u00f6rkemi ve g\u00fczelli\u011fini neye bor\u00e7lu oldu\u011funu \u00f6\u011frendi\u011fimizde niteli\u011finden bir \u015fey yitirmiyor. Geleneksel iyilik anlay\u0131\u015f\u0131 ve davran\u0131\u015flardaki zarafet bizi b\u00fcy\u00fclemeyi s\u00fcrd\u00fcrecek, \u00e7\u00fcnk\u00fc bin y\u0131l boyunca k\u0131l\u0131\u00e7 tehdidiyle geli\u015fip, olgunla\u015ft\u0131klar\u0131n\u0131 \u00f6\u011frenece\u011fiz. Ku\u015faklar boyunca en ufak bir s\u00fcrt\u00fc\u015fmenin bile sert bir \u015fekilde cezaland\u0131r\u0131ld\u0131\u011f\u0131 ve b\u00f6ylesine bir bask\u0131y\u0131 zorunlu k\u0131lan kan davas\u0131 g\u00fctme \u00e2detinin herkesi a\u011fz\u0131ndan \u00e7\u0131kan s\u00f6zlere ve yapt\u0131\u011f\u0131 hareketlere \u00e7ok dikkat etmeye zorlad\u0131\u011f\u0131n\u0131 \u00f6\u011frensek bile bu toplumun nazik oldu\u011fu ve hi\u00e7bir tart\u0131\u015fmaya tan\u0131k olmad\u0131\u011f\u0131m\u0131z bu d\u00fcnyadan ho\u015flanaca\u011f\u0131z. Eskiden en b\u00fcy\u00fck ac\u0131lar i\u00e7inde k\u0131vran\u0131rken bile g\u00fcl\u00fcmsemekten ka\u00e7\u0131nman\u0131n insan\u0131n \u00f6lmesine yol a\u00e7t\u0131\u011f\u0131 bir k\u00f6lelik d\u00f6neminden ge\u00e7ildi\u011fini \u00f6\u011frensek bile b\u00fct\u00fcn insanlar\u0131n g\u00fcl\u00fcmsedi\u011fini g\u00f6rmek bizi b\u00fcy\u00fcleyecek. Neredeyse tamam\u0131yla ortadan kaybolmu\u015f bir d\u00fcnyaya \u00f6zg\u00fc \u00fcst\u00fcn bir ahl\u00e2k anlay\u0131\u015f\u0131n\u0131 temsil eden ve hangi ac\u0131lara katlanarak \u015fu andaki g\u00f6r\u00fcn\u00fcm\u00fcne sahip oldu\u011funu \u00f6ng\u00f6rebilece\u011fimiz eski aile terbiyesinin bi\u00e7imlendirdi\u011fi Japon kad\u0131n\u0131na hayranl\u0131k duymay\u0131 s\u00fcrd\u00fcrece\u011fiz. <\/p>\n","protected":false},"excerpt":{"rendered":"<p>Bu \u00e7al\u0131\u015fma Bat\u0131l\u0131 bir toplumun d\u0131\u015f g\u00f6r\u00fcn\u00fcm\u00fcne sahip, Bat\u0131ya ait uygulamal\u0131 bilimlerden yararlanmay\u0131 tart\u0131\u015fmas\u0131z bir \u015fekilde ba\u015farm\u0131\u015f, y\u00fczlerce y\u0131lda ger\u00e7ekle\u015ftirilebilecek bir ba\u015far\u0131ya inan\u0131lmaz bir \u00e7aba harcayarak<span class=\"excerpt-hellip\"> [\u2026]<\/span><\/p>\n","protected":false},"featured_media":0,"template":"","meta":{"_monsterinsights_skip_tracking":false,"_monsterinsights_sitenote_active":false,"_monsterinsights_sitenote_note":"","_monsterinsights_sitenote_category":0},"product_brand":[],"product_cat":[12370,12304],"product_tag":[],"class_list":{"0":"post-706910","1":"product","2":"type-product","3":"status-publish","5":"product_cat-arastirma-inceleme","6":"product_cat-tarih","7":"pa_cilt-ciltsiz","8":"pa_tur-kitap","9":"pa_yayinevi-dogu-bati-yayinlari","10":"pa_yazar-lafcadio-hearn","12":"first","13":"instock","14":"sale","15":"shipping-taxable","16":"purchasable","17":"product-type-simple"},"_links":{"self":[{"href":"https:\/\/roveyayinevi.com.tr\/index.php\/wp-json\/wp\/v2\/product\/706910","targetHints":{"allow":["GET"]}}],"collection":[{"href":"https:\/\/roveyayinevi.com.tr\/index.php\/wp-json\/wp\/v2\/product"}],"about":[{"href":"https:\/\/roveyayinevi.com.tr\/index.php\/wp-json\/wp\/v2\/types\/product"}],"wp:attachment":[{"href":"https:\/\/roveyayinevi.com.tr\/index.php\/wp-json\/wp\/v2\/media?parent=706910"}],"wp:term":[{"taxonomy":"product_brand","embeddable":true,"href":"https:\/\/roveyayinevi.com.tr\/index.php\/wp-json\/wp\/v2\/product_brand?post=706910"},{"taxonomy":"product_cat","embeddable":true,"href":"https:\/\/roveyayinevi.com.tr\/index.php\/wp-json\/wp\/v2\/product_cat?post=706910"},{"taxonomy":"product_tag","embeddable":true,"href":"https:\/\/roveyayinevi.com.tr\/index.php\/wp-json\/wp\/v2\/product_tag?post=706910"}],"curies":[{"name":"wp","href":"https:\/\/api.w.org\/{rel}","templated":true}]}}