{"id":706909,"date":"2025-08-27T16:00:54","date_gmt":"2025-08-27T13:00:54","guid":{"rendered":"https:\/\/roveyayinevi.com.tr\/index.php\/urun\/herkes-yuz-cevirse-de-allah-sizin-sahibinizdir\/"},"modified":"2026-04-16T02:15:39","modified_gmt":"2026-04-15T23:15:39","slug":"herkes-yuz-cevirse-de-allah-sizin-sahibinizdir","status":"publish","type":"product","link":"https:\/\/roveyayinevi.com.tr\/index.php\/urun\/herkes-yuz-cevirse-de-allah-sizin-sahibinizdir\/","title":{"rendered":"Herkes Y\u00fcz \u00c7evirse de Allah Sizin Sahibinizdir"},"content":{"rendered":"<p>Hani Yunus Emre diyordu ya:\u201cBenli\u011fini \u00e7\u0131kart aradan i\u015fte orada Yaradan.\u201dElinizde tuttu\u011funuz bu kitap asl\u0131nda bir anahtard\u0131r. Bu anahtarla benlik kap\u0131s\u0131n\u0131 ard\u0131na kadar aralay\u0131p \u015fahdamar\u0131ndan sana daha yak\u0131n olan Allah\u2019a varman\u0131 sa\u011flayacak bir k\u0131lavuzdur&#8230;Bu kitap iki konu i\u00e7erir. \u0130ki ayr\u0131 kitap \u00f6zelli\u011finde k\u0131sa ve \u00f6z anlat\u0131mla yaz\u0131lm\u0131\u015ft\u0131r.Birinci konu Allah\u2019a yakla\u015fmak, ikinci konu ise, kulun ya\u015fad\u0131\u011f\u0131 haks\u0131zl\u0131klar, hastal\u0131klar, k\u0131sacas\u0131 imtihanlar kar\u015f\u0131s\u0131nda kendisini sahipsiz ve yaln\u0131z hissetmemesi ad\u0131na yapmas\u0131 gerekenlerdir. \u00c7\u00fcnk\u00fc Allah kulunu sahiplenmi\u015ftir; kulunun t\u00fcm sorununu \u00e7\u00f6zecektir; fakat Allah\u2019\u0131n kulunu sahiplenmesi i\u00e7in kulun \u00f6nce sahiplendi\u011fi her \u015feyi b\u0131rakmas\u0131 gerekir.Unutma! Kul sahiplenmeyi b\u0131rakt\u0131\u011f\u0131 anda Allah kulunu sahiplenmeye ba\u015flar!\u0130\u015fte s\u0131r budur&#8230;<\/p>\n","protected":false},"excerpt":{"rendered":"<p>Hani Yunus Emre diyordu ya:\u201cBenli\u011fini \u00e7\u0131kart aradan i\u015fte orada Yaradan.\u201dElinizde tuttu\u011funuz bu kitap asl\u0131nda bir anahtard\u0131r. Bu anahtarla benlik kap\u0131s\u0131n\u0131 ard\u0131na kadar aralay\u0131p \u015fahdamar\u0131ndan sana daha<span class=\"excerpt-hellip\"> [\u2026]<\/span><\/p>\n","protected":false},"featured_media":0,"template":"","meta":{"_monsterinsights_skip_tracking":false,"_monsterinsights_sitenote_active":false,"_monsterinsights_sitenote_note":"","_monsterinsights_sitenote_category":0},"product_brand":[],"product_cat":[12718,12719],"product_tag":[],"class_list":{"0":"post-706909","1":"product","2":"type-product","3":"status-publish","5":"product_cat-din","6":"product_cat-islam","7":"pa_cilt-ciltsiz","8":"pa_tur-kitap","9":"pa_yayinevi-destek-yayinlari","10":"pa_yazar-ugur-kosar","12":"first","13":"instock","14":"sale","15":"shipping-taxable","16":"purchasable","17":"product-type-simple"},"_links":{"self":[{"href":"https:\/\/roveyayinevi.com.tr\/index.php\/wp-json\/wp\/v2\/product\/706909","targetHints":{"allow":["GET"]}}],"collection":[{"href":"https:\/\/roveyayinevi.com.tr\/index.php\/wp-json\/wp\/v2\/product"}],"about":[{"href":"https:\/\/roveyayinevi.com.tr\/index.php\/wp-json\/wp\/v2\/types\/product"}],"wp:attachment":[{"href":"https:\/\/roveyayinevi.com.tr\/index.php\/wp-json\/wp\/v2\/media?parent=706909"}],"wp:term":[{"taxonomy":"product_brand","embeddable":true,"href":"https:\/\/roveyayinevi.com.tr\/index.php\/wp-json\/wp\/v2\/product_brand?post=706909"},{"taxonomy":"product_cat","embeddable":true,"href":"https:\/\/roveyayinevi.com.tr\/index.php\/wp-json\/wp\/v2\/product_cat?post=706909"},{"taxonomy":"product_tag","embeddable":true,"href":"https:\/\/roveyayinevi.com.tr\/index.php\/wp-json\/wp\/v2\/product_tag?post=706909"}],"curies":[{"name":"wp","href":"https:\/\/api.w.org\/{rel}","templated":true}]}}