{"id":706908,"date":"2025-08-27T16:00:53","date_gmt":"2025-08-27T13:00:53","guid":{"rendered":"https:\/\/roveyayinevi.com.tr\/index.php\/urun\/tarih-uzerine-yazilar\/"},"modified":"2026-04-16T02:15:39","modified_gmt":"2026-04-15T23:15:39","slug":"tarih-uzerine-yazilar","status":"publish","type":"product","link":"https:\/\/roveyayinevi.com.tr\/index.php\/urun\/tarih-uzerine-yazilar\/","title":{"rendered":"Tarih \u00dczerine Yaz\u0131lar"},"content":{"rendered":"<p>Tarihe bak\u0131\u015f ve tarihyaz\u0131m\u0131 bir daha asla eskisi gibi olmad\u0131 Annales Tarih Okulunun ortaya koydu\u011fu yetkin eserlerin ard\u0131ndan. T\u00fcm d\u00fcnyada tarih\u00e7ilik anlay\u0131\u015f\u0131 sonsuza kadar de\u011fi\u015fti. B\u00fct\u00fcnc\u00fcl bir tarih anlay\u0131\u015f\u0131na sahiplerdi. Tarihsel de\u011fi\u015fmelere yol a\u00e7an b\u00fct\u00fcn unsurlar\u0131 hesaba katarak \u00e7al\u0131\u015fmalar\u0131n\u0131 y\u00fcr\u00fctt\u00fcler. Ge\u00e7mi\u015fi ve bug\u00fcn\u00fc anlamak i\u00e7in, b\u00fct\u00fcn insan bilimlerinin biraraya gelmesini ve di\u011fer disiplinlerden sonuna kadar faydalan\u0131lmas\u0131n\u0131 savundular. Bu amaca ula\u015fmak i\u00e7in bir yanda son derece sab\u0131r ve titizlik isteyen ar\u015fiv \u00e7al\u0131\u015fmalar\u0131 ve belgeye dayal\u0131 tez savunular\u0131 ve kan\u0131tlar, di\u011fer yanda t\u00fcm bunlar\u0131 yorumlayacak \u00e7ok y\u00f6nl\u00fc bir entelekt\u00fcel ilgi ve derinlik\u2026 \u0130\u015fte tam burada Fernand Braudel\u2019in hayat\u0131, tarih g\u00f6r\u00fc\u015f\u00fc ve eserleri bu tarih devrimini anlamak i\u00e7in daha da de\u011fer kazan\u0131yor. Tarih art\u0131k sadece bir bilim de\u011fil, bir edeb\u00ee t\u00fcr ve \u00e2deta sanata d\u00f6n\u00fc\u015f\u00fcyor onun kaleminde. \u201cTarihin Zamanlar\u0131\u201d, \u201c\u0130nsan Bilimlerinin Birli\u011fi ve \u00c7e\u015fitlili\u011fi\u201d, \u201cTarih ve Sosyoloji\u201d ve \u201cTarihsel Bir \u0130ktisat i\u00e7in\u201d bu kitaptaki yaz\u0131lardan sadece birka\u00e7\u0131. Ve burada asl\u0131nda Braudel, gelecek nesil tarih\u00e7iler i\u00e7in \u00e7ok daha esasl\u0131 bir hedef g\u00f6steriyor d\u00fcn\u00fc, bug\u00fcn\u00fc, yar\u0131n\u0131 anlamak ad\u0131na\u2026 Art\u0131k herhangi bir tarihsel olay anla\u015f\u0131lmak isteniyorsa sadece sosyal bilimler de\u011fil, o anda mevcut t\u00fcm do\u011fa olaylar\u0131, biyolojik \u00e7e\u015fitlilikler, vir\u00fcs ve bakteri d\u00fczeyinde s\u00fcre\u00e7ler vb. de ele al\u0131nmak zorundad\u0131r. Braudel d\u00fcnyay\u0131 \u00e2deta tek bir canl\u0131 gibi ele alacak bir tarih anlay\u0131\u015f\u0131ndan ve bu \u015fekilde bir birli\u011fe y\u00f6neli\u015ften bahsediyor. <\/p>\n","protected":false},"excerpt":{"rendered":"<p>Tarihe bak\u0131\u015f ve tarihyaz\u0131m\u0131 bir daha asla eskisi gibi olmad\u0131 Annales Tarih Okulunun ortaya koydu\u011fu yetkin eserlerin ard\u0131ndan. T\u00fcm d\u00fcnyada tarih\u00e7ilik anlay\u0131\u015f\u0131 sonsuza kadar de\u011fi\u015fti. B\u00fct\u00fcnc\u00fcl<span class=\"excerpt-hellip\"> [\u2026]<\/span><\/p>\n","protected":false},"featured_media":0,"template":"","meta":{"_monsterinsights_skip_tracking":false,"_monsterinsights_sitenote_active":false,"_monsterinsights_sitenote_note":"","_monsterinsights_sitenote_category":0},"product_brand":[],"product_cat":[13590,12337],"product_tag":[],"class_list":{"0":"post-706908","1":"product","2":"type-product","3":"status-publish","5":"product_cat-arastirma-inceleme-politika-siyaset","6":"product_cat-politika-siyaset","7":"pa_cilt-ciltsiz","8":"pa_tur-kitap","9":"pa_yayinevi-dogu-bati-yayinlari","10":"pa_yazar-fernand-braudel","12":"first","13":"instock","14":"sale","15":"shipping-taxable","16":"purchasable","17":"product-type-simple"},"_links":{"self":[{"href":"https:\/\/roveyayinevi.com.tr\/index.php\/wp-json\/wp\/v2\/product\/706908","targetHints":{"allow":["GET"]}}],"collection":[{"href":"https:\/\/roveyayinevi.com.tr\/index.php\/wp-json\/wp\/v2\/product"}],"about":[{"href":"https:\/\/roveyayinevi.com.tr\/index.php\/wp-json\/wp\/v2\/types\/product"}],"wp:attachment":[{"href":"https:\/\/roveyayinevi.com.tr\/index.php\/wp-json\/wp\/v2\/media?parent=706908"}],"wp:term":[{"taxonomy":"product_brand","embeddable":true,"href":"https:\/\/roveyayinevi.com.tr\/index.php\/wp-json\/wp\/v2\/product_brand?post=706908"},{"taxonomy":"product_cat","embeddable":true,"href":"https:\/\/roveyayinevi.com.tr\/index.php\/wp-json\/wp\/v2\/product_cat?post=706908"},{"taxonomy":"product_tag","embeddable":true,"href":"https:\/\/roveyayinevi.com.tr\/index.php\/wp-json\/wp\/v2\/product_tag?post=706908"}],"curies":[{"name":"wp","href":"https:\/\/api.w.org\/{rel}","templated":true}]}}