{"id":706903,"date":"2025-08-27T16:00:51","date_gmt":"2025-08-27T13:00:51","guid":{"rendered":"https:\/\/roveyayinevi.com.tr\/index.php\/urun\/guz-nehri-ve-daha-once-derlenmemis-diger-hikayeler\/"},"modified":"2026-04-16T02:15:39","modified_gmt":"2026-04-15T23:15:39","slug":"guz-nehri-ve-daha-once-derlenmemis-diger-hikayeler","status":"publish","type":"product","link":"https:\/\/roveyayinevi.com.tr\/index.php\/urun\/guz-nehri-ve-daha-once-derlenmemis-diger-hikayeler\/","title":{"rendered":"G\u00fcz Nehri ve Daha \u00d6nce Derlenmemi\u015f Di\u011fer Hikayeler"},"content":{"rendered":"<p>Fabrikalar, i\u015f\u00e7iler, bahisler, hipodromlar, jokeyler, simsarlar, kumarbazlar, i\u015fsizler, otel odalar\u0131 ve gece kul\u00fcpleri&#8230;Umudu, pi\u015fmanl\u0131klar\u0131, i\u015fsizli\u011fi, k\u0131sacas\u0131 s\u0131radan insan\u0131 anlat\u0131yor Cheever G\u00fcz Nehri\u2019nde. Amerika ta\u015fralar\u0131ndan manzaralar\u0131n yer ald\u0131\u011f\u0131 \u00f6yk\u00fclerde k\u00fc\u00e7\u00fck tutkular\u0131n, hayal k\u0131r\u0131kl\u0131klar\u0131n\u0131n birey ya\u015fam\u0131na etkileri dile getiriliyor. On \u00fc\u00e7 \u00f6yk\u00fcn\u00fcn yer ald\u0131\u011f\u0131 kitapta B\u00fcy\u00fck Buhran\u2019\u0131n y\u0131pratt\u0131\u011f\u0131 Amerika ve ekonomik \u00e7\u00f6k\u00fc\u015f\u00fcn yans\u0131malar\u0131 \u00f6ne \u00e7\u0131k\u0131yor.Cheever yal\u0131n anlat\u0131m\u0131 ve \u00f6yk\u00fcc\u00fcl\u00fckteki ustal\u0131\u011f\u0131yla bizi bir d\u00f6nemin Amerika\u2019s\u0131na g\u00f6t\u00fcr\u00fcyor. A\u015fk ve kumar ili\u015fkisi, kolay para, fakirlik ve tekinsiz karakteri ise Cheever\u2019\u0131n \u00f6yk\u00fclerinin \u00f6ne \u00e7\u0131kan \u00f6zelliklerinden. K\u0131sa \u00f6yk\u00fc t\u00fcr\u00fcn\u00fcn iyi \u00f6rneklerini okumak isteyen okurlar i\u00e7in\u2026<\/p>\n","protected":false},"excerpt":{"rendered":"<p>Fabrikalar, i\u015f\u00e7iler, bahisler, hipodromlar, jokeyler, simsarlar, kumarbazlar, i\u015fsizler, otel odalar\u0131 ve gece kul\u00fcpleri&#8230;Umudu, pi\u015fmanl\u0131klar\u0131, i\u015fsizli\u011fi, k\u0131sacas\u0131 s\u0131radan insan\u0131 anlat\u0131yor Cheever G\u00fcz Nehri\u2019nde. Amerika ta\u015fralar\u0131ndan manzaralar\u0131n yer<span class=\"excerpt-hellip\"> [\u2026]<\/span><\/p>\n","protected":false},"featured_media":0,"template":"","meta":{"_monsterinsights_skip_tracking":false,"_monsterinsights_sitenote_active":false,"_monsterinsights_sitenote_note":"","_monsterinsights_sitenote_category":0},"product_brand":[],"product_cat":[12291,12711],"product_tag":[],"class_list":{"0":"post-706903","1":"product","2":"type-product","3":"status-publish","5":"product_cat-edebiyat","6":"product_cat-roman-oyku","7":"pa_cilt-ciltsiz","8":"pa_tur-kitap","9":"pa_yayinevi-delidolu","10":"pa_yazar-john-cheever","12":"first","13":"instock","14":"sale","15":"shipping-taxable","16":"purchasable","17":"product-type-simple"},"_links":{"self":[{"href":"https:\/\/roveyayinevi.com.tr\/index.php\/wp-json\/wp\/v2\/product\/706903","targetHints":{"allow":["GET"]}}],"collection":[{"href":"https:\/\/roveyayinevi.com.tr\/index.php\/wp-json\/wp\/v2\/product"}],"about":[{"href":"https:\/\/roveyayinevi.com.tr\/index.php\/wp-json\/wp\/v2\/types\/product"}],"wp:attachment":[{"href":"https:\/\/roveyayinevi.com.tr\/index.php\/wp-json\/wp\/v2\/media?parent=706903"}],"wp:term":[{"taxonomy":"product_brand","embeddable":true,"href":"https:\/\/roveyayinevi.com.tr\/index.php\/wp-json\/wp\/v2\/product_brand?post=706903"},{"taxonomy":"product_cat","embeddable":true,"href":"https:\/\/roveyayinevi.com.tr\/index.php\/wp-json\/wp\/v2\/product_cat?post=706903"},{"taxonomy":"product_tag","embeddable":true,"href":"https:\/\/roveyayinevi.com.tr\/index.php\/wp-json\/wp\/v2\/product_tag?post=706903"}],"curies":[{"name":"wp","href":"https:\/\/api.w.org\/{rel}","templated":true}]}}