{"id":706900,"date":"2025-08-27T16:00:50","date_gmt":"2025-08-27T13:00:50","guid":{"rendered":"https:\/\/roveyayinevi.com.tr\/index.php\/urun\/buyuk-matematikci\/"},"modified":"2026-04-11T02:20:34","modified_gmt":"2026-04-10T23:20:34","slug":"buyuk-matematikci","status":"publish","type":"product","link":"https:\/\/roveyayinevi.com.tr\/index.php\/urun\/buyuk-matematikci\/","title":{"rendered":"B\u00fcy\u00fck Matematik\u00e7i"},"content":{"rendered":"<p>Hikmet Alt\u0131nkaynak&#8217;\u0131n usta kalemiyle haz\u0131rlanan seri boyunca, Gazi Mustafa Kemal Atat\u00fcrk&#8217;\u00fcn \u00e7ocuklu\u011fundan gen\u00e7li\u011fine uzanan de\u011ferli y\u0131llara tan\u0131kl\u0131k edeceksiniz. Bu \u00f6zel seride yer alan \u00f6yk\u00fcler, Mustafa Kemal Atat\u00fcrk&#8217;\u00fcn ne denli arkada\u015f canl\u0131s\u0131 oldu\u011funu, b\u00fcy\u00fcklere kar\u015f\u0131 sayg\u0131l\u0131 tutumunu, okuma \u00f6zlemini ve co\u015fkusunu, sorumluluk bilincini, haks\u0131zl\u0131klara kar\u015f\u0131 nas\u0131l geldi\u011fini, edebiyat ve yurt sevgisini, m\u00fccadeleci ruhunu ve duyarl\u0131l\u0131\u011f\u0131n\u0131 anlatmaktad\u0131r. <\/p>\n","protected":false},"excerpt":{"rendered":"<p>Hikmet Alt\u0131nkaynak&#8217;\u0131n usta kalemiyle haz\u0131rlanan seri boyunca, Gazi Mustafa Kemal Atat\u00fcrk&#8217;\u00fcn \u00e7ocuklu\u011fundan gen\u00e7li\u011fine uzanan de\u011ferli y\u0131llara tan\u0131kl\u0131k edeceksiniz. Bu \u00f6zel seride yer alan \u00f6yk\u00fcler, Mustafa Kemal<span class=\"excerpt-hellip\"> [\u2026]<\/span><\/p>\n","protected":false},"featured_media":0,"template":"","meta":{"_monsterinsights_skip_tracking":false,"_monsterinsights_sitenote_active":false,"_monsterinsights_sitenote_note":"","_monsterinsights_sitenote_category":0},"product_brand":[],"product_cat":[12275,12274],"product_tag":[],"class_list":{"0":"post-706900","1":"product","2":"type-product","3":"status-publish","5":"product_cat-6-12-yas-kitaplari","6":"product_cat-cocuk-ve-genclik-kitaplari","7":"pa_cilt-ciltsiz","8":"pa_tur-kitap","9":"pa_yayinevi-dogan-egmont-yayincilik","10":"pa_yazar-hikmet-altinkaynak","12":"first","13":"instock","14":"sale","15":"shipping-taxable","16":"purchasable","17":"product-type-simple"},"_links":{"self":[{"href":"https:\/\/roveyayinevi.com.tr\/index.php\/wp-json\/wp\/v2\/product\/706900","targetHints":{"allow":["GET"]}}],"collection":[{"href":"https:\/\/roveyayinevi.com.tr\/index.php\/wp-json\/wp\/v2\/product"}],"about":[{"href":"https:\/\/roveyayinevi.com.tr\/index.php\/wp-json\/wp\/v2\/types\/product"}],"wp:attachment":[{"href":"https:\/\/roveyayinevi.com.tr\/index.php\/wp-json\/wp\/v2\/media?parent=706900"}],"wp:term":[{"taxonomy":"product_brand","embeddable":true,"href":"https:\/\/roveyayinevi.com.tr\/index.php\/wp-json\/wp\/v2\/product_brand?post=706900"},{"taxonomy":"product_cat","embeddable":true,"href":"https:\/\/roveyayinevi.com.tr\/index.php\/wp-json\/wp\/v2\/product_cat?post=706900"},{"taxonomy":"product_tag","embeddable":true,"href":"https:\/\/roveyayinevi.com.tr\/index.php\/wp-json\/wp\/v2\/product_tag?post=706900"}],"curies":[{"name":"wp","href":"https:\/\/api.w.org\/{rel}","templated":true}]}}