{"id":706895,"date":"2025-08-27T16:00:48","date_gmt":"2025-08-27T13:00:48","guid":{"rendered":"https:\/\/roveyayinevi.com.tr\/index.php\/urun\/hep-ayni-bosluk\/"},"modified":"2026-04-16T02:15:38","modified_gmt":"2026-04-15T23:15:38","slug":"hep-ayni-bosluk","status":"publish","type":"product","link":"https:\/\/roveyayinevi.com.tr\/index.php\/urun\/hep-ayni-bosluk\/","title":{"rendered":"Hep Ayn\u0131 Bo\u015fluk"},"content":{"rendered":"<p>&#8220;Ben, benden evvel, daha evvel, evvelden evvel; benden sonra, daha sonra, daha sonradan sonra&#8230; Ya Rabbim ne kadar korkun\u00e7 hesap&#8230;Hep ayn\u0131 bo\u015fluk\u2026 Ayn\u0131 bo\u015flu\u011fun \u0131st\u0131rapla, ac\u0131yla, beyhude \u00fcmitle dolmas\u0131&#8230;Takvimler zaman\u0131n hakiki \u00e7ehresini verirler. As\u0131l orada \u00f6l\u00fcm\u00fc tan\u0131r\u0131z.Fakat daha korkuncu var. \u00d6l\u00fcme ra\u011fmen, \u00f6leceklerini bile bile insanlar\u0131n birbirine d\u00fc\u015fman olmas\u0131\u2026 Ve bunun bir zaruret gibi g\u00f6r\u00fcnmesi\u2026&#8221;Tanp\u0131nar&#8217;\u0131n gazete ve dergilerde kalan yaz\u0131lar\u0131n\u0131n derlenmesinden olu\u015fan bu kitap; yazar\u0131n edebiyat, sanat, d\u00fc\u015f\u00fcnce ve siyasete dair denemelerini, makalelerini, anket ve r\u00f6portajlar\u0131n\u0131 i\u00e7eriyor.<\/p>\n","protected":false},"excerpt":{"rendered":"<p>&#8220;Ben, benden evvel, daha evvel, evvelden evvel; benden sonra, daha sonra, daha sonradan sonra&#8230; Ya Rabbim ne kadar korkun\u00e7 hesap&#8230;Hep ayn\u0131 bo\u015fluk\u2026 Ayn\u0131 bo\u015flu\u011fun \u0131st\u0131rapla, ac\u0131yla,<span class=\"excerpt-hellip\"> [\u2026]<\/span><\/p>\n","protected":false},"featured_media":0,"template":"","meta":{"_monsterinsights_skip_tracking":false,"_monsterinsights_sitenote_active":false,"_monsterinsights_sitenote_note":"","_monsterinsights_sitenote_category":0},"product_brand":[],"product_cat":[13072,12291],"product_tag":[],"class_list":{"0":"post-706895","1":"product","2":"type-product","3":"status-publish","5":"product_cat-arastirma-inceleme-referans","6":"product_cat-edebiyat","7":"pa_cilt-ciltsiz","8":"pa_tur-kitap","9":"pa_yayinevi-dergah-yayinlari","10":"pa_yazar-ahmet-hamdi-tanpinar","12":"first","13":"instock","14":"sale","15":"shipping-taxable","16":"purchasable","17":"product-type-simple"},"_links":{"self":[{"href":"https:\/\/roveyayinevi.com.tr\/index.php\/wp-json\/wp\/v2\/product\/706895","targetHints":{"allow":["GET"]}}],"collection":[{"href":"https:\/\/roveyayinevi.com.tr\/index.php\/wp-json\/wp\/v2\/product"}],"about":[{"href":"https:\/\/roveyayinevi.com.tr\/index.php\/wp-json\/wp\/v2\/types\/product"}],"wp:attachment":[{"href":"https:\/\/roveyayinevi.com.tr\/index.php\/wp-json\/wp\/v2\/media?parent=706895"}],"wp:term":[{"taxonomy":"product_brand","embeddable":true,"href":"https:\/\/roveyayinevi.com.tr\/index.php\/wp-json\/wp\/v2\/product_brand?post=706895"},{"taxonomy":"product_cat","embeddable":true,"href":"https:\/\/roveyayinevi.com.tr\/index.php\/wp-json\/wp\/v2\/product_cat?post=706895"},{"taxonomy":"product_tag","embeddable":true,"href":"https:\/\/roveyayinevi.com.tr\/index.php\/wp-json\/wp\/v2\/product_tag?post=706895"}],"curies":[{"name":"wp","href":"https:\/\/api.w.org\/{rel}","templated":true}]}}