{"id":706894,"date":"2025-08-27T16:00:48","date_gmt":"2025-08-27T13:00:48","guid":{"rendered":"https:\/\/roveyayinevi.com.tr\/index.php\/urun\/takipci-ciltli\/"},"modified":"2026-04-16T02:15:38","modified_gmt":"2026-04-15T23:15:38","slug":"takipci-ciltli","status":"publish","type":"product","link":"https:\/\/roveyayinevi.com.tr\/index.php\/urun\/takipci-ciltli\/","title":{"rendered":"Takip\u00e7i (Ciltli)"},"content":{"rendered":"<p>\u201cHi\u00e7bir \u015fey olmamas\u0131n\u0131n korkun\u00e7 oldu\u011funun fark\u0131nda m\u0131s\u0131n?\u201dS\u0131rad\u0131\u015f\u0131 metinleriyle 20. y\u00fczy\u0131l d\u00fcnya edebiyat\u0131nda kendine \u00f6zg\u00fc bir yer edinen Julio Cort\u00e1zar\u2019\u0131n caz m\u00fczi\u011fin \u00f6l\u00fcms\u00fcz isimlerinden Charlie Parker\u2019a adad\u0131\u011f\u0131 Takip\u00e7i isimli hik\u00e2yesi, i\u00e7 i\u00e7e ge\u00e7mi\u015f olaylar\u0131n, son h\u0131z yuvarlanan ya\u015famlar\u0131n, biriken s\u0131k\u0131nt\u0131lar\u0131n ortas\u0131nda, ya\u015fant\u0131s\u0131na katlanmakta zorlanan bir caz deh\u00e2s\u0131n\u0131n son g\u00fcnlerini ele al\u0131yor.Y\u0131l 1949 ya da 50&#8230; Cincinnati\u2019de bir kay\u0131t provas\u0131&#8230; Miles Davis\u2019in de tan\u0131kl\u0131k etti\u011fi e\u015fsiz bir an&#8230; Kahraman\u0131m\u0131z Johnny Carter, do\u011fa\u00e7lama \u00e7ald\u0131\u011f\u0131 bir prova s\u0131ras\u0131nda birden durur ve havaya bir yumruk savurup hayk\u0131rarak \u201cBunu yar\u0131n \u00e7al\u0131yorum,\u201d der. Bir yandan aln\u0131na vurmaktad\u0131r ve \u201cBunu yar\u0131n \u00e7alm\u0131\u015ft\u0131m, bu korkun\u00e7 bir \u015fey Miles, bunu yar\u0131n \u00e7alm\u0131\u015ft\u0131m,\u201d diye say\u0131klamaktad\u0131r.Her sat\u0131r\u0131nda varolu\u015fsal sanc\u0131lar bar\u0131nd\u0131ran Takip\u00e7i, \u201czaman\u201d kavram\u0131yla daimi bir problemi olan Charlie Parker\u2019\u0131n parlak kariyerinin ve \u00e7alkant\u0131l\u0131 ya\u015fant\u0131s\u0131n\u0131n son zamanlar\u0131na tan\u0131kl\u0131k ettiriyor. Anlat\u0131c\u0131m\u0131z, bir ba\u015fka deyi\u015fle takip\u00e7imiz Bruno, hikayede Johnny Carter ad\u0131yla ge\u00e7en Charlie Parker\u2019\u0131n ba\u015f d\u00f6nd\u00fcr\u00fcc\u00fc ya\u015fam\u0131nda k\u0131sa ama son derece etkili bir zaman koridoru a\u00e7arak okurlar\u0131 pe\u015finden s\u00fcr\u00fckl\u00fcyor. Caz tarihinin gelmi\u015f ge\u00e7mi\u015f en b\u00fcy\u00fck alto saksofoncular\u0131ndan Parker\u2019\u0131n \u00f6l\u00fcm\u00fcnden \u00f6nceki son g\u00fcnlerini hareketli bir arka plan e\u015fli\u011finde aktaran Takip\u00e7i, Arjantinli sanat\u00e7\u0131 Jos\u00e9 Mu\u00f1oz\u2019un kitab\u0131n ruhunu b\u00fct\u00fcnleyen siyah beyaz ill\u00fcstrasyonlar\u0131yla kitapseverleri metnin derinliklerinde bir gezintiye \u00e7\u0131kar\u0131yor.S\u0131k\u0131 bir Parker hayran\u0131 olmas\u0131n\u0131n yan\u0131 s\u0131ra amat\u00f6r bir cazc\u0131 olan Cort\u00e0zar, m\u00fczikteki notalar\u0131n edebiyattaki kar\u015f\u0131l\u0131\u011f\u0131 say\u0131labilecek harflerin yard\u0131m\u0131yla efsane m\u00fczisyenin an\u0131s\u0131na yak\u0131\u015fan \u201cemprovize\u201d bir metin kaleme al\u0131yor. Her \u015feyin m\u00fcmk\u00fcn olabildi\u011fi caz d\u00fcnyas\u0131ndan g\u00fcnbeg\u00fcn kopmaya ba\u015flayan bir y\u0131ld\u0131z\u0131n deyim yerindeyse erken yas\u0131n\u0131 tutan yazar, sanat\u00e7\u0131 ve ele\u015ftirmen aras\u0131ndaki \u201ckar\u015f\u0131t\u201d ili\u015fkiye dem vurarak felsefi sularda geziniyor.\u201cBird\u201d olarak da tan\u0131nan ve caz tarihinin en b\u00fcy\u00fck isimlerinden Charlie Parker\u2019\u0131n m\u00fczikle zaman\u0131n \u00f6tesine ge\u00e7i\u015fini, saksofonuyla kurdu\u011fu \u00f6zel ili\u015fkiyi ve varolu\u015fsal sanc\u0131lar\u0131n\u0131 irdeleyen Cort\u00e0zar, d\u00f6nemin \u00e7etrefilli atmosferini, ge\u00e7mi\u015fle g\u00fcn\u00fcm\u00fcz aras\u0131nda ak\u0131p duran bir zaman gelgitinde y\u00fczd\u00fcr\u00fcyor.<\/p>\n","protected":false},"excerpt":{"rendered":"<p>\u201cHi\u00e7bir \u015fey olmamas\u0131n\u0131n korkun\u00e7 oldu\u011funun fark\u0131nda m\u0131s\u0131n?\u201dS\u0131rad\u0131\u015f\u0131 metinleriyle 20. y\u00fczy\u0131l d\u00fcnya edebiyat\u0131nda kendine \u00f6zg\u00fc bir yer edinen Julio Cort\u00e1zar\u2019\u0131n caz m\u00fczi\u011fin \u00f6l\u00fcms\u00fcz isimlerinden Charlie Parker\u2019a adad\u0131\u011f\u0131<span class=\"excerpt-hellip\"> [\u2026]<\/span><\/p>\n","protected":false},"featured_media":0,"template":"","meta":{"_monsterinsights_skip_tracking":false,"_monsterinsights_sitenote_active":false,"_monsterinsights_sitenote_note":"","_monsterinsights_sitenote_category":0},"product_brand":[],"product_cat":[12291,13113],"product_tag":[],"class_list":{"0":"post-706894","1":"product","2":"type-product","3":"status-publish","5":"product_cat-edebiyat","6":"product_cat-ispanyol-edebiyati","7":"pa_cilt-ciltli","8":"pa_tur-kitap","9":"pa_yayinevi-delidolu","10":"pa_yazar-julio-cortazar","12":"first","13":"instock","14":"sale","15":"shipping-taxable","16":"purchasable","17":"product-type-simple"},"_links":{"self":[{"href":"https:\/\/roveyayinevi.com.tr\/index.php\/wp-json\/wp\/v2\/product\/706894","targetHints":{"allow":["GET"]}}],"collection":[{"href":"https:\/\/roveyayinevi.com.tr\/index.php\/wp-json\/wp\/v2\/product"}],"about":[{"href":"https:\/\/roveyayinevi.com.tr\/index.php\/wp-json\/wp\/v2\/types\/product"}],"wp:attachment":[{"href":"https:\/\/roveyayinevi.com.tr\/index.php\/wp-json\/wp\/v2\/media?parent=706894"}],"wp:term":[{"taxonomy":"product_brand","embeddable":true,"href":"https:\/\/roveyayinevi.com.tr\/index.php\/wp-json\/wp\/v2\/product_brand?post=706894"},{"taxonomy":"product_cat","embeddable":true,"href":"https:\/\/roveyayinevi.com.tr\/index.php\/wp-json\/wp\/v2\/product_cat?post=706894"},{"taxonomy":"product_tag","embeddable":true,"href":"https:\/\/roveyayinevi.com.tr\/index.php\/wp-json\/wp\/v2\/product_tag?post=706894"}],"curies":[{"name":"wp","href":"https:\/\/api.w.org\/{rel}","templated":true}]}}