{"id":706893,"date":"2025-08-27T16:00:48","date_gmt":"2025-08-27T13:00:48","guid":{"rendered":"https:\/\/roveyayinevi.com.tr\/index.php\/urun\/saraydaki-gizli-tarikat\/"},"modified":"2025-09-22T10:28:24","modified_gmt":"2025-09-22T07:28:24","slug":"saraydaki-gizli-tarikat","status":"publish","type":"product","link":"https:\/\/roveyayinevi.com.tr\/index.php\/urun\/saraydaki-gizli-tarikat\/","title":{"rendered":"Saray\u2019daki Gizli Tarikat"},"content":{"rendered":"<p>Bir tarikat d\u00fc\u015f\u00fcn\u00fcn\u00fcz:\u00d6zal\u2019dan Erdo\u011fan\u2019a \u00fc\u00e7 cumhurba\u015fkan\u0131&#8230; \u00d6zal\u2019dan Erbakan\u2019a \u00fc\u00e7 ba\u015fbakan&#8230;Binlerce b\u00fcrokrat, binlerce i\u015fadam\u0131&#8230;Bu sadece tarikat\u0131n siyasi ve ticari cephesidir.\u00d6te yanda&#8230;Mehmet Zahid Kotku\u2019dan C\u00fcbbeli Ahmet Hoca\u2019ya binlerce din adam\u0131&#8230; G\u00fcm\u00fc\u015fhanevi\u2019den \u0130smaila\u011fa\u2019ya binlerce tekke&#8230;Bu ise tarikat\u0131n dini cephesidir.Ve&#8230;Sevr\u2019den BOP\u2019a&#8230; \u015eam\u2019dan Musul\u2019a&#8230; Osmanl\u0131\u2019dan Cumhuriyet\u2019e ve de g\u00fcn\u00fcm\u00fcze&#8230;Bu da tarikat\u0131n k\u00fcresel cephesidir.Biz burada siyasete, ticarete ve inan\u00e7lara y\u00f6n veren ve ard\u0131nda iki y\u00fcz y\u0131ll\u0131k tarihsel s\u00fcre\u00e7 olan bir tarikattan bahsediyoruz.Ve biz bir tarikat\u0131n, nas\u0131l olup da insanlar\u0131m\u0131z\u0131n kutsal inan\u00e7lar\u0131 \u00fczerinde oynayarak bunu siyasi, askeri ve ekonomik g\u00fcce d\u00f6n\u00fc\u015ft\u00fcrebildi\u011fini ve bu g\u00fcc\u00fc de devlet y\u00f6netiminde nas\u0131l kullanabildi\u011fini anlamaya \u00e7al\u0131\u015f\u0131yoruz.Bug\u00fcn T\u00fcrkiye\u2019de herkes darbeyi konu\u015fuyor ama darbenin hedefinde nas\u0131l bir g\u00fc\u00e7 oldu\u011funu kimse g\u00f6rmek istemiyor. Oysaki bug\u00fcn\u00fc anlayabilmenin yolu d\u00fcne bakmaktan ge\u00e7iyor.Elinizde tuttu\u011funuz kitap bu tarihsel s\u00fcreci t\u00fcm ayr\u0131nt\u0131lar\u0131yla de\u015fifre eden ve bug\u00fcn T\u00fcrkiye\u2019de ya\u015fan\u0131lanlara g\u00fc\u00e7l\u00fc bir \u0131\u015f\u0131k tutabilen \u201cbelgesel\u201d bir \u00e7al\u0131\u015fmad\u0131r.<\/p>\n","protected":false},"excerpt":{"rendered":"<p>Bir tarikat d\u00fc\u015f\u00fcn\u00fcn\u00fcz:\u00d6zal\u2019dan Erdo\u011fan\u2019a \u00fc\u00e7 cumhurba\u015fkan\u0131&#8230; \u00d6zal\u2019dan Erbakan\u2019a \u00fc\u00e7 ba\u015fbakan&#8230;Binlerce b\u00fcrokrat, binlerce i\u015fadam\u0131&#8230;Bu sadece tarikat\u0131n siyasi ve ticari cephesidir.\u00d6te yanda&#8230;Mehmet Zahid Kotku\u2019dan C\u00fcbbeli Ahmet Hoca\u2019ya binlerce<span class=\"excerpt-hellip\"> [\u2026]<\/span><\/p>\n","protected":false},"featured_media":0,"template":"","meta":{"_monsterinsights_skip_tracking":false,"_monsterinsights_sitenote_active":false,"_monsterinsights_sitenote_note":"","_monsterinsights_sitenote_category":0},"product_brand":[],"product_cat":[13590,12337],"product_tag":[],"class_list":{"0":"post-706893","1":"product","2":"type-product","3":"status-publish","5":"product_cat-arastirma-inceleme-politika-siyaset","6":"product_cat-politika-siyaset","7":"pa_cilt-ciltsiz","8":"pa_tur-kitap","9":"pa_yayinevi-destek-yayinlari","10":"pa_yazar-erdal-sarizeybek","12":"first","13":"instock","14":"sale","15":"shipping-taxable","16":"purchasable","17":"product-type-simple"},"_links":{"self":[{"href":"https:\/\/roveyayinevi.com.tr\/index.php\/wp-json\/wp\/v2\/product\/706893","targetHints":{"allow":["GET"]}}],"collection":[{"href":"https:\/\/roveyayinevi.com.tr\/index.php\/wp-json\/wp\/v2\/product"}],"about":[{"href":"https:\/\/roveyayinevi.com.tr\/index.php\/wp-json\/wp\/v2\/types\/product"}],"wp:attachment":[{"href":"https:\/\/roveyayinevi.com.tr\/index.php\/wp-json\/wp\/v2\/media?parent=706893"}],"wp:term":[{"taxonomy":"product_brand","embeddable":true,"href":"https:\/\/roveyayinevi.com.tr\/index.php\/wp-json\/wp\/v2\/product_brand?post=706893"},{"taxonomy":"product_cat","embeddable":true,"href":"https:\/\/roveyayinevi.com.tr\/index.php\/wp-json\/wp\/v2\/product_cat?post=706893"},{"taxonomy":"product_tag","embeddable":true,"href":"https:\/\/roveyayinevi.com.tr\/index.php\/wp-json\/wp\/v2\/product_tag?post=706893"}],"curies":[{"name":"wp","href":"https:\/\/api.w.org\/{rel}","templated":true}]}}