{"id":706892,"date":"2025-08-27T16:00:47","date_gmt":"2025-08-27T13:00:47","guid":{"rendered":"https:\/\/roveyayinevi.com.tr\/index.php\/urun\/mucize-sifa\/"},"modified":"2026-04-16T02:15:38","modified_gmt":"2026-04-15T23:15:38","slug":"mucize-sifa","status":"publish","type":"product","link":"https:\/\/roveyayinevi.com.tr\/index.php\/urun\/mucize-sifa\/","title":{"rendered":"Mucize \u015eifa"},"content":{"rendered":"<p>Bir\u00e7ok insan enerjisini \u0130lahi Kaynak\u2019tan almak yerine, fark\u0131nda olmadan etraf\u0131ndaki insanlardan \u00e7ekerek beslenir. Bu beslenmeyi s\u00fcrd\u00fcrebilmek i\u00e7in, \u00e7evresindeki ki\u015filere a\u015f\u0131r\u0131 derecede ilgi g\u00f6sterip hizmet ederek, takdir, te\u015fekk\u00fcr, onaylanma ve sevgi almaya \u00e7al\u0131\u015f\u0131r.Zamanla bu davran\u0131\u015f kal\u0131pla\u015f\u0131r ve enerjisel bir beslenme yolu olur. \u0130lahi Kaynak yerine kuldan enerji alarak beslenmeye devam ettik\u00e7e, bedeninin iyile\u015fme performans\u0131 da d\u00fc\u015fmeye ba\u015flar.Allah her canl\u0131y\u0131 yarat\u0131rken, ona kendili\u011finden iyile\u015febilme \u00f6zelli\u011fini de vermi\u015ftir. Bedenimiz iyile\u015febilmek i\u00e7in enerjiye ihtiya\u00e7 duyar.Okuyaca\u011f\u0131n\u0131z bu kitapla; enerjinizi nerelere gereksiz harcad\u0131\u011f\u0131n\u0131z\u0131, enerjinizi nas\u0131l y\u00fckseltebilece\u011finizi, \u0130lahi Sistem\u2019e yeniden nas\u0131l ba\u011flanabilece\u011finizi, hangi d\u00fc\u015f\u00fcnce yap\u0131s\u0131yla bedeninize nas\u0131l etki edebilece\u011finizi, d\u00fc\u015f\u00fcncelerinizle kendinizi hasta etmekten nas\u0131l vazge\u00e7ebilece\u011finizi, en \u00f6nemlisi bedeninize misafir gelen hastal\u0131klar\u0131n size ne anlatmak istedi\u011fini kavray\u0131p, vermek istedi\u011fi mesaj\u0131 ald\u0131ktan sonra, sa\u011fl\u0131\u011f\u0131n\u0131za nas\u0131l kavu\u015fmaya ba\u015flad\u0131\u011f\u0131n\u0131z\u0131 g\u00f6receksiniz.\u0130lahi Kaynak\u2019a ba\u011flanma vaktiniz geldiyse, hayat sizi sa\u011flam bir \u015fekilde silkeler. \u00d6zellikle de en yak\u0131n\u0131n\u0131zdakilerle! En \u00e7ok emek verdiklerinizle!\u015eimdi derin bir nefes al\u0131n ve bu sefer kendiniz i\u00e7in bir ad\u0131m at\u0131n&#8230;B\u00fct\u00fcne \u015fifa olsun!<\/p>\n","protected":false},"excerpt":{"rendered":"<p>Bir\u00e7ok insan enerjisini \u0130lahi Kaynak\u2019tan almak yerine, fark\u0131nda olmadan etraf\u0131ndaki insanlardan \u00e7ekerek beslenir. Bu beslenmeyi s\u00fcrd\u00fcrebilmek i\u00e7in, \u00e7evresindeki ki\u015filere a\u015f\u0131r\u0131 derecede ilgi g\u00f6sterip hizmet ederek, takdir,<span class=\"excerpt-hellip\"> [\u2026]<\/span><\/p>\n","protected":false},"featured_media":0,"template":"","meta":{"_monsterinsights_skip_tracking":false,"_monsterinsights_sitenote_active":false,"_monsterinsights_sitenote_note":"","_monsterinsights_sitenote_category":0},"product_brand":[],"product_cat":[14787,13488],"product_tag":[],"class_list":{"0":"post-706892","1":"product","2":"type-product","3":"status-publish","5":"product_cat-diger-toplum-ve-insan","6":"product_cat-toplum-ve-insan","7":"pa_cilt-ciltsiz","8":"pa_tur-kitap","9":"pa_yayinevi-destek-yayinlari","10":"pa_yazar-bulent-gardiyanoglu","12":"first","13":"instock","14":"sale","15":"shipping-taxable","16":"purchasable","17":"product-type-simple"},"_links":{"self":[{"href":"https:\/\/roveyayinevi.com.tr\/index.php\/wp-json\/wp\/v2\/product\/706892","targetHints":{"allow":["GET"]}}],"collection":[{"href":"https:\/\/roveyayinevi.com.tr\/index.php\/wp-json\/wp\/v2\/product"}],"about":[{"href":"https:\/\/roveyayinevi.com.tr\/index.php\/wp-json\/wp\/v2\/types\/product"}],"wp:attachment":[{"href":"https:\/\/roveyayinevi.com.tr\/index.php\/wp-json\/wp\/v2\/media?parent=706892"}],"wp:term":[{"taxonomy":"product_brand","embeddable":true,"href":"https:\/\/roveyayinevi.com.tr\/index.php\/wp-json\/wp\/v2\/product_brand?post=706892"},{"taxonomy":"product_cat","embeddable":true,"href":"https:\/\/roveyayinevi.com.tr\/index.php\/wp-json\/wp\/v2\/product_cat?post=706892"},{"taxonomy":"product_tag","embeddable":true,"href":"https:\/\/roveyayinevi.com.tr\/index.php\/wp-json\/wp\/v2\/product_tag?post=706892"}],"curies":[{"name":"wp","href":"https:\/\/api.w.org\/{rel}","templated":true}]}}