{"id":706888,"date":"2025-08-27T16:00:46","date_gmt":"2025-08-27T13:00:46","guid":{"rendered":"https:\/\/roveyayinevi.com.tr\/index.php\/urun\/galaktik-diplomasi\/"},"modified":"2026-04-16T02:15:38","modified_gmt":"2026-04-15T23:15:38","slug":"galaktik-diplomasi","status":"publish","type":"product","link":"https:\/\/roveyayinevi.com.tr\/index.php\/urun\/galaktik-diplomasi\/","title":{"rendered":"Galaktik Diplomasi"},"content":{"rendered":"<p>-D\u00fcnyad\u0131\u015f\u0131 uygarl\u0131klar i\u00e7inde bulundu\u011fumuz zamanda neden buradalar? -Ufo\/d\u00fcnyad\u0131\u015f\u0131 varl\u0131klar konusu neden d\u00fcnya i\u00e7in son derece kritik \u00f6neme sahip? -D\u00fcnyad\u0131\u015f\u0131 varl\u0131klarla a\u00e7\u0131k temas neden ger\u00e7ekle\u015fmiyor? -D\u00fcnyad\u0131\u015f\u0131 uygarl\u0131klar n\u00fckleer tesislere neden m\u00fcdahale ediyorlar? -Yeni sosyal bilim alan\u0131 &#8220;exopolitika&#8221;n\u0131n do\u011fu\u015fu ne anlama geliyor? -D\u00fcnya tarihinin en kapsaml\u0131 \u00f6rtbas sistemi nas\u0131l kurguland\u0131? -D\u00fcnyad\u0131\u015f\u0131 uygarl\u0131klara ili\u015fkin politik s\u00fcre\u00e7 nas\u0131l y\u00fcr\u00fct\u00fcld\u00fc? -D\u00fcnyad\u0131\u015f\u0131 uygarl\u0131klar konusunun idaresinde sinema end\u00fcstrisi nas\u0131l kullan\u0131l\u0131yor? -Kamuoyunu &#8220;d\u00fcnyad\u0131\u015f\u0131 uygarl\u0131klarla a\u00e7\u0131k temasa haz\u0131rlama program\u0131&#8221; hangi y\u00f6ntemlerle y\u00fcr\u00fct\u00fcl\u00fcyor? -D\u00fcnyad\u0131\u015f\u0131 uygarl\u0131klar sivillerle bireysel temaslar\u0131 neden giderek h\u0131zland\u0131r\u0131yorlar? -Galaktik bir uygarl\u0131k 1954 y\u0131l\u0131nda d\u00fcnyaya nas\u0131l bir program \u00f6nerdi? -\u0130lk d\u00fcnyad\u0131\u015f\u0131 m\u00fclteciler kimlerdi? -Galaktik diplomasi -d\u00fcnyad\u0131\u015f\u0131 uygarl\u0131klarla diplomatik ili\u015fkilere dair s\u00fcrecin dinamikleri ve temsil modelleri- nas\u0131l olu\u015fturulmal\u0131? -D\u00fcnya gezegeni a\u00e7\u0131k temasa nas\u0131l ve neden haz\u0131rlanmal\u0131? -Kozmik ziyaret\u00e7ilerin d\u00fcnya insanl\u0131\u011f\u0131ndan beklentileri neler? -A\u00e7\u0131k temas sonras\u0131 gezegenimizi hangi ola\u011fan\u00fcst\u00fc de\u011fi\u015fimler bekliyor? -Yakla\u015fan b\u00fcy\u00fck paradigma de\u011fi\u015fimi insanl\u0131\u011fa nas\u0131l bir d\u00f6n\u00fc\u015f\u00fcm f\u0131rsat\u0131 sunuyor?<\/p>\n","protected":false},"excerpt":{"rendered":"<p>-D\u00fcnyad\u0131\u015f\u0131 uygarl\u0131klar i\u00e7inde bulundu\u011fumuz zamanda neden buradalar? -Ufo\/d\u00fcnyad\u0131\u015f\u0131 varl\u0131klar konusu neden d\u00fcnya i\u00e7in son derece kritik \u00f6neme sahip? -D\u00fcnyad\u0131\u015f\u0131 varl\u0131klarla a\u00e7\u0131k temas neden ger\u00e7ekle\u015fmiyor? -D\u00fcnyad\u0131\u015f\u0131 uygarl\u0131klar<span class=\"excerpt-hellip\"> [\u2026]<\/span><\/p>\n","protected":false},"featured_media":0,"template":"","meta":{"_monsterinsights_skip_tracking":false,"_monsterinsights_sitenote_active":false,"_monsterinsights_sitenote_note":"","_monsterinsights_sitenote_category":0},"product_brand":[],"product_cat":[43754,13005],"product_tag":[],"class_list":{"0":"post-706888","1":"product","2":"type-product","3":"status-publish","5":"product_cat-astronomi","6":"product_cat-bilim-muhendislik","7":"pa_cilt-ciltsiz","8":"pa_tur-kitap","9":"pa_yayinevi-destek-yayinlari","10":"pa_yazar-erhan-kolbasi","12":"first","13":"instock","14":"sale","15":"shipping-taxable","16":"purchasable","17":"product-type-simple"},"_links":{"self":[{"href":"https:\/\/roveyayinevi.com.tr\/index.php\/wp-json\/wp\/v2\/product\/706888","targetHints":{"allow":["GET"]}}],"collection":[{"href":"https:\/\/roveyayinevi.com.tr\/index.php\/wp-json\/wp\/v2\/product"}],"about":[{"href":"https:\/\/roveyayinevi.com.tr\/index.php\/wp-json\/wp\/v2\/types\/product"}],"wp:attachment":[{"href":"https:\/\/roveyayinevi.com.tr\/index.php\/wp-json\/wp\/v2\/media?parent=706888"}],"wp:term":[{"taxonomy":"product_brand","embeddable":true,"href":"https:\/\/roveyayinevi.com.tr\/index.php\/wp-json\/wp\/v2\/product_brand?post=706888"},{"taxonomy":"product_cat","embeddable":true,"href":"https:\/\/roveyayinevi.com.tr\/index.php\/wp-json\/wp\/v2\/product_cat?post=706888"},{"taxonomy":"product_tag","embeddable":true,"href":"https:\/\/roveyayinevi.com.tr\/index.php\/wp-json\/wp\/v2\/product_tag?post=706888"}],"curies":[{"name":"wp","href":"https:\/\/api.w.org\/{rel}","templated":true}]}}