{"id":706887,"date":"2025-08-27T16:00:45","date_gmt":"2025-08-27T13:00:45","guid":{"rendered":"https:\/\/roveyayinevi.com.tr\/index.php\/urun\/darbenin-kayip-saatleri\/"},"modified":"2026-04-16T02:15:38","modified_gmt":"2026-04-15T23:15:38","slug":"darbenin-kayip-saatleri","status":"publish","type":"product","link":"https:\/\/roveyayinevi.com.tr\/index.php\/urun\/darbenin-kayip-saatleri\/","title":{"rendered":"Darbenin Kay\u0131p Saatleri"},"content":{"rendered":"<p>15 Temmuz&#8217;u tek ba\u015f\u0131na bir darbe giri\u015fimi olarak m\u0131 alaca\u011f\u0131z yoksa geni\u015f foto\u011frafa m\u0131 yerle\u015ftirece\u011fiz? Bunu hi\u00e7 d\u00fc\u015f\u00fcnd\u00fcn\u00fcz m\u00fc? Y\u0131llard\u0131r B\u00fcy\u00fck Ortado\u011fu Projesi&#8217;nin tehlikelerine dikkat \u00e7ekenlerin 15 Temmuz&#8217;u bir grubun basit bir darbe giri\u015fimi olarak g\u00f6rmesi m\u00fcmk\u00fcn m\u00fc? Dibimizde bir kaos ya\u015fan\u0131rken, i\u00e7imizde ter\u00f6r \u00f6rg\u00fctleri pusudayken 15 Temmuz&#8217;u bunlardan ba\u011f\u0131ms\u0131z ele alamay\u0131z. B\u00fcy\u00fck bir yapbozun par\u00e7as\u0131n\u0131 ya\u015fad\u0131k o gece. Buradaki \u015fablonu ve amac\u0131 anlayamaz, \u00f6\u011frenemezsek kar\u015f\u0131m\u0131zdaki g\u00fcc\u00fcn olas\u0131 di\u011fer hamlelerinde ba\u015far\u0131s\u0131z olabilir, t\u00f6kezleyebiliriz. Biz bu kitapta size s\u00f6z\u00fcn\u00fc etti\u011fimiz yapbozun k\u00fc\u00e7\u00fck bir par\u00e7as\u0131n\u0131 de\u011fil, b\u00fct\u00fcn \u015fablonu okuyabilece\u011finiz \u00f6nemli verileri aktarmaya \u00e7al\u0131\u015ft\u0131k.\u00c7\u00fcnk\u00fc 15 Temmuz gecesi kripto bir su\u00e7 \u00f6rg\u00fct\u00fc taraf\u0131ndan bireylere y\u00f6nelik de\u011fil T\u00fcrk milletine kar\u015f\u0131 bir cinayet i\u015flendi. D\u00fcnyada bilinir ki kusursuz cinayet diye bir kavram yoktur. Katiller ne kadar dikkat etseler de ya ba\u015flang\u0131c\u0131nda, ya cinayet mahallinde ya da sonras\u0131nda arkalar\u0131nda bir\u00e7ok iz b\u0131rak\u0131rlar. Biz bu kitapta 15 Temmuz gecesine nas\u0131l geldi\u011fimizi, o gecedeki kay\u0131p saatleri ve sonras\u0131nda ya\u015fanan s\u00fcreci aktarma amac\u0131n\u0131 ta\u015f\u0131d\u0131k. 15 Temmuz saat 14.45&#8217;te Milli \u0130stihbarat Te\u015fkilat\u0131 \u00f6n\u00fcnde bir ko\u015fturmayla ba\u015flayan 25 saatlik s\u00fcreci yazmaya, bu 25 saatte \u015fu sorular\u0131n yan\u0131tlar\u0131na ula\u015fabilmeniz i\u00e7in bir yol a\u00e7maya \u00e7al\u0131\u015ft\u0131k:-Darbe nas\u0131l \u00f6\u011frenildi?-Darbe ne zaman planland\u0131 ve harekete ge\u00e7ildi?-Darbenin bir numaras\u0131 kimdi?-Genelkurmay Ba\u015fkan\u0131 ve M\u0130T M\u00fcste\u015far\u0131 neden bilgilendirme yapmad\u0131lar?-Darbeyle ilgili ihbar gelmi\u015f olmas\u0131na ra\u011fmen \u00f6nemli komutanlar neden Ankara&#8217;ya \u00e7a\u011fr\u0131lmad\u0131 ve d\u00fc\u011f\u00fcnlere kat\u0131ld\u0131lar?-Bu kripto \u00f6rg\u00fct kendini nas\u0131l kamufle etti?-Genelkurmay&#8217;daki \u00f6r\u00fcmcek a\u011f\u0131n\u0131 nas\u0131l olu\u015fturdu?-15 Temmuz gecesi ilk olarak nereyi hedeflediler?-\u0130stanbul ve Ankara d\u0131\u015f\u0131nda ger\u00e7ek anlamda neler ya\u015fand\u0131?-Cumhurba\u015fkan\u0131&#8217;n\u0131n Marmaris seyahatine yol a\u00e7an kritik g\u00f6r\u00fc\u015fme neydi?-Darbenin k\u0131r\u0131lma anlar\u0131 nelerdi?Bu sorular\u0131n yan\u0131tlar\u0131n\u0131 elimizden geldi\u011fi kadar ilgililere sorduk. Olaylar\u0131n ge\u00e7ti\u011fi yerleri ad\u0131m ad\u0131m gezdik, bilgi toplad\u0131k, katilin e\u015fk\u00e2lini tarif edecek sonu\u00e7lara ula\u015ft\u0131k.\u015eimdi sizleri o gecenin kay\u0131p saatlerini bulman\u0131z, katilin e\u015fk\u00e2lini g\u00f6rebilmeniz i\u00e7in 15 Temmuz 14.45&#8217;e, Ankara Yenimahalle&#8217;deki Milli \u0130stihbarat Te\u015fkilat\u0131&#8217;n\u0131n \u00f6n\u00fcne g\u00f6t\u00fcr\u00fcyoruz. <\/p>\n","protected":false},"excerpt":{"rendered":"<p>15 Temmuz&#8217;u tek ba\u015f\u0131na bir darbe giri\u015fimi olarak m\u0131 alaca\u011f\u0131z yoksa geni\u015f foto\u011frafa m\u0131 yerle\u015ftirece\u011fiz? Bunu hi\u00e7 d\u00fc\u015f\u00fcnd\u00fcn\u00fcz m\u00fc? Y\u0131llard\u0131r B\u00fcy\u00fck Ortado\u011fu Projesi&#8217;nin tehlikelerine dikkat \u00e7ekenlerin<span class=\"excerpt-hellip\"> [\u2026]<\/span><\/p>\n","protected":false},"featured_media":0,"template":"","meta":{"_monsterinsights_skip_tracking":false,"_monsterinsights_sitenote_active":false,"_monsterinsights_sitenote_note":"","_monsterinsights_sitenote_category":0},"product_brand":[],"product_cat":[12337,14543],"product_tag":[],"class_list":{"0":"post-706887","1":"product","2":"type-product","3":"status-publish","5":"product_cat-politika-siyaset","6":"product_cat-turkiye-siyaseti-ve-politikasi","7":"pa_cilt-ciltsiz","8":"pa_tur-kitap","9":"pa_yayinevi-destek-yayinlari","10":"pa_yazar-ceyhun-bozkurt-mete-yarar","12":"first","13":"instock","14":"sale","15":"shipping-taxable","16":"purchasable","17":"product-type-simple"},"_links":{"self":[{"href":"https:\/\/roveyayinevi.com.tr\/index.php\/wp-json\/wp\/v2\/product\/706887","targetHints":{"allow":["GET"]}}],"collection":[{"href":"https:\/\/roveyayinevi.com.tr\/index.php\/wp-json\/wp\/v2\/product"}],"about":[{"href":"https:\/\/roveyayinevi.com.tr\/index.php\/wp-json\/wp\/v2\/types\/product"}],"wp:attachment":[{"href":"https:\/\/roveyayinevi.com.tr\/index.php\/wp-json\/wp\/v2\/media?parent=706887"}],"wp:term":[{"taxonomy":"product_brand","embeddable":true,"href":"https:\/\/roveyayinevi.com.tr\/index.php\/wp-json\/wp\/v2\/product_brand?post=706887"},{"taxonomy":"product_cat","embeddable":true,"href":"https:\/\/roveyayinevi.com.tr\/index.php\/wp-json\/wp\/v2\/product_cat?post=706887"},{"taxonomy":"product_tag","embeddable":true,"href":"https:\/\/roveyayinevi.com.tr\/index.php\/wp-json\/wp\/v2\/product_tag?post=706887"}],"curies":[{"name":"wp","href":"https:\/\/api.w.org\/{rel}","templated":true}]}}