{"id":706885,"date":"2025-08-27T16:00:45","date_gmt":"2025-08-27T13:00:45","guid":{"rendered":"https:\/\/roveyayinevi.com.tr\/index.php\/urun\/cocuklar-ve-diger-seyler\/"},"modified":"2026-04-16T02:15:38","modified_gmt":"2026-04-15T23:15:38","slug":"cocuklar-ve-diger-seyler","status":"publish","type":"product","link":"https:\/\/roveyayinevi.com.tr\/index.php\/urun\/cocuklar-ve-diger-seyler\/","title":{"rendered":"\u00c7ocuklar ve Di\u011fer \u015eeyler"},"content":{"rendered":"<p>\u00c7ocuklar ve di\u011fer \u015feyler, \u201cP\u0131t\u0131rc\u0131k\u201d serisi ile tan\u0131nan Frans\u0131z karikat\u00fcrist Jean-Jacques Semp\u00e9\u2019nin \u00e7izdi\u011fi, her ya\u015ftan okuru, \u00e7ocuklar\u0131n s\u0131n\u0131rs\u0131z evreninde keyifli bir gezintiye \u00e7\u0131karan \u201cmuzip\u201d bir kitap.Desen Yay\u0131nlar\u0131 taraf\u0131ndan, \u00f6zenli bir bas\u0131mla, ilk kez T\u00fcrkiye\u2019deki okurlar\u0131n be\u011fenisine sunulan \u00c7ocuklar ve di\u011fer \u015feyler, Semp\u00e9\u2019nin farkl\u0131 temalar \u00fczerine haz\u0131rlad\u0131\u011f\u0131 yepyeni karikat\u00fcr alb\u00fcmlerinin de habercisi\u2026\u00c7oksatan kitaplar\u0131 ve sansasyonel karikat\u00fcr \u00e7al\u0131\u015fmalar\u0131n\u0131n yan\u0131 s\u0131ra New York Times, Paris Match, New Yorker gibi gazete ve dergilere yapt\u0131\u011f\u0131 \u00e7izimlerle dikkat \u00e7eken Sempe, \u00e7ocuklarla yeti\u015fkinlerin ili\u015fkilerinde ya\u015fanan \u00e7eli\u015fkileri, ince ve yal\u0131n \u00e7izgiler kullanarak muazzam bir derinlikle yans\u0131tmay\u0131 ba\u015faran usta bir kalem.Karikat\u00fcrlerine bakan herkeste adeta bir boy aynas\u0131na bak\u0131yormu\u015f hissi yaratan Semp\u00e9, \u00c7ocuklar ve di\u011fer \u015feyler isimli kitab\u0131nda, yeti\u015fkinlerin \u201c\u00e7ocuk\u00e7a\u201d buldu\u011fu ve yerli yersiz ele\u015ftirmeye kalk\u0131\u015ft\u0131\u011f\u0131 olaylar\u0131 yal\u0131n ve incelikli \u00e7izgilerle bulu\u015fturarak, \u00e7ocuklar\u0131n kimi zaman naif kimi zaman muzipliklerle dolu s\u0131n\u0131rs\u0131z evrenine selam g\u00f6nderiyor.Her ya\u015ftan karikat\u00fcrseverin kitapl\u0131\u011f\u0131nda bulunmas\u0131 gereken bu kitap, asla bir defa okumakla yetinemeyece\u011finiz, tekrar tekrar bakma ihtiyac\u0131 hissedece\u011finiz bir \u00e7al\u0131\u015fma. Bu nedenle, siz siz olun mutlaka i\u00e7inizdeki \u00e7ocu\u011fun kolay eri\u015febilece\u011fi bir yerde bulundurun\u2026\u201cHer \u015feyden \u00f6nce, bu kitap okurlara kendi \u00e7ocukluklar\u0131n\u0131 hat\u0131rlat\u0131yor, her \u015feyi yapmakta \u00f6zg\u00fcr oldu\u011fumuz, cesurca d\u00fc\u015f\u00fcnd\u00fc\u011f\u00fcm\u00fcz zamanlar\u0131.\u201d- The Guardian\u201cYetenekli bir\u00e7ok Frans\u0131z \u00e7izer var, Semp\u00e9 ise bunlar\u0131n aras\u0131nda en evrenseli. O, ufac\u0131k bir karikat\u00fcre ola\u011fan\u00fcst\u00fc anlamlar ili\u015ftiriyor.\u201d- The Independent<\/p>\n","protected":false},"excerpt":{"rendered":"<p>\u00c7ocuklar ve di\u011fer \u015feyler, \u201cP\u0131t\u0131rc\u0131k\u201d serisi ile tan\u0131nan Frans\u0131z karikat\u00fcrist Jean-Jacques Semp\u00e9\u2019nin \u00e7izdi\u011fi, her ya\u015ftan okuru, \u00e7ocuklar\u0131n s\u0131n\u0131rs\u0131z evreninde keyifli bir gezintiye \u00e7\u0131karan \u201cmuzip\u201d bir kitap.Desen<span class=\"excerpt-hellip\"> [\u2026]<\/span><\/p>\n","protected":false},"featured_media":0,"template":"","meta":{"_monsterinsights_skip_tracking":false,"_monsterinsights_sitenote_active":false,"_monsterinsights_sitenote_note":"","_monsterinsights_sitenote_category":0},"product_brand":[],"product_cat":[12275,12274],"product_tag":[],"class_list":{"0":"post-706885","1":"product","2":"type-product","3":"status-publish","5":"product_cat-6-12-yas-kitaplari","6":"product_cat-cocuk-ve-genclik-kitaplari","7":"pa_cilt-ciltsiz","8":"pa_tur-kitap","9":"pa_yayinevi-desen-yayinlari","10":"pa_yazar-jean-jacques-sempe","12":"first","13":"instock","14":"sale","15":"shipping-taxable","16":"purchasable","17":"product-type-simple"},"_links":{"self":[{"href":"https:\/\/roveyayinevi.com.tr\/index.php\/wp-json\/wp\/v2\/product\/706885","targetHints":{"allow":["GET"]}}],"collection":[{"href":"https:\/\/roveyayinevi.com.tr\/index.php\/wp-json\/wp\/v2\/product"}],"about":[{"href":"https:\/\/roveyayinevi.com.tr\/index.php\/wp-json\/wp\/v2\/types\/product"}],"wp:attachment":[{"href":"https:\/\/roveyayinevi.com.tr\/index.php\/wp-json\/wp\/v2\/media?parent=706885"}],"wp:term":[{"taxonomy":"product_brand","embeddable":true,"href":"https:\/\/roveyayinevi.com.tr\/index.php\/wp-json\/wp\/v2\/product_brand?post=706885"},{"taxonomy":"product_cat","embeddable":true,"href":"https:\/\/roveyayinevi.com.tr\/index.php\/wp-json\/wp\/v2\/product_cat?post=706885"},{"taxonomy":"product_tag","embeddable":true,"href":"https:\/\/roveyayinevi.com.tr\/index.php\/wp-json\/wp\/v2\/product_tag?post=706885"}],"curies":[{"name":"wp","href":"https:\/\/api.w.org\/{rel}","templated":true}]}}