{"id":706884,"date":"2025-08-27T16:00:44","date_gmt":"2025-08-27T13:00:44","guid":{"rendered":"https:\/\/roveyayinevi.com.tr\/index.php\/urun\/muhurler-sandigi-3-gizli-gorev-olimpiyatlar\/"},"modified":"2026-04-16T02:15:38","modified_gmt":"2026-04-15T23:15:38","slug":"muhurler-sandigi-3-gizli-gorev-olimpiyatlar","status":"publish","type":"product","link":"https:\/\/roveyayinevi.com.tr\/index.php\/urun\/muhurler-sandigi-3-gizli-gorev-olimpiyatlar\/","title":{"rendered":"M\u00fch\u00fcrler Sand\u0131\u011f\u0131 3 &#8211; Gizli G\u00f6rev: Olimpiyatlar"},"content":{"rendered":"<p>S\u0131k\u0131 Dur!M\u00fch\u00fcrler Sand\u0131\u011f\u0131 serisi devam ediyor. Serinin \u00fc\u00e7\u00fcnc\u00fc kitab\u0131 Gizli G\u00f6rev: Olimpiyatlar ile kendini antik bir uygarl\u0131\u011f\u0131n gizemli koridorlar\u0131nda soluk solu\u011fa bir maceran\u0131n i\u00e7inde bulacaks\u0131n!Ba\u015fak ve Alp ta\u015f\u0131nd\u0131klar\u0131 mahallede, yeni bir okul, yeni \u00f6\u011fretmenler, yeni s\u0131n\u0131f arkada\u015flar\u0131na al\u0131\u015fmaya \u00e7al\u0131\u015f\u0131rken matrak olaylar yine pe\u015flerini b\u0131rakm\u0131yor. \u00d6te yandan, Ba\u015fak ve Alp\u2019in g\u00f6revi devam ediyor. \u00dcstelik \u00e7\u0131lg\u0131n arkada\u015flar\u0131 T\u00fclay (nam-di\u011fer Olay!) da art\u0131k onlarla birlikte. D\u00fcnyam\u0131z\u0131n gelece\u011fini kurtarmak i\u00e7in zamanda yolculuk yapmal\u0131 ve insanl\u0131\u011f\u0131n kaderini de\u011fi\u015ftirecek m\u00fch\u00fcrleri toplamal\u0131lar.Bu defa M\u00fch\u00fcrler Sand\u0131\u011f\u0131 onlar\u0131 demokrasinin be\u015fi\u011fi Antik Yunan\u2019a g\u00f6t\u00fcr\u00fcyor. Olimpiyat haz\u0131rl\u0131klar\u0131n\u0131n yap\u0131ld\u0131\u011f\u0131 d\u00f6nemde Atina\u2019da neler oluyor neler&#8230;<\/p>\n","protected":false},"excerpt":{"rendered":"<p>S\u0131k\u0131 Dur!M\u00fch\u00fcrler Sand\u0131\u011f\u0131 serisi devam ediyor. Serinin \u00fc\u00e7\u00fcnc\u00fc kitab\u0131 Gizli G\u00f6rev: Olimpiyatlar ile kendini antik bir uygarl\u0131\u011f\u0131n gizemli koridorlar\u0131nda soluk solu\u011fa bir maceran\u0131n i\u00e7inde bulacaks\u0131n!Ba\u015fak ve<span class=\"excerpt-hellip\"> [\u2026]<\/span><\/p>\n","protected":false},"featured_media":0,"template":"","meta":{"_monsterinsights_skip_tracking":false,"_monsterinsights_sitenote_active":false,"_monsterinsights_sitenote_note":"","_monsterinsights_sitenote_category":0},"product_brand":[],"product_cat":[12275,12274],"product_tag":[],"class_list":{"0":"post-706884","1":"product","2":"type-product","3":"status-publish","5":"product_cat-6-12-yas-kitaplari","6":"product_cat-cocuk-ve-genclik-kitaplari","7":"pa_cilt-ciltsiz","8":"pa_tur-kitap","9":"pa_yayinevi-dogan-egmont-yayincilik","10":"pa_yazar-birsen-ekim-ozen","12":"first","13":"instock","14":"sale","15":"shipping-taxable","16":"purchasable","17":"product-type-simple"},"_links":{"self":[{"href":"https:\/\/roveyayinevi.com.tr\/index.php\/wp-json\/wp\/v2\/product\/706884","targetHints":{"allow":["GET"]}}],"collection":[{"href":"https:\/\/roveyayinevi.com.tr\/index.php\/wp-json\/wp\/v2\/product"}],"about":[{"href":"https:\/\/roveyayinevi.com.tr\/index.php\/wp-json\/wp\/v2\/types\/product"}],"wp:attachment":[{"href":"https:\/\/roveyayinevi.com.tr\/index.php\/wp-json\/wp\/v2\/media?parent=706884"}],"wp:term":[{"taxonomy":"product_brand","embeddable":true,"href":"https:\/\/roveyayinevi.com.tr\/index.php\/wp-json\/wp\/v2\/product_brand?post=706884"},{"taxonomy":"product_cat","embeddable":true,"href":"https:\/\/roveyayinevi.com.tr\/index.php\/wp-json\/wp\/v2\/product_cat?post=706884"},{"taxonomy":"product_tag","embeddable":true,"href":"https:\/\/roveyayinevi.com.tr\/index.php\/wp-json\/wp\/v2\/product_tag?post=706884"}],"curies":[{"name":"wp","href":"https:\/\/api.w.org\/{rel}","templated":true}]}}