{"id":706882,"date":"2025-08-27T16:00:43","date_gmt":"2025-08-27T13:00:43","guid":{"rendered":"https:\/\/roveyayinevi.com.tr\/index.php\/urun\/bakir-intiharlar\/"},"modified":"2026-04-16T02:15:38","modified_gmt":"2026-04-15T23:15:38","slug":"bakir-intiharlar","status":"publish","type":"product","link":"https:\/\/roveyayinevi.com.tr\/index.php\/urun\/bakir-intiharlar\/","title":{"rendered":"Bakir \u0130ntiharlar"},"content":{"rendered":"<p>Senin burada ne i\u015fin var tatl\u0131m?Hayat\u0131n ne kadar k\u00f6t\u00fcle\u015febilece\u011fini bilecek ya\u015fta de\u011filsin. Hi\u00e7 on \u00fc\u00e7 ya\u015f\u0131nda bir k\u0131z olmad\u0131\u011f\u0131n\u0131z anla\u015f\u0131l\u0131yor doktor. Cecilia, Therese, Bonnie, Lux ve Mary; Lisbon karde\u015fler bu s\u0131rayla intihar edecekler, be\u015f g\u00fczel k\u0131z, bir y\u0131l i\u00e7inde, t\u00fcm mahalle yolun kar\u015f\u0131s\u0131ndan onlar\u0131 izlerken. Herkes kendince bir sebep yazacak, k\u0131sa s\u00fcre sonra intiharlar y\u0131l\u0131 \u00fclkede ters giden her \u015feyin simgesi olacak. K\u0131zlar\u0131 taparcas\u0131na sevmi\u015f, hemen her yerden onlar\u0131 g\u00f6zetlemi\u015f mahallenin o\u011flanlar\u0131, hayatlar\u0131na devam edebilmek i\u00e7in yirmi y\u0131l sonra bile ayn\u0131 sorunun cevab\u0131n\u0131 arayacak: Lisbon k\u0131zlar\u0131 bunu neden yapt\u0131? 34 dilde yay\u0131mlanan ve Sofia Coppola taraf\u0131ndan beyaz perdeye de aktar\u0131lan Bakir \u0130ntiharlar bir modern klasik. Middlesex ile Pulitzer Edebiyat \u00d6d\u00fcl\u00fc&#8217;n\u00fc kazanan ve \u00e7a\u011fda\u015f edebiyat\u0131n k\u00fclt yazarlar\u0131ndan birine d\u00f6n\u00fc\u015fen Jeffrey Eugenides, bu ilk roman\u0131nda gen\u00e7lik ve kaybolan masumiyete dair e\u015fsiz bir portre \u00e7iziyor. &#8220;Eugenides \u00f6yk\u00fc anlat\u0131c\u0131lar\u0131na bah\u015fedilmi\u015f en b\u00fcy\u00fcl\u00fc hediyeyle kutsanm\u0131\u015f; s\u0131radan olan\u0131 ola\u011fan\u00fcst\u00fcne d\u00f6n\u00fc\u015ft\u00fcrme yetene\u011fi.&#8221; New York Times-<\/p>\n","protected":false},"excerpt":{"rendered":"<p>Senin burada ne i\u015fin var tatl\u0131m?Hayat\u0131n ne kadar k\u00f6t\u00fcle\u015febilece\u011fini bilecek ya\u015fta de\u011filsin. Hi\u00e7 on \u00fc\u00e7 ya\u015f\u0131nda bir k\u0131z olmad\u0131\u011f\u0131n\u0131z anla\u015f\u0131l\u0131yor doktor. Cecilia, Therese, Bonnie, Lux ve<span class=\"excerpt-hellip\"> [\u2026]<\/span><\/p>\n","protected":false},"featured_media":0,"template":"","meta":{"_monsterinsights_skip_tracking":false,"_monsterinsights_sitenote_active":false,"_monsterinsights_sitenote_note":"","_monsterinsights_sitenote_category":0},"product_brand":[],"product_cat":[12718,18102,12719],"product_tag":[],"class_list":{"0":"post-706882","1":"product","2":"type-product","3":"status-publish","5":"product_cat-din","6":"product_cat-edebiyat-roman","7":"product_cat-islam","8":"pa_cilt-ciltsiz","9":"pa_tur-kitap","10":"pa_yayinevi-domingo-yayinevi","11":"pa_yazar-jeffrey-eugenides","13":"first","14":"instock","15":"sale","16":"shipping-taxable","17":"purchasable","18":"product-type-simple"},"_links":{"self":[{"href":"https:\/\/roveyayinevi.com.tr\/index.php\/wp-json\/wp\/v2\/product\/706882","targetHints":{"allow":["GET"]}}],"collection":[{"href":"https:\/\/roveyayinevi.com.tr\/index.php\/wp-json\/wp\/v2\/product"}],"about":[{"href":"https:\/\/roveyayinevi.com.tr\/index.php\/wp-json\/wp\/v2\/types\/product"}],"wp:attachment":[{"href":"https:\/\/roveyayinevi.com.tr\/index.php\/wp-json\/wp\/v2\/media?parent=706882"}],"wp:term":[{"taxonomy":"product_brand","embeddable":true,"href":"https:\/\/roveyayinevi.com.tr\/index.php\/wp-json\/wp\/v2\/product_brand?post=706882"},{"taxonomy":"product_cat","embeddable":true,"href":"https:\/\/roveyayinevi.com.tr\/index.php\/wp-json\/wp\/v2\/product_cat?post=706882"},{"taxonomy":"product_tag","embeddable":true,"href":"https:\/\/roveyayinevi.com.tr\/index.php\/wp-json\/wp\/v2\/product_tag?post=706882"}],"curies":[{"name":"wp","href":"https:\/\/api.w.org\/{rel}","templated":true}]}}