{"id":706881,"date":"2025-08-27T16:00:43","date_gmt":"2025-08-27T13:00:43","guid":{"rendered":"https:\/\/roveyayinevi.com.tr\/index.php\/urun\/kabakci-mustafa\/"},"modified":"2026-04-16T02:15:38","modified_gmt":"2026-04-15T23:15:38","slug":"kabakci-mustafa","status":"publish","type":"product","link":"https:\/\/roveyayinevi.com.tr\/index.php\/urun\/kabakci-mustafa\/","title":{"rendered":"Kabak\u00e7\u0131 Mustafa"},"content":{"rendered":"<p>Re\u015fad Ekrem\u2019in dilinde tarih ger\u00e7ek hayattan daha canl\u0131, daha g\u00fczel, daha b\u00fcy\u00fcl\u00fc\u2026Osmanl\u0131 tarihi, son iki y\u00fczy\u0131l\u0131nda, ilerleme ve ayd\u0131nlanma \u00e7abalar\u0131na kar\u015f\u0131 kurulu d\u00fczeni s\u00fcrd\u00fcrme yanl\u0131lar\u0131n\u0131n \u00f6nayak oldu\u011fu isyanlar\u0131n tarihidir. Lale Devri\u2019nin ayd\u0131nl\u0131\u011f\u0131n\u0131 1730\u2019da Patrona Halil \u0130syan\u0131 karartm\u0131\u015ft\u0131. Frans\u0131z Devrimi\u2019nin yap\u0131ld\u0131\u011f\u0131 1789 y\u0131l\u0131nda tahta oturan 3. Selim\u2019in yenile\u015fme \u00e7abalar\u0131yla ve \u201ct\u00fcrl\u00fc i\u00e7 ve d\u0131\u015f gailelerle\u201d ge\u00e7en on sekiz y\u0131ll\u0131k d\u00f6nemini de \u201cKabak\u00e7\u0131 Vakas\u0131\u201d denilen kanl\u0131 bir ayaklanma kapad\u0131 (1807). Re\u015fad Ekrem Ko\u00e7u \u201cT\u00fcrkiye\u2019de devlet g\u00fcc\u00fcne indirilen en a\u011f\u0131r darbelerden biri olan\u201d bu isyan\u0131 ve ba\u015fl\u0131ca akt\u00f6rlerini tarih\u00e7i titizli\u011fi, romanc\u0131 yarat\u0131c\u0131l\u0131\u011f\u0131yla ele al\u0131yor.<\/p>\n","protected":false},"excerpt":{"rendered":"<p>Re\u015fad Ekrem\u2019in dilinde tarih ger\u00e7ek hayattan daha canl\u0131, daha g\u00fczel, daha b\u00fcy\u00fcl\u00fc\u2026Osmanl\u0131 tarihi, son iki y\u00fczy\u0131l\u0131nda, ilerleme ve ayd\u0131nlanma \u00e7abalar\u0131na kar\u015f\u0131 kurulu d\u00fczeni s\u00fcrd\u00fcrme yanl\u0131lar\u0131n\u0131n \u00f6nayak<span class=\"excerpt-hellip\"> [\u2026]<\/span><\/p>\n","protected":false},"featured_media":0,"template":"","meta":{"_monsterinsights_skip_tracking":false,"_monsterinsights_sitenote_active":false,"_monsterinsights_sitenote_note":"","_monsterinsights_sitenote_category":0},"product_brand":[],"product_cat":[12370,12304],"product_tag":[],"class_list":{"0":"post-706881","1":"product","2":"type-product","3":"status-publish","5":"product_cat-arastirma-inceleme","6":"product_cat-tarih","7":"pa_cilt-ciltsiz","8":"pa_tur-kitap","9":"pa_yayinevi-dogan-kitap","10":"pa_yazar-resad-ekrem-kocu","12":"first","13":"instock","14":"sale","15":"shipping-taxable","16":"purchasable","17":"product-type-simple"},"_links":{"self":[{"href":"https:\/\/roveyayinevi.com.tr\/index.php\/wp-json\/wp\/v2\/product\/706881","targetHints":{"allow":["GET"]}}],"collection":[{"href":"https:\/\/roveyayinevi.com.tr\/index.php\/wp-json\/wp\/v2\/product"}],"about":[{"href":"https:\/\/roveyayinevi.com.tr\/index.php\/wp-json\/wp\/v2\/types\/product"}],"wp:attachment":[{"href":"https:\/\/roveyayinevi.com.tr\/index.php\/wp-json\/wp\/v2\/media?parent=706881"}],"wp:term":[{"taxonomy":"product_brand","embeddable":true,"href":"https:\/\/roveyayinevi.com.tr\/index.php\/wp-json\/wp\/v2\/product_brand?post=706881"},{"taxonomy":"product_cat","embeddable":true,"href":"https:\/\/roveyayinevi.com.tr\/index.php\/wp-json\/wp\/v2\/product_cat?post=706881"},{"taxonomy":"product_tag","embeddable":true,"href":"https:\/\/roveyayinevi.com.tr\/index.php\/wp-json\/wp\/v2\/product_tag?post=706881"}],"curies":[{"name":"wp","href":"https:\/\/api.w.org\/{rel}","templated":true}]}}