{"id":706877,"date":"2025-08-27T16:00:42","date_gmt":"2025-08-27T13:00:42","guid":{"rendered":"https:\/\/roveyayinevi.com.tr\/index.php\/urun\/freudculuk-elestirel-bir-taslak\/"},"modified":"2026-04-16T02:15:38","modified_gmt":"2026-04-15T23:15:38","slug":"freudculuk-elestirel-bir-taslak","status":"publish","type":"product","link":"https:\/\/roveyayinevi.com.tr\/index.php\/urun\/freudculuk-elestirel-bir-taslak\/","title":{"rendered":"Freudculuk Ele\u015ftirel Bir Taslak"},"content":{"rendered":"<p>Ge\u00e7en y\u00fczy\u0131l\u0131n ba\u015f\u0131nda Freud\u2019un sesleni\u015fi kulaklarda u\u011fursuz ve \u00fcrk\u00fcn\u00e7 bir yank\u0131 b\u0131rak\u0131r. Modern burjuva bireyi ve bu d\u00fcnyan\u0131n yaratt\u0131\u011f\u0131 k\u00fc\u00e7\u00fck insan tipleri bu sesi pek de duymak istemeyecektir. \u0130nsana dair \u015fimdiye kadar karanl\u0131kta kalm\u0131\u015f bir d\u00fc\u015f\u00fc\u015f hik\u00e2yesinin \u00e7\u00f6z\u00fcmlemesi midir s\u00f6z\u00fc edilen? Freud kara haberi verirken bir an olsun teredd\u00fct etmeyecektir: \u201cBir insan\u0131n yazg\u0131s\u0131n\u0131, ya\u015fam\u0131n\u0131n ve yarat\u0131c\u0131 etkinli\u011finin t\u00fcm i\u00e7eri\u011fini \u2013bir sanat\u00e7\u0131ysa sanat\u0131n\u0131n, bir bilim insan\u0131ysa bilimsel kuramlar\u0131n\u0131n, siyaset\u00e7iyse siyasi programlar\u0131n\u0131n ve eylemlerinin vb. i\u00e7eri\u011fini\u2013 belirleyen \u015fey, cinsel i\u00e7g\u00fcd\u00fclerindeki dalgalanmalard\u0131r. Di\u011fer her \u015fey, g\u00fc\u00e7l\u00fc ve temel bir cinsellik ezgisinin ikinci sesidir ancak.\u201d Freud\u2019un temel yakla\u015f\u0131m\u0131n\u0131 bu \u00e7arp\u0131c\u0131 ve radikal form\u00fclle izah eder, Bahtin \u00e7evresinin \u00f6nemli d\u00fc\u015f\u00fcn\u00fcr\u00fc Valentin Nikolayevi\u00e7 Volo\u015finov\u2026Freud\u2019un ba\u015far\u0131s\u0131 rahat ve konformist \u00e7evrelerde t\u00fcm gizem \u00f6rt\u00fclerini kald\u0131rmak ve insan\u0131 sakland\u0131\u011f\u0131 delikten \u00e7\u0131karmakt\u0131r. Gelgelelim psikanalitik y\u00f6ntem tek boyutlu a\u00e7\u0131klamalar\u0131yla bu sefer ba\u015fka s\u0131n\u0131rlamalara yol a\u00e7m\u0131\u015ft\u0131r. Volo\u015finov, insan\u0131n farkl\u0131 dinamiklerden beslenen bir \u00e7okseslili\u011fe de sahip olabilece\u011fine i\u015faret eder. Volo\u015finov\u2019un \u00e7okseslili\u011fi toplumun \u015fark\u0131s\u0131d\u0131r asl\u0131nda. \u0130nsan \u00e7evreden, d\u00fcnya g\u00f6r\u00fc\u015flerinden ve ideolojik fenomenlerden soyutlanamaz. E\u011fer insan yaln\u0131zca biyolojik bir varl\u0131\u011fa indirgenmi\u015f olsayd\u0131 o bir hi\u00e7 h\u00fckm\u00fcnde kal\u0131r, t\u00fcm \u00f6zg\u00fcrl\u00fck imk\u00e2nlar\u0131 elinde al\u0131n\u0131rd\u0131. Volo\u015finov, Freud\u2019un psikanalizinde kapal\u0131 kalm\u0131\u015f \u00f6geleri tek tek a\u00e7\u0131mlar.Biyolojik belirlenimin kar\u015f\u0131s\u0131na tarihsel varolu\u015fu yerle\u015ftirir. Bilin\u00e7d\u0131\u015f\u0131n\u0131n toplumsal dille beslenen zenginli\u011fini g\u00f6sterir. Anlam konusunda etkile\u015fimci, diyalojik bir ili\u015fki aray\u0131\u015f\u0131na girer\u2026 Yaz\u0131ld\u0131\u011f\u0131 d\u00f6nem itibariyle zaman\u0131n olduk\u00e7a ilerisinde ve bug\u00fcne kadar Freudculu\u011fa dair yaz\u0131lm\u0131\u015f en yetkin \u00e7al\u0131\u015fmalardan biri\u2026 <\/p>\n","protected":false},"excerpt":{"rendered":"<p>Ge\u00e7en y\u00fczy\u0131l\u0131n ba\u015f\u0131nda Freud\u2019un sesleni\u015fi kulaklarda u\u011fursuz ve \u00fcrk\u00fcn\u00e7 bir yank\u0131 b\u0131rak\u0131r. Modern burjuva bireyi ve bu d\u00fcnyan\u0131n yaratt\u0131\u011f\u0131 k\u00fc\u00e7\u00fck insan tipleri bu sesi pek de<span class=\"excerpt-hellip\"> [\u2026]<\/span><\/p>\n","protected":false},"featured_media":0,"template":"","meta":{"_monsterinsights_skip_tracking":false,"_monsterinsights_sitenote_active":false,"_monsterinsights_sitenote_note":"","_monsterinsights_sitenote_category":0},"product_brand":[],"product_cat":[12389,12388],"product_tag":[],"class_list":{"0":"post-706877","1":"product","2":"type-product","3":"status-publish","5":"product_cat-diger-felsefe","6":"product_cat-felsefe","7":"pa_cilt-ciltsiz","8":"pa_tur-kitap","9":"pa_yayinevi-dogu-bati-yayinlari","10":"pa_yazar-valentin-nikolayevic-volosinov","12":"first","13":"instock","14":"sale","15":"shipping-taxable","16":"purchasable","17":"product-type-simple"},"_links":{"self":[{"href":"https:\/\/roveyayinevi.com.tr\/index.php\/wp-json\/wp\/v2\/product\/706877","targetHints":{"allow":["GET"]}}],"collection":[{"href":"https:\/\/roveyayinevi.com.tr\/index.php\/wp-json\/wp\/v2\/product"}],"about":[{"href":"https:\/\/roveyayinevi.com.tr\/index.php\/wp-json\/wp\/v2\/types\/product"}],"wp:attachment":[{"href":"https:\/\/roveyayinevi.com.tr\/index.php\/wp-json\/wp\/v2\/media?parent=706877"}],"wp:term":[{"taxonomy":"product_brand","embeddable":true,"href":"https:\/\/roveyayinevi.com.tr\/index.php\/wp-json\/wp\/v2\/product_brand?post=706877"},{"taxonomy":"product_cat","embeddable":true,"href":"https:\/\/roveyayinevi.com.tr\/index.php\/wp-json\/wp\/v2\/product_cat?post=706877"},{"taxonomy":"product_tag","embeddable":true,"href":"https:\/\/roveyayinevi.com.tr\/index.php\/wp-json\/wp\/v2\/product_tag?post=706877"}],"curies":[{"name":"wp","href":"https:\/\/api.w.org\/{rel}","templated":true}]}}