{"id":706876,"date":"2025-08-27T16:00:41","date_gmt":"2025-08-27T13:00:41","guid":{"rendered":"https:\/\/roveyayinevi.com.tr\/index.php\/urun\/askin-istilasi-dem\/"},"modified":"2026-04-16T02:15:38","modified_gmt":"2026-04-15T23:15:38","slug":"askin-istilasi-dem","status":"publish","type":"product","link":"https:\/\/roveyayinevi.com.tr\/index.php\/urun\/askin-istilasi-dem\/","title":{"rendered":"A\u015fk\u0131n \u0130stilas\u0131 &#8211; Dem"},"content":{"rendered":"<p>\u00dc\u00e7 kitaptan olu\u015facak \u201cA\u015fk\u0131n \u0130stilas\u0131\u201d serisi; d\u00fcnyada yepyeni bir istila hareketi yaratacak. \u015eu an elinde tuttu\u011fun kitap, serinin 2. kitab\u0131, senin ikinci ad\u0131m\u0131n&#8230;\u201cDEM\u201dAyn\u0131 bedeni payla\u015fan iki kahraman\u0131n ser\u00fcveni bu&#8230; Biri karanl\u0131ktan korkan bir \u00e7ocuk, di\u011feri hayalleri kalbinden s\u00f6k\u00fcl\u00fcp al\u0131nm\u0131\u015f bir yeti\u015fkin. \u00c7ocuk parklar\u0131na karanl\u0131k \u00e7\u00f6kt\u00fc\u011f\u00fcnde, d\u00fcnya \u00e7ocuklar\u0131n\u0131n yard\u0131m \u00e7\u0131\u011fl\u0131\u011f\u0131n\u0131 duyarlar. G\u00f6zlerini kapat\u0131p, bir masal anlatmaya ba\u015flarlar.\u201cDEM\u201d bir masal kitab\u0131 de\u011fil, bir masal\u0131n kitab\u0131&#8230; Yar\u0131n\u0131n ger\u00e7e\u011fi olan&#8230; Bu kitab\u0131n m\u00fcrekkebi aynand\u0131r. Sihri arayanlara bulaca\u011f\u0131 yeri i\u015faret eder. Sayfalar\u0131 \u00e7evirdi\u011finde ad\u0131m ad\u0131m insan\u00fcst\u00fc yeteneklerine kavu\u015facak ve kahraman\u0131 in\u015fa edeceksin. Tek ba\u015f\u0131na yapabilece\u011fin uygulamalardan e\u015fli \u00e7al\u0131\u015fmalara, h\u00fccrelerini kodlamaktan hastal\u0131klar\u0131 \u015fifaland\u0131rmaya, 3. G\u00f6z aktivasyonlar\u0131ndan gelece\u011fi \u015fekillendirmeye, bitkilerle\/hayvanlarla ileti\u015fimden zihin okumaya uzanan teknikler senin uyan\u0131\u015f\u0131n i\u00e7in tasarland\u0131&#8230;Bu kitap senin ya\u015fam\u0131na kavu\u015ftu\u011fundaKaranl\u0131\u011f\u0131n g\u00f6zlerinden \u00e7ald\u0131\u011f\u0131 g\u00fcne\u015fi kalbinde do\u011furacaks\u0131n&#8230;G\u00f6z k\u0131rpmas\u0131ndan k\u0131sa sonsuzluktan uzun bir \u201can\u201ddaD\u0131\u015far\u0131dakiyle sava\u015farak de\u011fil kendinle bar\u0131\u015farak bir destan yazacaks\u0131n&#8230;Sak\u0131n hayallerinden vazge\u00e7me!\u00c7\u00fcnk\u00fc ancak hayalperest bir kalp bu d\u00fcnyan\u0131n vah\u015fetine ba\u015fkald\u0131racak kadar cesur olabilir&#8230;A\u015fk ve cesaret nadiren ayn\u0131 g\u00f6\u011f\u00fcskafesinde bulunur.Kimine y\u00fck gelir kalbi&#8230; Hakl\u0131d\u0131r da. Ama b\u00fct\u00fcn \u201cmana\u201d o y\u00fckte sakl\u0131d\u0131r. A\u015fk\u0131n hamal\u0131 olmak i\u00e7in \u00e7\u0131kars\u0131n \u201cyol\u201duna. Her att\u0131\u011f\u0131n ad\u0131mda hissedersin ruhunda. Kalbine bir m\u00fcjde f\u0131s\u0131ldar r\u00fczgar.Ruhpar\u00e7am \u201cDem\u201d zaman\u0131 geldi.Y\u00fck\u00fcm\u00fcz a\u011f\u0131r, yolumuz uzun&#8230;A\u011flayan \u00e7ocuklara anlatacak bir masal\u0131m\u0131z var&#8230;Haz\u0131r m\u0131s\u0131n?<\/p>\n","protected":false},"excerpt":{"rendered":"<p>\u00dc\u00e7 kitaptan olu\u015facak \u201cA\u015fk\u0131n \u0130stilas\u0131\u201d serisi; d\u00fcnyada yepyeni bir istila hareketi yaratacak. \u015eu an elinde tuttu\u011fun kitap, serinin 2. kitab\u0131, senin ikinci ad\u0131m\u0131n&#8230;\u201cDEM\u201dAyn\u0131 bedeni payla\u015fan iki<span class=\"excerpt-hellip\"> [\u2026]<\/span><\/p>\n","protected":false},"featured_media":0,"template":"","meta":{"_monsterinsights_skip_tracking":false,"_monsterinsights_sitenote_active":false,"_monsterinsights_sitenote_note":"","_monsterinsights_sitenote_category":0},"product_brand":[],"product_cat":[12364,12376],"product_tag":[],"class_list":{"0":"post-706876","1":"product","2":"type-product","3":"status-publish","5":"product_cat-genel-konular","6":"product_cat-kisisel-gelisim","7":"pa_cilt-ciltsiz","8":"pa_tur-kitap","9":"pa_yayinevi-destek-yayinlari","10":"pa_yazar-metin-hara","12":"first","13":"instock","14":"sale","15":"shipping-taxable","16":"purchasable","17":"product-type-simple"},"_links":{"self":[{"href":"https:\/\/roveyayinevi.com.tr\/index.php\/wp-json\/wp\/v2\/product\/706876","targetHints":{"allow":["GET"]}}],"collection":[{"href":"https:\/\/roveyayinevi.com.tr\/index.php\/wp-json\/wp\/v2\/product"}],"about":[{"href":"https:\/\/roveyayinevi.com.tr\/index.php\/wp-json\/wp\/v2\/types\/product"}],"wp:attachment":[{"href":"https:\/\/roveyayinevi.com.tr\/index.php\/wp-json\/wp\/v2\/media?parent=706876"}],"wp:term":[{"taxonomy":"product_brand","embeddable":true,"href":"https:\/\/roveyayinevi.com.tr\/index.php\/wp-json\/wp\/v2\/product_brand?post=706876"},{"taxonomy":"product_cat","embeddable":true,"href":"https:\/\/roveyayinevi.com.tr\/index.php\/wp-json\/wp\/v2\/product_cat?post=706876"},{"taxonomy":"product_tag","embeddable":true,"href":"https:\/\/roveyayinevi.com.tr\/index.php\/wp-json\/wp\/v2\/product_tag?post=706876"}],"curies":[{"name":"wp","href":"https:\/\/api.w.org\/{rel}","templated":true}]}}