{"id":706875,"date":"2025-08-27T16:00:41","date_gmt":"2025-08-27T13:00:41","guid":{"rendered":"https:\/\/roveyayinevi.com.tr\/index.php\/urun\/kucuk-ozgur-adamlar\/"},"modified":"2026-04-16T02:15:38","modified_gmt":"2026-04-15T23:15:38","slug":"kucuk-ozgur-adamlar","status":"publish","type":"product","link":"https:\/\/roveyayinevi.com.tr\/index.php\/urun\/kucuk-ozgur-adamlar\/","title":{"rendered":"K\u00fc\u00e7\u00fck \u00d6zg\u00fcr Adamlar"},"content":{"rendered":"<p>\u201cYapabilenler, yapamayanlar i\u00e7in yapmal\u0131d\u0131r. Sesleri olmayanlar i\u00e7in, biri sesini y\u00fckseltmelidir.\u201dKolay kolay unutamayaca\u011f\u0131n\u0131z bir ders \u00f6\u011frenmeye haz\u0131r m\u0131s\u0131n\u0131z?..Yak\u0131n ge\u00e7mi\u015fte, sonsuzlu\u011fun b\u00fcy\u00fcl\u00fc evrenine u\u011furlad\u0131\u011f\u0131m\u0131z S\u00f6r Terry Pratchett\u2019\u0131n, d\u00fcnya \u00e7ap\u0131nda 85 milyonun \u00fczerinde satan 41 kitapl\u0131k, k\u00fcltle\u015fmi\u015f \u201cDiskD\u00fcnya\u201d dizisinin be\u015f kitaptan olu\u015fan muhte\u015fem ve e\u011flenceli \u201cTiffany S\u0131z\u0131\u201d alt serisinin ilk kitab\u0131 K\u00fc\u00e7\u00fck \u00d6zg\u00fcr Adamlar, b\u00fcy\u00fcleyici bir maceran\u0131n ate\u015fini fi\u015fekliyor.Daha \u00f6nceki y\u0131llarda \u00fc\u00e7 ayr\u0131 bask\u0131 yapan ve be\u011feniyle okunan bu matrak dizinin, Niran El\u00e7i\u2019nin p\u00fcr\u00fczs\u00fcz T\u00fcrk\u00e7esiyle, Delidolu Yay\u0131nlar\u0131 taraf\u0131ndan yeniden g\u00f6zden ge\u00e7irilen bask\u0131s\u0131nda, Yuva \u00c7iftli\u011fi\u2019nin ba\u015f\u0131na b\u00fcy\u00fck bir \u00e7orap \u00f6r\u00fcl\u00fcyor. Tepelerden inen kabuslar\u0131n her yeri sarmas\u0131 yetmezmi\u015f gibi, dokuz ya\u015f\u0131ndaki \u00e7aylak cad\u0131 aday\u0131 Tiffany S\u0131z\u0131\u2019n\u0131n k\u00fc\u00e7\u00fck karde\u015fi, k\u00f6t\u00fc krali\u00e7e taraf\u0131ndan ka\u00e7\u0131r\u0131l\u0131yor. Neyse ki, Tiffany\u2019nin bir tavas\u0131 var, (evet, yanl\u0131\u015f okumad\u0131n\u0131z, bir tava) ve karde\u015fini kurtarabilmek i\u00e7in tavay\u0131 kullanmaktan asla ka\u00e7\u0131nmaz! Ha bir de, b\u00fcy\u00fckannesinin b\u00fcy\u00fc kitab\u0131 (yani \u015fey, Koyun Hastal\u0131klar\u0131) ve pek sevgili mavi derili k\u00fc\u00e7\u00fck dostlar\u0131, K\u00fc\u00e7\u00fck \u00d6zg\u00fcr Adamlar var\u2026Tiffany S\u0131z\u0131\u2019n\u0131n boyuna posuna bak\u0131p aldanmay\u0131n sak\u0131n. DiskD\u00fcnya\u2019n\u0131n amans\u0131z kaderi onu cad\u0131l\u0131k yoluna itmeye ba\u015flad\u0131 bile. K\u00fc\u00e7\u00fck karde\u015finin ka\u00e7\u0131r\u0131lmas\u0131, Tiffany\u2019yi hem \u00f6fkelendiriyor hem de yeteneklerini kazand\u0131r\u0131p k\u00f6t\u00fcl\u00fckle m\u00fccadeleye ba\u015flamas\u0131n\u0131 sa\u011fl\u0131yor. Tabii bu yolda K\u00fc\u00e7\u00fck \u00d6zg\u00fcr Adamlar\u0131n yard\u0131m\u0131 yads\u0131namaz\u2026 Mavi dostlar\u0131n\u0131n telaffuzlar\u0131 pek iyi olmayabilir, ancak sahip olduklar\u0131 cesaret koca bir s\u00f6zl\u00fc\u011fe bedel! Hi\u00e7bir \u015feyden korkmamalar\u0131 da cabas\u0131! Yani\u2026 avukatlar ve b\u00fcrokrasi d\u0131\u015f\u0131nda.Dillerinden d\u00fc\u015fmeyen hayat g\u00f6r\u00fc\u015fleri ise \u015fu: \u201cKral yok! Kral\u00e7a yok! Bey yok! Efendi yok! Bi daa kimse onlar\u0131 aldatam\u0131ycak!\u201dDiskD\u00fcnya serisi, hayal g\u00fcc\u00fcn\u00fcn s\u0131n\u0131rlar\u0131n\u0131 zorlayan kurgusunun yan\u0131 s\u0131ra kuantum fizi\u011finden sanayi devrimine, pop\u00fcler k\u00fclt\u00fcr kli\u015felerinden edebiyat ve sinema klasiklerine uzanan de\u011fi\u015fik k\u00fclt\u00fcr unsurlar\u0131na sayg\u0131 duru\u015funda bulunarak ger\u00e7ek d\u00fcnyadaki pek \u00e7ok konuyla dalga ge\u00e7meyi bilen, g\u00f6z kama\u015ft\u0131r\u0131c\u0131 bir edebiyat harikas\u0131\u2026<\/p>\n","protected":false},"excerpt":{"rendered":"<p>\u201cYapabilenler, yapamayanlar i\u00e7in yapmal\u0131d\u0131r. Sesleri olmayanlar i\u00e7in, biri sesini y\u00fckseltmelidir.\u201dKolay kolay unutamayaca\u011f\u0131n\u0131z bir ders \u00f6\u011frenmeye haz\u0131r m\u0131s\u0131n\u0131z?..Yak\u0131n ge\u00e7mi\u015fte, sonsuzlu\u011fun b\u00fcy\u00fcl\u00fc evrenine u\u011furlad\u0131\u011f\u0131m\u0131z S\u00f6r Terry Pratchett\u2019\u0131n, d\u00fcnya<span class=\"excerpt-hellip\"> [\u2026]<\/span><\/p>\n","protected":false},"featured_media":0,"template":"","meta":{"_monsterinsights_skip_tracking":false,"_monsterinsights_sitenote_active":false,"_monsterinsights_sitenote_note":"","_monsterinsights_sitenote_category":0},"product_brand":[],"product_cat":[12275,12274],"product_tag":[],"class_list":{"0":"post-706875","1":"product","2":"type-product","3":"status-publish","5":"product_cat-6-12-yas-kitaplari","6":"product_cat-cocuk-ve-genclik-kitaplari","7":"pa_cilt-ciltsiz","8":"pa_tur-kitap","9":"pa_yayinevi-delidolu","10":"pa_yazar-terry-pratchett","12":"first","13":"instock","14":"sale","15":"shipping-taxable","16":"purchasable","17":"product-type-simple"},"_links":{"self":[{"href":"https:\/\/roveyayinevi.com.tr\/index.php\/wp-json\/wp\/v2\/product\/706875","targetHints":{"allow":["GET"]}}],"collection":[{"href":"https:\/\/roveyayinevi.com.tr\/index.php\/wp-json\/wp\/v2\/product"}],"about":[{"href":"https:\/\/roveyayinevi.com.tr\/index.php\/wp-json\/wp\/v2\/types\/product"}],"wp:attachment":[{"href":"https:\/\/roveyayinevi.com.tr\/index.php\/wp-json\/wp\/v2\/media?parent=706875"}],"wp:term":[{"taxonomy":"product_brand","embeddable":true,"href":"https:\/\/roveyayinevi.com.tr\/index.php\/wp-json\/wp\/v2\/product_brand?post=706875"},{"taxonomy":"product_cat","embeddable":true,"href":"https:\/\/roveyayinevi.com.tr\/index.php\/wp-json\/wp\/v2\/product_cat?post=706875"},{"taxonomy":"product_tag","embeddable":true,"href":"https:\/\/roveyayinevi.com.tr\/index.php\/wp-json\/wp\/v2\/product_tag?post=706875"}],"curies":[{"name":"wp","href":"https:\/\/api.w.org\/{rel}","templated":true}]}}