{"id":706874,"date":"2025-08-27T16:00:41","date_gmt":"2025-08-27T13:00:41","guid":{"rendered":"https:\/\/roveyayinevi.com.tr\/index.php\/urun\/mahmud-nedim-pasa\/"},"modified":"2026-04-16T02:15:38","modified_gmt":"2026-04-15T23:15:38","slug":"mahmud-nedim-pasa","status":"publish","type":"product","link":"https:\/\/roveyayinevi.com.tr\/index.php\/urun\/mahmud-nedim-pasa\/","title":{"rendered":"Mahmud Nedim Pa\u015fa"},"content":{"rendered":"<p>Mahmud Nedim Pa\u015fa, hi\u00e7 \u015f\u00fcphe yok ki, 19. Y\u00fczy\u0131l Sadrazamlar\u0131 aras\u0131nda hayat\u0131, y\u00fckseli\u015fi, icraatlar\u0131 ve bunlar\u0131n sonu\u00e7lar\u0131 a\u00e7\u0131s\u0131ndan incelenmesi gereken ibretlik bir yere sahiptir. K\u0131sa s\u00fcren iktidar\u0131 s\u0131ras\u0131ndaki fiilleri Sultan Aziz&#8217;in katline varacak olaylar zincirini ba\u015flatm\u0131\u015ft\u0131r. Siyasi hayat\u0131 kendi ikbali ve menfaati a\u00e7\u0131s\u0131ndan hep do\u011fru, ancak Devlet ve millet a\u00e7\u0131s\u0131ndan hep yanl\u0131\u015f ve feci sonu\u00e7lar do\u011furacak kararlarla doludur.Mehmet Zeki Bey &#8220;Son Sadrazamlar ve Ba\u015fvekiller&#8221; serisini haz\u0131rlarken, sadece konu edindi\u011fi \u015fah\u0131slar\u0131n biyografik hayat hikayesini yazmak yerine, d\u00f6nemlerinin siyasi, milli, ekonomik olaylar\u0131 \u00fczerinde de durmu\u015f; d\u00f6nemin matbuat\u0131n\u0131 taram\u0131\u015f, o d\u00f6nemle ilgili kitaplardan al\u0131nt\u0131lar yapm\u0131\u015f, devlet adamlar\u0131n\u0131n g\u00f6r\u00fc\u015flerini aktarm\u0131\u015f, \u015fahitlerini konu\u015fturmu\u015f, bir nevi literat\u00fcr incelemesi yapm\u0131\u015ft\u0131r. Tanzimat sonras\u0131 \u0130stanbul siyasetinin bir panoramas\u0131n\u0131 d\u00f6nemin Sadrazaml\u0131k yapm\u0131\u015f b\u00fcy\u00fck adamlar\u0131 \u00fczerinden \u00e7\u0131karm\u0131\u015ft\u0131r. \u0130ktidar h\u0131rs\u0131n\u0131n, makam ve mevki hevesinin, Devleti ne duruma getirdi\u011fi net bir \u015fekilde bu seride g\u00f6r\u00fclmektedir.<\/p>\n","protected":false},"excerpt":{"rendered":"<p>Mahmud Nedim Pa\u015fa, hi\u00e7 \u015f\u00fcphe yok ki, 19. Y\u00fczy\u0131l Sadrazamlar\u0131 aras\u0131nda hayat\u0131, y\u00fckseli\u015fi, icraatlar\u0131 ve bunlar\u0131n sonu\u00e7lar\u0131 a\u00e7\u0131s\u0131ndan incelenmesi gereken ibretlik bir yere sahiptir. K\u0131sa s\u00fcren<span class=\"excerpt-hellip\"> [\u2026]<\/span><\/p>\n","protected":false},"featured_media":0,"template":"","meta":{"_monsterinsights_skip_tracking":false,"_monsterinsights_sitenote_active":false,"_monsterinsights_sitenote_note":"","_monsterinsights_sitenote_category":0},"product_brand":[],"product_cat":[13946,12304],"product_tag":[],"class_list":{"0":"post-706874","1":"product","2":"type-product","3":"status-publish","5":"product_cat-biyografi-otobiyografi","6":"product_cat-tarih","7":"pa_cilt-ciltsiz","8":"pa_tur-kitap","9":"pa_yayinevi-divan-kitap","10":"pa_yazar-mehmet-zeki-pakalin","12":"first","13":"instock","14":"sale","15":"shipping-taxable","16":"purchasable","17":"product-type-simple"},"_links":{"self":[{"href":"https:\/\/roveyayinevi.com.tr\/index.php\/wp-json\/wp\/v2\/product\/706874","targetHints":{"allow":["GET"]}}],"collection":[{"href":"https:\/\/roveyayinevi.com.tr\/index.php\/wp-json\/wp\/v2\/product"}],"about":[{"href":"https:\/\/roveyayinevi.com.tr\/index.php\/wp-json\/wp\/v2\/types\/product"}],"wp:attachment":[{"href":"https:\/\/roveyayinevi.com.tr\/index.php\/wp-json\/wp\/v2\/media?parent=706874"}],"wp:term":[{"taxonomy":"product_brand","embeddable":true,"href":"https:\/\/roveyayinevi.com.tr\/index.php\/wp-json\/wp\/v2\/product_brand?post=706874"},{"taxonomy":"product_cat","embeddable":true,"href":"https:\/\/roveyayinevi.com.tr\/index.php\/wp-json\/wp\/v2\/product_cat?post=706874"},{"taxonomy":"product_tag","embeddable":true,"href":"https:\/\/roveyayinevi.com.tr\/index.php\/wp-json\/wp\/v2\/product_tag?post=706874"}],"curies":[{"name":"wp","href":"https:\/\/api.w.org\/{rel}","templated":true}]}}