{"id":706873,"date":"2025-08-27T16:00:40","date_gmt":"2025-08-27T13:00:40","guid":{"rendered":"https:\/\/roveyayinevi.com.tr\/index.php\/urun\/abd-gizli-belgelerinde-fethullah-gulen\/"},"modified":"2025-11-13T03:56:11","modified_gmt":"2025-11-13T00:56:11","slug":"abd-gizli-belgelerinde-fethullah-gulen","status":"publish","type":"product","link":"https:\/\/roveyayinevi.com.tr\/index.php\/urun\/abd-gizli-belgelerinde-fethullah-gulen\/","title":{"rendered":"ABD Gizli Belgelerinde Fet*hullah G\u00fclen"},"content":{"rendered":"<p>Razi Canikligil, G\u00fc*len\u2019in t\u00fcm ABD maceras\u0131n\u0131 art\u0131k \u00e7o\u011fu eri\u015fime kapanm\u0131\u015f belgelerle ortaya koyuyor.Fet*hullah G\u00fc*len\u2019in ABD\u2019deki varl\u0131\u011f\u0131 ve T\u00fcrkiye\u2019ye d\u00f6n\u00fcp d\u00f6nmeyece\u011fi sorusu, 15 Temmuz Darbe Giri\u015fimi\u2019nden sonra bamba\u015fka bir aciliyet kazand\u0131. ABD G\u00fc*len\u2019i iade edecek mi? G\u00fc*len iddia edildi\u011fi gibi Amerika\u2019n\u0131n korumas\u0131 alt\u0131nda m\u0131?   H\u00fcrriyet gazetesinin New York ve Birle\u015fmi\u015f Milletler Temsilcisi Razi Canikligil, G\u00fclen\u2019in t\u00fcm ABD maceras\u0131n\u0131 art\u0131k \u00e7o\u011fu eri\u015fime kapanm\u0131\u015f belgelerle ortaya koyuyor. G\u00fc*len\u2019in Ye\u015fil Kart m\u00fccadelesinden kurdu\u011fu okullara, stratejik siyasi ili\u015fkilerine ve bug\u00fcnk\u00fc iade s\u00fcrecine kadar merak edilen bir\u00e7ok sorunun cevab\u0131 bu \u00e7arp\u0131c\u0131 kitapta yer al\u0131yor.  <\/p>\n","protected":false},"excerpt":{"rendered":"<p>Razi Canikligil, G\u00fc*len\u2019in t\u00fcm ABD maceras\u0131n\u0131 art\u0131k \u00e7o\u011fu eri\u015fime kapanm\u0131\u015f belgelerle ortaya koyuyor.Fet*hullah G\u00fc*len\u2019in ABD\u2019deki varl\u0131\u011f\u0131 ve T\u00fcrkiye\u2019ye d\u00f6n\u00fcp d\u00f6nmeyece\u011fi sorusu, 15 Temmuz Darbe Giri\u015fimi\u2019nden sonra<span class=\"excerpt-hellip\"> [\u2026]<\/span><\/p>\n","protected":false},"featured_media":0,"template":"","meta":{"_monsterinsights_skip_tracking":false,"_monsterinsights_sitenote_active":false,"_monsterinsights_sitenote_note":"","_monsterinsights_sitenote_category":0},"product_brand":[],"product_cat":[16098,12337],"product_tag":[],"class_list":{"0":"post-706873","1":"product","2":"type-product","3":"status-publish","5":"product_cat-politik-akimlar-hareketler","6":"product_cat-politika-siyaset","7":"pa_tur-kitap","8":"pa_yayinevi-dogan-kitap","9":"pa_yazar-razi-canikligil","11":"first","12":"instock","13":"sale","14":"shipping-taxable","15":"purchasable","16":"product-type-simple"},"_links":{"self":[{"href":"https:\/\/roveyayinevi.com.tr\/index.php\/wp-json\/wp\/v2\/product\/706873","targetHints":{"allow":["GET"]}}],"collection":[{"href":"https:\/\/roveyayinevi.com.tr\/index.php\/wp-json\/wp\/v2\/product"}],"about":[{"href":"https:\/\/roveyayinevi.com.tr\/index.php\/wp-json\/wp\/v2\/types\/product"}],"wp:attachment":[{"href":"https:\/\/roveyayinevi.com.tr\/index.php\/wp-json\/wp\/v2\/media?parent=706873"}],"wp:term":[{"taxonomy":"product_brand","embeddable":true,"href":"https:\/\/roveyayinevi.com.tr\/index.php\/wp-json\/wp\/v2\/product_brand?post=706873"},{"taxonomy":"product_cat","embeddable":true,"href":"https:\/\/roveyayinevi.com.tr\/index.php\/wp-json\/wp\/v2\/product_cat?post=706873"},{"taxonomy":"product_tag","embeddable":true,"href":"https:\/\/roveyayinevi.com.tr\/index.php\/wp-json\/wp\/v2\/product_tag?post=706873"}],"curies":[{"name":"wp","href":"https:\/\/api.w.org\/{rel}","templated":true}]}}