{"id":706871,"date":"2025-08-27T16:00:40","date_gmt":"2025-08-27T13:00:40","guid":{"rendered":"https:\/\/roveyayinevi.com.tr\/index.php\/urun\/guzel-kaybedenler\/"},"modified":"2026-04-16T02:15:38","modified_gmt":"2026-04-15T23:15:38","slug":"guzel-kaybedenler","status":"publish","type":"product","link":"https:\/\/roveyayinevi.com.tr\/index.php\/urun\/guzel-kaybedenler\/","title":{"rendered":"G\u00fczel Kaybedenler"},"content":{"rendered":"<p>Bu kitap g\u00fczel kaybetmesini bilenler i\u00e7in\u2026 Kazansak da kaybetsek de g\u00fczel olal\u0131m&#8230; Ben eski tip kahramanlara inan\u0131yorum. Ben zengin beylere de\u011fil Ya\u015far Ustalara inan\u0131yorum. Ben kazanmaya de\u011fil ya\u015famaya inan\u0131yorum. Ben yaral\u0131 insanlara inan\u0131yorum. Ben hayat\u0131n b\u00fckt\u00fc\u011f\u00fc boynunu kimseye e\u011fmeyenlere inan\u0131yorum. Bilge de\u011filim. Hi\u00e7 Ferrarim de olmad\u0131. Olsayd\u0131 da mecbur kalmadan satmazd\u0131m. \u00c7ocuklu\u011fumuzdan itibaren bizi kazanmaya, ba\u015farmaya, s\u0131n\u0131f atlamaya, sahip olmaya g\u00fcd\u00fcleyen sistem sonra mutlulu\u011fu ve huzuru Ferrarinizi satmakla bulaca\u011f\u0131n\u0131z\u0131 anlat\u0131yor. Oysa kimse Ferrarisini satmak istemiyor. \u00c7\u00fcnk\u00fc g\u00fc\u00e7, zenginlik, kazanmak hep en ge\u00e7er ak\u00e7e olmaya devam ediyor. Ama g\u00fcn gelip hepimiz bir kazaya u\u011frar\u0131z. Ve o g\u00fcn d\u00fc\u015ft\u00fc\u011f\u00fcm\u00fcz yerden kalkarak ya\u015famaya yeniden ba\u015flar\u0131z. Bizler Ferrarisini \u00e7arpan bilgeleriz. Biz kentin yeni zengin kuleleri ile moloz kamyonlar\u0131 aras\u0131na s\u0131k\u0131\u015fm\u0131\u015f milyonlar\u0131z. Her g\u00fcn trafikte, i\u015fyerinde, okulda, adliyede siyasetin, ekonominin, ya\u015fad\u0131\u011f\u0131m\u0131z \u00fclkenin bin bir a\u011f\u0131r \u015fart\u0131n\u0131n alt\u0131nda ezilmemek, sevdiklerimizi korumak ve b\u00fct\u00fcn h\u0131r g\u00fcr i\u00e7inde bir an i\u00e7in bile olsa mutlu olabilmek i\u00e7in kahramanca sava\u015f\u0131yoruz.<\/p>\n","protected":false},"excerpt":{"rendered":"<p>Bu kitap g\u00fczel kaybetmesini bilenler i\u00e7in\u2026 Kazansak da kaybetsek de g\u00fczel olal\u0131m&#8230; Ben eski tip kahramanlara inan\u0131yorum. Ben zengin beylere de\u011fil Ya\u015far Ustalara inan\u0131yorum. Ben kazanmaya<span class=\"excerpt-hellip\"> [\u2026]<\/span><\/p>\n","protected":false},"featured_media":0,"template":"","meta":{"_monsterinsights_skip_tracking":false,"_monsterinsights_sitenote_active":false,"_monsterinsights_sitenote_note":"","_monsterinsights_sitenote_category":0},"product_brand":[],"product_cat":[12777,12291],"product_tag":[],"class_list":{"0":"post-706871","1":"product","2":"type-product","3":"status-publish","5":"product_cat-deneme","6":"product_cat-edebiyat","7":"pa_cilt-ciltsiz","8":"pa_tur-kitap","9":"pa_yayinevi-dogan-novus","10":"pa_yazar-kerimcan-kamal","12":"first","13":"instock","14":"sale","15":"shipping-taxable","16":"purchasable","17":"product-type-simple"},"_links":{"self":[{"href":"https:\/\/roveyayinevi.com.tr\/index.php\/wp-json\/wp\/v2\/product\/706871","targetHints":{"allow":["GET"]}}],"collection":[{"href":"https:\/\/roveyayinevi.com.tr\/index.php\/wp-json\/wp\/v2\/product"}],"about":[{"href":"https:\/\/roveyayinevi.com.tr\/index.php\/wp-json\/wp\/v2\/types\/product"}],"wp:attachment":[{"href":"https:\/\/roveyayinevi.com.tr\/index.php\/wp-json\/wp\/v2\/media?parent=706871"}],"wp:term":[{"taxonomy":"product_brand","embeddable":true,"href":"https:\/\/roveyayinevi.com.tr\/index.php\/wp-json\/wp\/v2\/product_brand?post=706871"},{"taxonomy":"product_cat","embeddable":true,"href":"https:\/\/roveyayinevi.com.tr\/index.php\/wp-json\/wp\/v2\/product_cat?post=706871"},{"taxonomy":"product_tag","embeddable":true,"href":"https:\/\/roveyayinevi.com.tr\/index.php\/wp-json\/wp\/v2\/product_tag?post=706871"}],"curies":[{"name":"wp","href":"https:\/\/api.w.org\/{rel}","templated":true}]}}