{"id":706869,"date":"2025-08-27T16:00:39","date_gmt":"2025-08-27T13:00:39","guid":{"rendered":"https:\/\/roveyayinevi.com.tr\/index.php\/urun\/ulan\/"},"modified":"2026-04-16T02:15:38","modified_gmt":"2026-04-15T23:15:38","slug":"ulan","status":"publish","type":"product","link":"https:\/\/roveyayinevi.com.tr\/index.php\/urun\/ulan\/","title":{"rendered":"Ulan"},"content":{"rendered":"<p>Kaybetmi\u015flere de\u011fil de hi\u00e7 kazanamam\u0131\u015flara,susturulmu\u015flara de\u011fil de konu\u015fmas\u0131 i\u00e7inf\u0131rsat verilmemi\u015flere.\u0130\u00e7inde bir yerlerde yang\u0131nlar,u\u00e7urumlar,depremler,\u00e7\u0131\u011flar ve \u00e7\u0131\u011fl\u0131klar bar\u0131nd\u0131ranlara.Sava\u015f\u0131n ortas\u0131nda cephanesi t\u00fckenmi\u015flere.Birilerinin g\u00f6rmezden geldi\u011fi \u015feyler i\u00e7inci\u011ferlerini \u00e7\u00fcr\u00fctenlere.\u0130hanetlerin, kavgalar\u0131n, \u00e7\u0131karlar\u0131n,samimiyetsizliklerin aras\u0131ndans\u0131yr\u0131ld\u0131\u011f\u0131 her gecenin sabah\u0131ndakafas\u0131n\u0131 g\u00f6ky\u00fcz\u00fcne kald\u0131r\u0131p&#8221;YETER ULAN&#8221; diye ba\u011f\u0131rmak isteyenler i\u00e7in,ba\u011f\u0131rmak isteyenler ad\u0131na YETER ULAN! <\/p>\n","protected":false},"excerpt":{"rendered":"<p>Kaybetmi\u015flere de\u011fil de hi\u00e7 kazanamam\u0131\u015flara,susturulmu\u015flara de\u011fil de konu\u015fmas\u0131 i\u00e7inf\u0131rsat verilmemi\u015flere.\u0130\u00e7inde bir yerlerde yang\u0131nlar,u\u00e7urumlar,depremler,\u00e7\u0131\u011flar ve \u00e7\u0131\u011fl\u0131klar bar\u0131nd\u0131ranlara.Sava\u015f\u0131n ortas\u0131nda cephanesi t\u00fckenmi\u015flere.Birilerinin g\u00f6rmezden geldi\u011fi \u015feyler i\u00e7inci\u011ferlerini \u00e7\u00fcr\u00fctenlere.\u0130hanetlerin, kavgalar\u0131n, \u00e7\u0131karlar\u0131n,samimiyetsizliklerin<span class=\"excerpt-hellip\"> [\u2026]<\/span><\/p>\n","protected":false},"featured_media":0,"template":"","meta":{"_monsterinsights_skip_tracking":false,"_monsterinsights_sitenote_active":false,"_monsterinsights_sitenote_note":"","_monsterinsights_sitenote_category":0},"product_brand":[],"product_cat":[12777,12291],"product_tag":[],"class_list":{"0":"post-706869","1":"product","2":"type-product","3":"status-publish","5":"product_cat-deneme","6":"product_cat-edebiyat","7":"pa_cilt-ciltsiz","8":"pa_tur-kitap","9":"pa_yayinevi-dokuz-yayinlari","10":"pa_yazar-nursen-yildirim","12":"first","13":"instock","14":"sale","15":"shipping-taxable","16":"purchasable","17":"product-type-simple"},"_links":{"self":[{"href":"https:\/\/roveyayinevi.com.tr\/index.php\/wp-json\/wp\/v2\/product\/706869","targetHints":{"allow":["GET"]}}],"collection":[{"href":"https:\/\/roveyayinevi.com.tr\/index.php\/wp-json\/wp\/v2\/product"}],"about":[{"href":"https:\/\/roveyayinevi.com.tr\/index.php\/wp-json\/wp\/v2\/types\/product"}],"wp:attachment":[{"href":"https:\/\/roveyayinevi.com.tr\/index.php\/wp-json\/wp\/v2\/media?parent=706869"}],"wp:term":[{"taxonomy":"product_brand","embeddable":true,"href":"https:\/\/roveyayinevi.com.tr\/index.php\/wp-json\/wp\/v2\/product_brand?post=706869"},{"taxonomy":"product_cat","embeddable":true,"href":"https:\/\/roveyayinevi.com.tr\/index.php\/wp-json\/wp\/v2\/product_cat?post=706869"},{"taxonomy":"product_tag","embeddable":true,"href":"https:\/\/roveyayinevi.com.tr\/index.php\/wp-json\/wp\/v2\/product_tag?post=706869"}],"curies":[{"name":"wp","href":"https:\/\/api.w.org\/{rel}","templated":true}]}}