{"id":706868,"date":"2025-08-27T16:00:38","date_gmt":"2025-08-27T13:00:38","guid":{"rendered":"https:\/\/roveyayinevi.com.tr\/index.php\/urun\/yaratik-ogretmen-cildirdi\/"},"modified":"2026-04-16T02:15:38","modified_gmt":"2026-04-15T23:15:38","slug":"yaratik-ogretmen-cildirdi","status":"publish","type":"product","link":"https:\/\/roveyayinevi.com.tr\/index.php\/urun\/yaratik-ogretmen-cildirdi\/","title":{"rendered":"Yarat\u0131k \u00d6\u011fretmen \u00c7\u0131ld\u0131rd\u0131"},"content":{"rendered":"<p>\u0130ngiltere&#8217;de Oxford taraf\u0131ndan bas\u0131lan ve yay\u0131n haklar\u0131 pek \u00e7ok \u00fclkeye sat\u0131lan Yarat\u0131k \u00d6\u011fretmen serisinin ikinci kitab\u0131 Yarat\u0131k \u00d6\u011fretmen \u00c7\u0131ld\u0131rd\u0131 da t\u0131pk\u0131 ilk kitap gibi \u00e7ocuklara &#8220;devasa e\u011flence&#8221; vaat ediyor. Jake ve s\u0131n\u0131f\u0131, Wilf&#8217;in Vah\u015fi Macera Park\u0131&#8217;n\u0131n a\u00e7\u0131l\u0131\u015f\u0131na gidiyor. Bu \u00e7\u0131lg\u0131n park muhte\u015fem oyunlarla dolu ama en sevdikleri \u00f6\u011fretmenleri Bay Hyde&#8217;\u0131n Yarat\u0131k&#8217;a d\u00f6n\u00fc\u015fmesiyle i\u015fler \u00e7\u0131\u011f\u0131r\u0131ndan \u00e7\u0131k\u0131yor, karma\u015fa ba\u015fl\u0131yor! Jake ve arkada\u015flar\u0131, g\u00f6zden kaybolan Yarat\u0131k&#8217;\u0131 bulup, \u00f6\u011fretmenleri hakk\u0131ndaki ger\u00e7ek ortaya \u00e7\u0131kmadan \u00f6nce yeniden Bay Hyde&#8217;a d\u00f6n\u00fc\u015fmesini sa\u011flayabilecekler mi? Son s\u00fcrat akan bir nehirde yol almak kadar heyecan verici ve takla atan timsah kadar e\u011flenceli bir maceraya haz\u0131r olun! \ufffcTan\u0131t\u0131m Metni<\/p>\n","protected":false},"excerpt":{"rendered":"<p>\u0130ngiltere&#8217;de Oxford taraf\u0131ndan bas\u0131lan ve yay\u0131n haklar\u0131 pek \u00e7ok \u00fclkeye sat\u0131lan Yarat\u0131k \u00d6\u011fretmen serisinin ikinci kitab\u0131 Yarat\u0131k \u00d6\u011fretmen \u00c7\u0131ld\u0131rd\u0131 da t\u0131pk\u0131 ilk kitap gibi \u00e7ocuklara &#8220;devasa<span class=\"excerpt-hellip\"> [\u2026]<\/span><\/p>\n","protected":false},"featured_media":0,"template":"","meta":{"_monsterinsights_skip_tracking":false,"_monsterinsights_sitenote_active":false,"_monsterinsights_sitenote_note":"","_monsterinsights_sitenote_category":0},"product_brand":[],"product_cat":[12275,12274],"product_tag":[],"class_list":{"0":"post-706868","1":"product","2":"type-product","3":"status-publish","5":"product_cat-6-12-yas-kitaplari","6":"product_cat-cocuk-ve-genclik-kitaplari","7":"pa_cilt-ciltsiz","8":"pa_tur-kitap","9":"pa_yayinevi-domingo-yayinevi","10":"pa_yazar-sam-watkins","12":"first","13":"instock","14":"sale","15":"shipping-taxable","16":"purchasable","17":"product-type-simple"},"_links":{"self":[{"href":"https:\/\/roveyayinevi.com.tr\/index.php\/wp-json\/wp\/v2\/product\/706868","targetHints":{"allow":["GET"]}}],"collection":[{"href":"https:\/\/roveyayinevi.com.tr\/index.php\/wp-json\/wp\/v2\/product"}],"about":[{"href":"https:\/\/roveyayinevi.com.tr\/index.php\/wp-json\/wp\/v2\/types\/product"}],"wp:attachment":[{"href":"https:\/\/roveyayinevi.com.tr\/index.php\/wp-json\/wp\/v2\/media?parent=706868"}],"wp:term":[{"taxonomy":"product_brand","embeddable":true,"href":"https:\/\/roveyayinevi.com.tr\/index.php\/wp-json\/wp\/v2\/product_brand?post=706868"},{"taxonomy":"product_cat","embeddable":true,"href":"https:\/\/roveyayinevi.com.tr\/index.php\/wp-json\/wp\/v2\/product_cat?post=706868"},{"taxonomy":"product_tag","embeddable":true,"href":"https:\/\/roveyayinevi.com.tr\/index.php\/wp-json\/wp\/v2\/product_tag?post=706868"}],"curies":[{"name":"wp","href":"https:\/\/api.w.org\/{rel}","templated":true}]}}