{"id":706867,"date":"2025-08-27T16:00:38","date_gmt":"2025-08-27T13:00:38","guid":{"rendered":"https:\/\/roveyayinevi.com.tr\/index.php\/urun\/kuantum-sinirinda-yasam\/"},"modified":"2026-04-16T02:15:38","modified_gmt":"2026-04-15T23:15:38","slug":"kuantum-sinirinda-yasam","status":"publish","type":"product","link":"https:\/\/roveyayinevi.com.tr\/index.php\/urun\/kuantum-sinirinda-yasam\/","title":{"rendered":"Kuantum S\u0131n\u0131r\u0131nda Ya\u015fam"},"content":{"rendered":"<p>Kraliyet Akademisi Bilim Kitab\u0131 \u00d6d\u00fcl\u00fc 2015 Finalisti Y\u0131l\u0131n En \u0130yi Bilim Kitab\u0131 -Amazon- &#8220;Kuantum teorisi kar\u015f\u0131s\u0131nda hayrete d\u00fc\u015fmemi\u015f bir kimse, onu an-lamam\u0131\u015f demektir.&#8221;  -Niels Bohr- Ya\u015fam bilinen evrendeki en ola\u011fan\u00fcst\u00fc fenomen. Peki ama nas\u0131l i\u015fliyor? \u0130\u00e7inde bulundu\u011fumuz klonlama ve sentetik biyoloji \u00e7a\u011f\u0131nda dahi \u015fu ger\u00e7ekle y\u00fcz y\u00fczeyiz: bug\u00fcne kadar hi\u00e7 kimse tamamen cans\u0131z bir maddeden canl\u0131 yarata-bilmi\u015f de\u011fil. Ya\u015fam\u0131 olu\u015fturman\u0131n tek yolu h\u00e2l\u00e2 ya\u015fam\u0131n yine kendisi. \u00d6yleyse ya\u015fam\u0131n mayas\u0131na dair hayati bir bile\u015feni g\u00f6zden ka\u00e7\u0131r\u0131yor olabilir miyiz? Richard Dawkins&#8217;in, evrime bak\u0131\u015f\u0131m\u0131z\u0131 t\u00fcmden de\u011fi\u015ftiren kitab\u0131 Gen Bencildir gibi Kuantum S\u0131n\u0131r\u0131nda Ya\u015fam da ya\u015fam dinamiklerine dair anlay\u0131\u015f\u0131m\u0131z\u0131 ba\u015ftan \u015fekillendiriyor. Jim Al-Khalili ve Johnjoe McFadden, birikimlerini benzersiz an-lat\u0131m yetene\u011fiyle bir araya getirerek, g\u00f6zden ka\u00e7\u0131rd\u0131\u011f\u0131m\u0131z bile\u015fenin, varl\u0131klar\u0131n ayn\u0131 anda iki farkl\u0131 yerde bulunabildi\u011fi, hayaletimsi ba\u011flant\u0131lar kurabildi\u011fi ve ge\u00e7ilmez g\u00f6ru?nen engellerin i\u00e7inden ge\u00e7ebildi\u011fi kuantum mekani\u011fi du?nyas\u0131nda gizli oldu\u011funu ortaya koyuyor. Bizleri g\u00f6z al\u0131c\u0131 bir h\u0131zla geli\u015fen ve uygulama-lar\u0131yla \u00e7\u0131\u011f\u0131r a\u00e7mas\u0131 beklenen kuantum biyolojisi ile tan\u0131\u015ft\u0131r\u0131rken muammalar\u0131n en b\u00fcy\u00fc\u011f\u00fc olan &#8220;Ya\u015fam nedir?&#8221; sorusuna yepyeni bir bak\u0131\u015f getiriyor: Ya\u015fam kuantum s\u0131n\u0131r\u0131nda ya\u015far. <\/p>\n","protected":false},"excerpt":{"rendered":"<p>Kraliyet Akademisi Bilim Kitab\u0131 \u00d6d\u00fcl\u00fc 2015 Finalisti Y\u0131l\u0131n En \u0130yi Bilim Kitab\u0131 -Amazon- &#8220;Kuantum teorisi kar\u015f\u0131s\u0131nda hayrete d\u00fc\u015fmemi\u015f bir kimse, onu an-lamam\u0131\u015f demektir.&#8221; -Niels Bohr- Ya\u015fam<span class=\"excerpt-hellip\"> [\u2026]<\/span><\/p>\n","protected":false},"featured_media":0,"template":"","meta":{"_monsterinsights_skip_tracking":false,"_monsterinsights_sitenote_active":false,"_monsterinsights_sitenote_note":"","_monsterinsights_sitenote_category":0},"product_brand":[],"product_cat":[13005,15998],"product_tag":[],"class_list":{"0":"post-706867","1":"product","2":"type-product","3":"status-publish","5":"product_cat-bilim-muhendislik","6":"product_cat-bilim-tarihi","7":"pa_cilt-ciltsiz","8":"pa_tur-kitap","9":"pa_yayinevi-domingo-yayinevi","10":"pa_yazar-johnjoe-mcfadden","12":"first","13":"instock","14":"sale","15":"shipping-taxable","16":"purchasable","17":"product-type-simple"},"_links":{"self":[{"href":"https:\/\/roveyayinevi.com.tr\/index.php\/wp-json\/wp\/v2\/product\/706867","targetHints":{"allow":["GET"]}}],"collection":[{"href":"https:\/\/roveyayinevi.com.tr\/index.php\/wp-json\/wp\/v2\/product"}],"about":[{"href":"https:\/\/roveyayinevi.com.tr\/index.php\/wp-json\/wp\/v2\/types\/product"}],"wp:attachment":[{"href":"https:\/\/roveyayinevi.com.tr\/index.php\/wp-json\/wp\/v2\/media?parent=706867"}],"wp:term":[{"taxonomy":"product_brand","embeddable":true,"href":"https:\/\/roveyayinevi.com.tr\/index.php\/wp-json\/wp\/v2\/product_brand?post=706867"},{"taxonomy":"product_cat","embeddable":true,"href":"https:\/\/roveyayinevi.com.tr\/index.php\/wp-json\/wp\/v2\/product_cat?post=706867"},{"taxonomy":"product_tag","embeddable":true,"href":"https:\/\/roveyayinevi.com.tr\/index.php\/wp-json\/wp\/v2\/product_tag?post=706867"}],"curies":[{"name":"wp","href":"https:\/\/api.w.org\/{rel}","templated":true}]}}