{"id":706866,"date":"2025-08-27T16:00:38","date_gmt":"2025-08-27T13:00:38","guid":{"rendered":"https:\/\/roveyayinevi.com.tr\/index.php\/urun\/babamin-emaneti\/"},"modified":"2025-12-30T10:01:50","modified_gmt":"2025-12-30T07:01:50","slug":"babamin-emaneti","status":"publish","type":"product","link":"https:\/\/roveyayinevi.com.tr\/index.php\/urun\/babamin-emaneti\/","title":{"rendered":"Babam\u0131n Emaneti"},"content":{"rendered":"<p>Zaman herkesten e\u015fit \u00e7alm\u0131yor hayat\u0131, kiminden az al\u0131yor kiminden \u00e7ok. Herkes ayn\u0131 b\u00fcy\u00fcm\u00fcyor ve herkes ayn\u0131 ya\u015flanm\u0131yor bu y\u00fczden&#8230;\u201cBabam\u0131n Emaneti\u201d sahici ve i\u00e7tenlikli bir ilk roman.Sa\u011flam bir i\u00e7 hesapla\u015fma&#8230;Tarih\u00e7i olmak idealiyle \u00fcniversite okumu\u015f ancak babas\u0131n\u0131n ona emanet etti\u011fi pastaneye sahip \u00e7\u0131kabilmek i\u00e7in kendini ge\u00e7mi\u015fe hapsetmi\u015f gen\u00e7 bir adam\u0131n a\u015fk, intikam, oyunbozanl\u0131k, hainlik ve korkuyla y\u00fczle\u015fmesi, onu haz\u0131r olmad\u0131\u011f\u0131 yeni bir hayata s\u00fcr\u00fckl\u00fcyor.Geni\u015f bir karanl\u0131k, dipsiz bir yaln\u0131zl\u0131k i\u00e7indedir Poyraz. Ge\u00e7mi\u015f ona s\u0131k\u0131c\u0131, bask\u0131c\u0131 ve bo\u011fucu gelse de g\u00fcvenlidir, \u00e7\u00fcnk\u00fc tan\u0131d\u0131kt\u0131r. Oysa gelecek \u00f6yle de\u011fil.Bir g\u00fcn, \u00e7al\u0131\u015ft\u0131\u011f\u0131 pastaneye m\u00fc\u015fteri olarak gelen R\u00fcya, Poyraz\u2019\u0131 giderek ge\u00e7mi\u015finden uzakla\u015ft\u0131r\u0131r. Mizac\u0131na yap\u0131\u015fm\u0131\u015f \u00e7ocuksu iyili\u011fini gittik\u00e7e kaybetti\u011finin fark\u0131nda bile olmayan Poyraz, hayat\u0131nda hi\u00e7bir \u015feyin asl\u0131nda g\u00f6r\u00fcnd\u00fc\u011f\u00fc gibi olmad\u0131\u011f\u0131yla y\u00fczle\u015fir.Ne \u00e7ocukluk arkada\u015f\u0131 Uygar bunca y\u0131ld\u0131r tan\u0131y\u0131p g\u00fcvendi\u011fi insand\u0131r ne de kalbini verdi\u011fi R\u00fcya hayalindeki kad\u0131nd\u0131r.Naif polisiyesiyle oldu\u011fu kadar psikolojik tahlilleriyle de \u00f6ne \u00e7\u0131kan \u201cBabam\u0131n Emaneti\u201d eski \u0130stanbul semtlerine yeniden hayat \u00fcfleyen nostaljik dokusuyla da doyumsuz bir okuma ser\u00fcveni vaat ediyor. <\/p>\n","protected":false},"excerpt":{"rendered":"<p>Zaman herkesten e\u015fit \u00e7alm\u0131yor hayat\u0131, kiminden az al\u0131yor kiminden \u00e7ok. Herkes ayn\u0131 b\u00fcy\u00fcm\u00fcyor ve herkes ayn\u0131 ya\u015flanm\u0131yor bu y\u00fczden&#8230;\u201cBabam\u0131n Emaneti\u201d sahici ve i\u00e7tenlikli bir ilk roman.Sa\u011flam<span class=\"excerpt-hellip\"> [\u2026]<\/span><\/p>\n","protected":false},"featured_media":0,"template":"","meta":{"_monsterinsights_skip_tracking":false,"_monsterinsights_sitenote_active":false,"_monsterinsights_sitenote_note":"","_monsterinsights_sitenote_category":0},"product_brand":[],"product_cat":[12291,12711],"product_tag":[],"class_list":{"0":"post-706866","1":"product","2":"type-product","3":"status-publish","5":"product_cat-edebiyat","6":"product_cat-roman-oyku","7":"pa_cilt-ciltsiz","8":"pa_tur-kitap","9":"pa_yayinevi-destek-yayinlari","10":"pa_yazar-poyraz-demir","12":"first","13":"outofstock","14":"sale","15":"shipping-taxable","16":"purchasable","17":"product-type-simple"},"_links":{"self":[{"href":"https:\/\/roveyayinevi.com.tr\/index.php\/wp-json\/wp\/v2\/product\/706866","targetHints":{"allow":["GET"]}}],"collection":[{"href":"https:\/\/roveyayinevi.com.tr\/index.php\/wp-json\/wp\/v2\/product"}],"about":[{"href":"https:\/\/roveyayinevi.com.tr\/index.php\/wp-json\/wp\/v2\/types\/product"}],"wp:attachment":[{"href":"https:\/\/roveyayinevi.com.tr\/index.php\/wp-json\/wp\/v2\/media?parent=706866"}],"wp:term":[{"taxonomy":"product_brand","embeddable":true,"href":"https:\/\/roveyayinevi.com.tr\/index.php\/wp-json\/wp\/v2\/product_brand?post=706866"},{"taxonomy":"product_cat","embeddable":true,"href":"https:\/\/roveyayinevi.com.tr\/index.php\/wp-json\/wp\/v2\/product_cat?post=706866"},{"taxonomy":"product_tag","embeddable":true,"href":"https:\/\/roveyayinevi.com.tr\/index.php\/wp-json\/wp\/v2\/product_tag?post=706866"}],"curies":[{"name":"wp","href":"https:\/\/api.w.org\/{rel}","templated":true}]}}