{"id":706865,"date":"2025-08-27T16:00:37","date_gmt":"2025-08-27T13:00:37","guid":{"rendered":"https:\/\/roveyayinevi.com.tr\/index.php\/urun\/beni-odulle-cezalandirma\/"},"modified":"2026-04-16T02:15:38","modified_gmt":"2026-04-15T23:15:38","slug":"beni-odulle-cezalandirma","status":"publish","type":"product","link":"https:\/\/roveyayinevi.com.tr\/index.php\/urun\/beni-odulle-cezalandirma\/","title":{"rendered":"Beni \u00d6d\u00fclle Cezaland\u0131rma"},"content":{"rendered":"<p>\u00c7ocuk E\u011fitiminde Do\u011fru Bildi\u011fimiz Yanl\u0131\u015flar!Acaba \u00f6d\u00fclle ilgili t\u00fcm bildiklerimiz yanl\u0131\u015f m\u0131? \u00d6d\u00fcl, neden motivasyonu d\u00fc\u015f\u00fcr\u00fcr? \u00d6d\u00fclle de\u011ferler neden \u00f6\u011fretilemez?\u00d6d\u00fcl, yarat\u0131c\u0131l\u0131\u011f\u0131 neden olumsuz etkiler?\u00d6d\u00fcl, yapay sevginin bir g\u00f6stergesi midir? \u00d6d\u00fclle b\u00fcy\u00fcyen \u00e7ocuklar\u0131 ne t\u00fcr tehlikeler bekler?Mutlu ve ba\u015far\u0131l\u0131 bir \u00e7ocuk ger\u00e7ekte nas\u0131l yeti\u015ftirilir?Bunun gibi merak edilen bir\u00e7ok sorunun yan\u0131t\u0131n\u0131 e\u011fitim bilimci Dr. \u00d6zg\u00fcr Bolat, son 70 y\u0131lda yap\u0131lan bilimsel ara\u015ft\u0131rma ve ger\u00e7ek vakalarla net bir \u015fekilde ortaya koyuyor. Dr. \u00d6zg\u00fcr Bolat, sadece \u00f6d\u00fcl\u00fcn g\u00f6r\u00fcnmeyen gizli zararlar\u0131n\u0131 anlatm\u0131yor; bizlere bir model, pratik \u00e7\u00f6z\u00fcmler ve uygulamalar \u00f6neriyor. K\u0131lavuz niteli\u011findeki bu kitab\u0131 okudu\u011funuzda mutlu, \u00f6zg\u00fcvenli, sorumluluk sahibi ve ba\u015far\u0131l\u0131 bir \u00e7ocuk yeti\u015ftirmek i\u00e7in \u00f6nemli bir ad\u0131m atm\u0131\u015f olacak, \u00e7ocu\u011funuzla ili\u015fkinizde anlaml\u0131 de\u011fi\u015fiklikler ya\u015fayacaks\u0131n\u0131z.<\/p>\n","protected":false},"excerpt":{"rendered":"<p>\u00c7ocuk E\u011fitiminde Do\u011fru Bildi\u011fimiz Yanl\u0131\u015flar!Acaba \u00f6d\u00fclle ilgili t\u00fcm bildiklerimiz yanl\u0131\u015f m\u0131? \u00d6d\u00fcl, neden motivasyonu d\u00fc\u015f\u00fcr\u00fcr? \u00d6d\u00fclle de\u011ferler neden \u00f6\u011fretilemez?\u00d6d\u00fcl, yarat\u0131c\u0131l\u0131\u011f\u0131 neden olumsuz etkiler?\u00d6d\u00fcl, yapay sevginin bir<span class=\"excerpt-hellip\"> [\u2026]<\/span><\/p>\n","protected":false},"featured_media":0,"template":"","meta":{"_monsterinsights_skip_tracking":false,"_monsterinsights_sitenote_active":false,"_monsterinsights_sitenote_note":"","_monsterinsights_sitenote_category":0},"product_brand":[],"product_cat":[17996,12364],"product_tag":[],"class_list":{"0":"post-706865","1":"product","2":"type-product","3":"status-publish","5":"product_cat-ebeveyn-kitaplari","6":"product_cat-genel-konular","7":"pa_cilt-ciltsiz","8":"pa_tur-kitap","9":"pa_yayinevi-dogan-kitap","10":"pa_yazar-ozgur-bolat","12":"first","13":"instock","14":"sale","15":"shipping-taxable","16":"purchasable","17":"product-type-simple"},"_links":{"self":[{"href":"https:\/\/roveyayinevi.com.tr\/index.php\/wp-json\/wp\/v2\/product\/706865","targetHints":{"allow":["GET"]}}],"collection":[{"href":"https:\/\/roveyayinevi.com.tr\/index.php\/wp-json\/wp\/v2\/product"}],"about":[{"href":"https:\/\/roveyayinevi.com.tr\/index.php\/wp-json\/wp\/v2\/types\/product"}],"wp:attachment":[{"href":"https:\/\/roveyayinevi.com.tr\/index.php\/wp-json\/wp\/v2\/media?parent=706865"}],"wp:term":[{"taxonomy":"product_brand","embeddable":true,"href":"https:\/\/roveyayinevi.com.tr\/index.php\/wp-json\/wp\/v2\/product_brand?post=706865"},{"taxonomy":"product_cat","embeddable":true,"href":"https:\/\/roveyayinevi.com.tr\/index.php\/wp-json\/wp\/v2\/product_cat?post=706865"},{"taxonomy":"product_tag","embeddable":true,"href":"https:\/\/roveyayinevi.com.tr\/index.php\/wp-json\/wp\/v2\/product_tag?post=706865"}],"curies":[{"name":"wp","href":"https:\/\/api.w.org\/{rel}","templated":true}]}}