{"id":706857,"date":"2025-08-27T16:00:35","date_gmt":"2025-08-27T13:00:35","guid":{"rendered":"https:\/\/roveyayinevi.com.tr\/index.php\/urun\/suskunlugun-yuku\/"},"modified":"2026-04-16T02:15:38","modified_gmt":"2026-04-15T23:15:38","slug":"suskunlugun-yuku","status":"publish","type":"product","link":"https:\/\/roveyayinevi.com.tr\/index.php\/urun\/suskunlugun-yuku\/","title":{"rendered":"Suskunlu\u011fun Y\u00fck\u00fc"},"content":{"rendered":"<p>\ufffcSuskunlu\u011fun Y\u00fck\u00fc, Osmanl\u0131-T\u00fcrk D\u00f6nmeleri hakk\u0131nda yaz\u0131lm\u0131\u015f en kapsaml\u0131 ve derin ara\u015ft\u0131rma\u2026 Selanikli D\u00f6nmeler her zaman merak uyand\u0131rd\u0131. D\u00f6nmeleri saran s\u0131r perdesini aralamaya \u00e7al\u0131\u015fanlar isimlerin tespitiyle, komplo teorileriyle ilgilendiler \u00e7o\u011fu zaman. Ancak D\u00f6nme kimli\u011finin do\u011fu\u015fu ve y\u00fczy\u0131llar i\u00e7indeki evrimi etrafl\u0131ca hi\u00e7 anlat\u0131lmad\u0131. Suskunlu\u011fun Y\u00fck\u00fc 17. y\u00fczy\u0131lda Haham Sabatay Sevi&#8217;nin ba\u015flatt\u0131\u011f\u0131 hareketi, d\u00fcnyan\u0131n \u00e7e\u015fitli b\u00f6lgelerine yay\u0131lan etkileriyle ele al\u0131yor. Dr. Cengiz \u015ei\u015fman, Sabatay Sevi&#8217;nin 1666&#8217;da \u0130slam&#8217;\u0131 se\u00e7mesiyle do\u011fan D\u00f6nme toplumunun gizli Yahudi-\u0130slami kimli\u011finin nas\u0131l olu\u015ftu\u011funu, d\u00f6n\u00fc\u015ft\u00fc\u011f\u00fcn\u00fc ve bug\u00fcn nerede durdu\u011funu zengin bir ara\u015ft\u0131rmayla ortaya koyuyor. Suskunlu\u011fun Y\u00fck\u00fc, Osmanl\u0131-T\u00fcrk D\u00f6nmeleri hakk\u0131nda bug\u00fcne kadar yaz\u0131lm\u0131\u015f en kapsaml\u0131 ve derinlemesine ara\u015ft\u0131rma\u2026 Dr. Cengiz \u015ei\u015fman hem Yahudilik ile \u0130slam hem de Osmanl\u0131 tarihi bilgisi ve filolojik yeterlili\u011fiyle Sabatayc\u0131l\u0131k tarihi \u00fczerinde y\u0131llarca \u00e7al\u0131\u015fm\u0131\u015f, ar\u015fivlerde vakit ge\u00e7irmi\u015f, \u015fifahi k\u00fclt\u00fcr kaynaklar\u0131ndan yararlanm\u0131\u015f ve sonu\u00e7ta d\u00fcnya \u00e7ap\u0131nda bir eser ortaya \u00e7\u0131karm\u0131\u015ft\u0131r. Bu ayd\u0131nlat\u0131c\u0131 eser sadece Sabatayc\u0131l\u0131k i\u00e7in de\u011fil, Yahudilik, Osmanl\u0131 ve T\u00fcrk tarihleri i\u00e7in de \u00e7ok \u00f6nemli bir vesika mahiyetindedir. -\u0130lber Ortayl\u0131- (Tan\u0131t\u0131m B\u00fclteninden)<\/p>\n","protected":false},"excerpt":{"rendered":"<p>\ufffcSuskunlu\u011fun Y\u00fck\u00fc, Osmanl\u0131-T\u00fcrk D\u00f6nmeleri hakk\u0131nda yaz\u0131lm\u0131\u015f en kapsaml\u0131 ve derin ara\u015ft\u0131rma\u2026 Selanikli D\u00f6nmeler her zaman merak uyand\u0131rd\u0131. D\u00f6nmeleri saran s\u0131r perdesini aralamaya \u00e7al\u0131\u015fanlar isimlerin tespitiyle, komplo<span class=\"excerpt-hellip\"> [\u2026]<\/span><\/p>\n","protected":false},"featured_media":0,"template":"","meta":{"_monsterinsights_skip_tracking":false,"_monsterinsights_sitenote_active":false,"_monsterinsights_sitenote_note":"","_monsterinsights_sitenote_category":0},"product_brand":[],"product_cat":[12312,12304],"product_tag":[],"class_list":{"0":"post-706857","1":"product","2":"type-product","3":"status-publish","5":"product_cat-diger","6":"product_cat-tarih","7":"pa_cilt-ciltsiz","8":"pa_tur-kitap","9":"pa_yayinevi-dogan-kitap","10":"pa_yazar-cengiz-sisman","12":"first","13":"instock","14":"sale","15":"shipping-taxable","16":"purchasable","17":"product-type-simple"},"_links":{"self":[{"href":"https:\/\/roveyayinevi.com.tr\/index.php\/wp-json\/wp\/v2\/product\/706857","targetHints":{"allow":["GET"]}}],"collection":[{"href":"https:\/\/roveyayinevi.com.tr\/index.php\/wp-json\/wp\/v2\/product"}],"about":[{"href":"https:\/\/roveyayinevi.com.tr\/index.php\/wp-json\/wp\/v2\/types\/product"}],"wp:attachment":[{"href":"https:\/\/roveyayinevi.com.tr\/index.php\/wp-json\/wp\/v2\/media?parent=706857"}],"wp:term":[{"taxonomy":"product_brand","embeddable":true,"href":"https:\/\/roveyayinevi.com.tr\/index.php\/wp-json\/wp\/v2\/product_brand?post=706857"},{"taxonomy":"product_cat","embeddable":true,"href":"https:\/\/roveyayinevi.com.tr\/index.php\/wp-json\/wp\/v2\/product_cat?post=706857"},{"taxonomy":"product_tag","embeddable":true,"href":"https:\/\/roveyayinevi.com.tr\/index.php\/wp-json\/wp\/v2\/product_tag?post=706857"}],"curies":[{"name":"wp","href":"https:\/\/api.w.org\/{rel}","templated":true}]}}