{"id":706855,"date":"2025-08-27T16:00:34","date_gmt":"2025-08-27T13:00:34","guid":{"rendered":"https:\/\/roveyayinevi.com.tr\/index.php\/urun\/muzikli-turkiye-yolculugu-denizden-korkan-su\/"},"modified":"2025-11-22T03:55:15","modified_gmt":"2025-11-22T00:55:15","slug":"muzikli-turkiye-yolculugu-denizden-korkan-su","status":"publish","type":"product","link":"https:\/\/roveyayinevi.com.tr\/index.php\/urun\/muzikli-turkiye-yolculugu-denizden-korkan-su\/","title":{"rendered":"M\u00fczikli T\u00fcrkiye Yolculu\u011fu &#8211; Denizden Korkan Su"},"content":{"rendered":"<p>Nefis m\u00fcziklerle keyifli bir T\u00fcrkiye yolculu\u011funa haz\u0131r m\u0131s\u0131n\u0131z? T\u00fcrkiye\u2019nin 7 b\u00f6lgesini, 7 farkl\u0131 hik\u00e2ye ve t\u00fcrk\u00fcler e\u015fli\u011finde gezdiren bu CD\u2019li kitap serisi sayesinde \u00e7ocuklar \u00fclkeleri ve k\u00fclt\u00fcrleriyle tan\u0131\u015facaklar. Her kitapta b\u00f6lgenin kendi ezgilerini duyarak fantastik bir maceraya \u00e7\u0131kacaklar. E\u011flenceli ve s\u00fcrprizli efektlerle haz\u0131rlanan seslendirmelerde, bir radyo tiyatrosu gibi hik\u00e2yeyi dinleyebilecekler.Bora ile kuzeni Ay\u015fe \u00e7ok heyecanl\u0131yd\u0131lar.Mandalina kokular\u0131 ve \u00e7a\u011flayan nehirler e\u015fli\u011finde Antalya\u2019dan Hatay\u2019a dek Akdeniz B\u00f6lgesi\u2019ni gezecekleri bir yolculu\u011fa \u00e7\u0131kacaklard\u0131. Yola koyulduktan k\u0131sa bir s\u00fcre sonra, Karain Ma\u011faras\u0131\u2019n\u0131 ziyaret ettikleri s\u0131rada, i\u00e7eride tutsak kalm\u0131\u015f minik bir su birikintisiyle kar\u015f\u0131la\u015ft\u0131lar.\u0130ki kuzen ona yard\u0131m etmek i\u00e7in kollar\u0131 s\u0131vad\u0131 ve k\u00fc\u00e7\u00fck dostlar\u0131n\u0131n bir an \u00f6nce yuvas\u0131na kavu\u015fabilmesi i\u00e7in heyecanl\u0131 maceralara at\u0131ld\u0131lar. Fakat o da ne! Bizim minik su birikintisi denizden biraz korkuyor muydu yoksa?<\/p>\n","protected":false},"excerpt":{"rendered":"<p>Nefis m\u00fcziklerle keyifli bir T\u00fcrkiye yolculu\u011funa haz\u0131r m\u0131s\u0131n\u0131z? T\u00fcrkiye\u2019nin 7 b\u00f6lgesini, 7 farkl\u0131 hik\u00e2ye ve t\u00fcrk\u00fcler e\u015fli\u011finde gezdiren bu CD\u2019li kitap serisi sayesinde \u00e7ocuklar \u00fclkeleri ve<span class=\"excerpt-hellip\"> [\u2026]<\/span><\/p>\n","protected":false},"featured_media":0,"template":"","meta":{"_monsterinsights_skip_tracking":false,"_monsterinsights_sitenote_active":false,"_monsterinsights_sitenote_note":"","_monsterinsights_sitenote_category":0},"product_brand":[],"product_cat":[12275,12274],"product_tag":[],"class_list":{"0":"post-706855","1":"product","2":"type-product","3":"status-publish","5":"product_cat-6-12-yas-kitaplari","6":"product_cat-cocuk-ve-genclik-kitaplari","7":"pa_cilt-ciltsiz","8":"pa_tur-kitap","9":"pa_yayinevi-dogan-egmont-yayincilik","10":"pa_yazar-nihan-ucar","12":"first","13":"instock","14":"sale","15":"shipping-taxable","16":"purchasable","17":"product-type-simple"},"_links":{"self":[{"href":"https:\/\/roveyayinevi.com.tr\/index.php\/wp-json\/wp\/v2\/product\/706855","targetHints":{"allow":["GET"]}}],"collection":[{"href":"https:\/\/roveyayinevi.com.tr\/index.php\/wp-json\/wp\/v2\/product"}],"about":[{"href":"https:\/\/roveyayinevi.com.tr\/index.php\/wp-json\/wp\/v2\/types\/product"}],"wp:attachment":[{"href":"https:\/\/roveyayinevi.com.tr\/index.php\/wp-json\/wp\/v2\/media?parent=706855"}],"wp:term":[{"taxonomy":"product_brand","embeddable":true,"href":"https:\/\/roveyayinevi.com.tr\/index.php\/wp-json\/wp\/v2\/product_brand?post=706855"},{"taxonomy":"product_cat","embeddable":true,"href":"https:\/\/roveyayinevi.com.tr\/index.php\/wp-json\/wp\/v2\/product_cat?post=706855"},{"taxonomy":"product_tag","embeddable":true,"href":"https:\/\/roveyayinevi.com.tr\/index.php\/wp-json\/wp\/v2\/product_tag?post=706855"}],"curies":[{"name":"wp","href":"https:\/\/api.w.org\/{rel}","templated":true}]}}