{"id":706854,"date":"2025-08-27T16:00:33","date_gmt":"2025-08-27T13:00:33","guid":{"rendered":"https:\/\/roveyayinevi.com.tr\/index.php\/urun\/11-sinif-turk-edebiyati-ozet\/"},"modified":"2026-04-16T02:15:38","modified_gmt":"2026-04-15T23:15:38","slug":"11-sinif-turk-edebiyati-ozet","status":"publish","type":"product","link":"https:\/\/roveyayinevi.com.tr\/index.php\/urun\/11-sinif-turk-edebiyati-ozet\/","title":{"rendered":"11. S\u0131n\u0131f T\u00fcrk Edebiyat\u0131 \u00d6zet"},"content":{"rendered":"<p>11.S\u0131n\u0131f T\u00fcrk Edebiyat\u0131 Konu \u00d6zetli \u00c7\u00f6z\u00fcml\u00fc Soru Bankas\u0131 Delta K\u00fclt\u00fcr Yay\u0131nlar\u0131 \ufffcTan\u0131t\u0131m Metni<\/p>\n","protected":false},"excerpt":{"rendered":"<p>11.S\u0131n\u0131f T\u00fcrk Edebiyat\u0131 Konu \u00d6zetli \u00c7\u00f6z\u00fcml\u00fc Soru Bankas\u0131 Delta K\u00fclt\u00fcr Yay\u0131nlar\u0131 \ufffcTan\u0131t\u0131m Metni<\/p>\n","protected":false},"featured_media":0,"template":"","meta":{"_monsterinsights_skip_tracking":false,"_monsterinsights_sitenote_active":false,"_monsterinsights_sitenote_note":"","_monsterinsights_sitenote_category":0},"product_brand":[],"product_cat":[12566,43675,13473],"product_tag":[],"class_list":{"0":"post-706854","1":"product","2":"type-product","3":"status-publish","5":"product_cat-egitim","6":"product_cat-lise-yardimci-kitaplari","7":"product_cat-sinavlara-hazirlik-okula-yardimci-kaynaklar","8":"pa_cilt-ciltsiz","9":"pa_tur-kitap","10":"pa_yayinevi-delta-kultur-yayinevi","11":"pa_yazar-tufan-sahin","13":"first","14":"instock","15":"sale","16":"shipping-taxable","17":"purchasable","18":"product-type-simple"},"_links":{"self":[{"href":"https:\/\/roveyayinevi.com.tr\/index.php\/wp-json\/wp\/v2\/product\/706854","targetHints":{"allow":["GET"]}}],"collection":[{"href":"https:\/\/roveyayinevi.com.tr\/index.php\/wp-json\/wp\/v2\/product"}],"about":[{"href":"https:\/\/roveyayinevi.com.tr\/index.php\/wp-json\/wp\/v2\/types\/product"}],"wp:attachment":[{"href":"https:\/\/roveyayinevi.com.tr\/index.php\/wp-json\/wp\/v2\/media?parent=706854"}],"wp:term":[{"taxonomy":"product_brand","embeddable":true,"href":"https:\/\/roveyayinevi.com.tr\/index.php\/wp-json\/wp\/v2\/product_brand?post=706854"},{"taxonomy":"product_cat","embeddable":true,"href":"https:\/\/roveyayinevi.com.tr\/index.php\/wp-json\/wp\/v2\/product_cat?post=706854"},{"taxonomy":"product_tag","embeddable":true,"href":"https:\/\/roveyayinevi.com.tr\/index.php\/wp-json\/wp\/v2\/product_tag?post=706854"}],"curies":[{"name":"wp","href":"https:\/\/api.w.org\/{rel}","templated":true}]}}