{"id":706846,"date":"2025-08-27T16:00:30","date_gmt":"2025-08-27T13:00:30","guid":{"rendered":"https:\/\/roveyayinevi.com.tr\/index.php\/urun\/nedensiz\/"},"modified":"2026-04-15T02:20:44","modified_gmt":"2026-04-14T23:20:44","slug":"nedensiz","status":"publish","type":"product","link":"https:\/\/roveyayinevi.com.tr\/index.php\/urun\/nedensiz\/","title":{"rendered":"Nedensiz"},"content":{"rendered":"<p>Bu kitap ki\u015fisel geli\u015fim \u00fczerine yaz\u0131lmad\u0131&#8230; Yava\u015f yava\u015f de\u011fil, evrimsel hi\u00e7 de\u011fil&#8230; \u015eimdi \u015fu anda karar vermen i\u00e7in yaz\u0131ld\u0131. Haz\u0131r m\u0131s\u0131n?\u201cBir olu\u015fum i\u00e7inde olan her \u015fey g\u00fczel, olu\u015fan her \u015fey \u00f6l\u00fcd\u00fcr. Neden diye soran ge\u00e7mi\u015ftir, bitmi\u015ftir. Sadece olan, oldu\u011funu g\u00f6ren y\u00fccedir. G\u00fczel, ne g\u00fczel diyen rutindir.Arkas\u0131ndaki hakikati g\u00f6ren y\u00fccedir. Seviyorum diyen yalanla kendini avutand\u0131r. Sevgi olan ilahidir. Bunlar\u0131 anlayan, ne anlad\u0131\u011f\u0131n\u0131 bilen ve b\u00f6yle ya\u015fayan el hakt\u0131r. Gerisi \u00e7oktan ge\u00e7mi\u015fin hat\u0131ra defterine yaz\u0131lan kader, kaderimdir.\u201d25 y\u0131l \u00e7okuluslu firmalarda \u00fcst d\u00fczey g\u00f6revlerde bulunduktan sonra; kurumlara, kurulu\u015flara ve ki\u015filere ama\u00e7lar\u0131na ula\u015fmalar\u0131 i\u00e7in dan\u0131\u015fmanl\u0131k, e\u011fitim ve organizasyonlarda destek veren Asemble firmas\u0131n\u0131 ve 2014 y\u0131l\u0131nda Live Consulting &amp; Academy\u2019yi kurmu\u015ftur. Gen\u00e7lerin meslek sahibi olmalar\u0131, kendilerine olan inan\u00e7lar\u0131n\u0131 art\u0131rmalar\u0131 ve toplumun refah seviyesini y\u00fckseltmeleri i\u00e7in, d\u00fcnyada bir ilk olan yeni bir e\u011fitim sistemiyle y\u0131lda on binlerce genci e\u011fiten, meslek ve i\u015f sahibi olmalar\u0131n\u0131 sa\u011flayan Pazarlama Sat\u0131\u015f Okulum\u2019un kurucusudur. E\u011fitime g\u00f6stermi\u015f oldu\u011fu katk\u0131lardan dolay\u0131 Medici Ni\u015fan\u0131\u2019na lay\u0131k g\u00f6r\u00fclm\u00fc\u015ft\u00fcr. \u0130\u015f d\u00fcnyas\u0131ndaki tecr\u00fcbelerini e\u011fitim ve dan\u0131\u015fmanl\u0131k hizmetleri ile birle\u015ftirerek, \u00e7\u00f6z\u00fcmlerin teknikten \u00e7ok bireyin i\u00e7sel devrimi ile gelece\u011fine inanm\u0131\u015f ve bu y\u00f6nde e\u011fitimler geli\u015ftirmi\u015ftir. Bug\u00fcne kadar liderlik ve pazarlama \u00fczerine y\u00fczlerce seminer vermi\u015ftir. \u201cKi\u015fi kendini de\u011fi\u015ftirme karar\u0131 vermedi\u011fi s\u00fcrece hi\u00e7bir e\u011fitim ve y\u00f6netim metodu ba\u015far\u0131ya ula\u015fmayacakt\u0131r. Sen kendini de\u011fi\u015ftirirsen d\u00fcnya seni izleyecektir.\u201d<\/p>\n","protected":false},"excerpt":{"rendered":"<p>Bu kitap ki\u015fisel geli\u015fim \u00fczerine yaz\u0131lmad\u0131&#8230; Yava\u015f yava\u015f de\u011fil, evrimsel hi\u00e7 de\u011fil&#8230; \u015eimdi \u015fu anda karar vermen i\u00e7in yaz\u0131ld\u0131. Haz\u0131r m\u0131s\u0131n?\u201cBir olu\u015fum i\u00e7inde olan her \u015fey<span class=\"excerpt-hellip\"> [\u2026]<\/span><\/p>\n","protected":false},"featured_media":0,"template":"","meta":{"_monsterinsights_skip_tracking":false,"_monsterinsights_sitenote_active":false,"_monsterinsights_sitenote_note":"","_monsterinsights_sitenote_category":0},"product_brand":[],"product_cat":[12364,12376],"product_tag":[],"class_list":{"0":"post-706846","1":"product","2":"type-product","3":"status-publish","5":"product_cat-genel-konular","6":"product_cat-kisisel-gelisim","7":"pa_cilt-ciltsiz","8":"pa_tur-kitap","9":"pa_yayinevi-destek-yayinlari","10":"pa_yazar-sinan-ergin","12":"first","13":"instock","14":"sale","15":"shipping-taxable","16":"purchasable","17":"product-type-simple"},"_links":{"self":[{"href":"https:\/\/roveyayinevi.com.tr\/index.php\/wp-json\/wp\/v2\/product\/706846","targetHints":{"allow":["GET"]}}],"collection":[{"href":"https:\/\/roveyayinevi.com.tr\/index.php\/wp-json\/wp\/v2\/product"}],"about":[{"href":"https:\/\/roveyayinevi.com.tr\/index.php\/wp-json\/wp\/v2\/types\/product"}],"wp:attachment":[{"href":"https:\/\/roveyayinevi.com.tr\/index.php\/wp-json\/wp\/v2\/media?parent=706846"}],"wp:term":[{"taxonomy":"product_brand","embeddable":true,"href":"https:\/\/roveyayinevi.com.tr\/index.php\/wp-json\/wp\/v2\/product_brand?post=706846"},{"taxonomy":"product_cat","embeddable":true,"href":"https:\/\/roveyayinevi.com.tr\/index.php\/wp-json\/wp\/v2\/product_cat?post=706846"},{"taxonomy":"product_tag","embeddable":true,"href":"https:\/\/roveyayinevi.com.tr\/index.php\/wp-json\/wp\/v2\/product_tag?post=706846"}],"curies":[{"name":"wp","href":"https:\/\/api.w.org\/{rel}","templated":true}]}}