{"id":706845,"date":"2025-08-27T16:00:30","date_gmt":"2025-08-27T13:00:30","guid":{"rendered":"https:\/\/roveyayinevi.com.tr\/index.php\/urun\/es\/"},"modified":"2026-04-16T02:15:37","modified_gmt":"2026-04-15T23:15:37","slug":"es","status":"publish","type":"product","link":"https:\/\/roveyayinevi.com.tr\/index.php\/urun\/es\/","title":{"rendered":"E\u015f"},"content":{"rendered":"<p>Y\u0131l\u0131n En \u0130yi Roman\u0131 Se\u00e7kilerindeVogue &#8211; New Yorker &#8211; Boston Globe &#8211; New York TimesPEN\/Faulkner ve IMPAC Dublin Edebiyat \u00f6d\u00fclleri finalisti&#8221;Tasviri imk\u00e2ns\u0131z&#8230; Etraf\u0131n\u0131zdaki duvarlar\u0131 yerle bir edecek.&#8221; -Flavorwire- Ba\u015flang\u0131\u00e7ta yeterince gen\u00e7, yeterince sersemdirler; kendilerinden ve birbirlerine olan a\u015fklar\u0131ndan emin. Belirsizlikler bile heyecan vericidir. Evlenirler, \u00e7ocuklar\u0131 olur ve aile hayat\u0131n\u0131n ola\u011fan afetleri onlar\u0131 da bulur &#8211; kolik bir bebek, sendeleyen ili\u015fki, pili bitmi\u015f tutku. Yeterince yok say\u0131p duvara toslay\u0131nca kad\u0131n -ki art\u0131k kendinden e\u015f diye bahsetmektedir- ge\u00e7mi\u015fe d\u00f6ner ve Kafka&#8217;n\u0131n, Stoac\u0131lar\u0131n, hatta talihsiz Rus kozmonotlar\u0131n rehberli\u011finde onlar\u0131 bu noktaya getiren ad\u0131mlar\u0131n izini s\u00fcrmeye ba\u015flar. Ta ki neleri tamamen kaybettiklerini ve ellerinde ne kald\u0131\u011f\u0131n\u0131 bulana dek. Jenny Offill&#8217;in pek \u00e7ok dile \u00e7evrilen ve ele\u015ftirmenler taraf\u0131ndan y\u0131l\u0131n en iyileri aras\u0131nda g\u00f6sterilen roman\u0131 E\u015e k\u0131r\u0131k d\u00f6k\u00fck bir a\u015fk hik\u00e2yesi. Bir oturu\u015fta bitirebilece\u011finiz ama yank\u0131s\u0131 zihninizde as\u0131l\u0131 kalacak g\u00fc\u00e7te bir roman. <\/p>\n","protected":false},"excerpt":{"rendered":"<p>Y\u0131l\u0131n En \u0130yi Roman\u0131 Se\u00e7kilerindeVogue &#8211; New Yorker &#8211; Boston Globe &#8211; New York TimesPEN\/Faulkner ve IMPAC Dublin Edebiyat \u00f6d\u00fclleri finalisti&#8221;Tasviri imk\u00e2ns\u0131z&#8230; Etraf\u0131n\u0131zdaki duvarlar\u0131 yerle bir<span class=\"excerpt-hellip\"> [\u2026]<\/span><\/p>\n","protected":false},"featured_media":0,"template":"","meta":{"_monsterinsights_skip_tracking":false,"_monsterinsights_sitenote_active":false,"_monsterinsights_sitenote_note":"","_monsterinsights_sitenote_category":0},"product_brand":[],"product_cat":[12718,18102,12719],"product_tag":[],"class_list":{"0":"post-706845","1":"product","2":"type-product","3":"status-publish","5":"product_cat-din","6":"product_cat-edebiyat-roman","7":"product_cat-islam","8":"pa_cilt-ciltsiz","9":"pa_tur-kitap","10":"pa_yayinevi-domingo-yayinevi","11":"pa_yazar-jenny-offill","13":"first","14":"instock","15":"sale","16":"shipping-taxable","17":"purchasable","18":"product-type-simple"},"_links":{"self":[{"href":"https:\/\/roveyayinevi.com.tr\/index.php\/wp-json\/wp\/v2\/product\/706845","targetHints":{"allow":["GET"]}}],"collection":[{"href":"https:\/\/roveyayinevi.com.tr\/index.php\/wp-json\/wp\/v2\/product"}],"about":[{"href":"https:\/\/roveyayinevi.com.tr\/index.php\/wp-json\/wp\/v2\/types\/product"}],"wp:attachment":[{"href":"https:\/\/roveyayinevi.com.tr\/index.php\/wp-json\/wp\/v2\/media?parent=706845"}],"wp:term":[{"taxonomy":"product_brand","embeddable":true,"href":"https:\/\/roveyayinevi.com.tr\/index.php\/wp-json\/wp\/v2\/product_brand?post=706845"},{"taxonomy":"product_cat","embeddable":true,"href":"https:\/\/roveyayinevi.com.tr\/index.php\/wp-json\/wp\/v2\/product_cat?post=706845"},{"taxonomy":"product_tag","embeddable":true,"href":"https:\/\/roveyayinevi.com.tr\/index.php\/wp-json\/wp\/v2\/product_tag?post=706845"}],"curies":[{"name":"wp","href":"https:\/\/api.w.org\/{rel}","templated":true}]}}